{"id":5114,"date":"2025-12-06T15:57:46","date_gmt":"2025-12-06T07:57:46","guid":{"rendered":"https:\/\/www.purecook.com\/?post_type=product&#038;p=5114"},"modified":"2025-12-06T16:26:10","modified_gmt":"2025-12-06T08:26:10","slug":"wholesale-stainless-steel-food-container","status":"publish","type":"product","link":"https:\/\/www.purecook.com\/pt\/product\/wholesale-stainless-steel-food-container\/","title":{"rendered":"Recipiente de armazenamento de alimentos em a\u00e7o inoxid\u00e1vel por atacado com pega - seguro para micro-ondas"},"content":{"rendered":"<div class=\"wp-block-columns is-layout-flex wp-container-core-columns-is-layout-9d6595d7 wp-block-columns-is-layout-flex\">\n<div class=\"wp-block-column is-layout-flow wp-block-column-is-layout-flow\">\n<h3 class=\"wp-block-heading\">Par\u00e2metros do recipiente de a\u00e7o inoxid\u00e1vel para armazenagem de alimentos<\/h3>\n\n\n\n<p><strong>Material:<\/strong> A\u00e7o inoxid\u00e1vel<br><strong>Espessura normal:<\/strong> 0,5 mm<br><strong>Capacidade:<\/strong> 1.2\/1.6\/1.7\/2.1\/2.3\/3.2\/3.9L<br><strong>Peso:<\/strong> Menos de 1 kg<br><strong>Log\u00f3tipo: <\/strong>Impress\u00e3o em serigrafia\/grava\u00e7\u00e3o a laser<\/p>\n<\/div>\n\n\n\n<div class=\"wp-block-column is-layout-flow wp-block-column-is-layout-flow\">\n<h3 class=\"wp-block-heading\">Op\u00e7\u00f5es de recipientes para alimentos personalizados<\/h3>\n\n\n\n<p><strong>Log\u00f3tipo:<\/strong> Personaliz\u00e1vel com o log\u00f3tipo da sua marca<br><strong>Embalagem:<\/strong>\u00a0Caixa de cor\/caixa de cart\u00e3o, etc<\/p>\n<\/div>\n<\/div>\n\n\n\n<div class=\"wp-block-columns is-layout-flex wp-container-core-columns-is-layout-9d6595d7 wp-block-columns-is-layout-flex\">\n<div class=\"wp-block-column is-layout-flow wp-block-column-is-layout-flow\">\n<figure class=\"wp-block-image size-full\"><img decoding=\"async\" width=\"800\" height=\"800\" src=\"https:\/\/www.purecook.com\/wp-content\/uploads\/2025\/12\/wholesale-stainless-steel-food-containers-2.webp\" alt=\"recipientes para alimentos em a\u00e7o inoxid\u00e1vel por atacado (2)\" class=\"wp-image-5116\" srcset=\"https:\/\/www.purecook.com\/wp-content\/uploads\/2025\/12\/wholesale-stainless-steel-food-containers-2.webp 800w, https:\/\/www.purecook.com\/wp-content\/uploads\/2025\/12\/wholesale-stainless-steel-food-containers-2-300x300.webp 300w, https:\/\/www.purecook.com\/wp-content\/uploads\/2025\/12\/wholesale-stainless-steel-food-containers-2-150x150.webp 150w, https:\/\/www.purecook.com\/wp-content\/uploads\/2025\/12\/wholesale-stainless-steel-food-containers-2-768x768.webp 768w, https:\/\/www.purecook.com\/wp-content\/uploads\/2025\/12\/wholesale-stainless-steel-food-containers-2-12x12.webp 12w, https:\/\/www.purecook.com\/wp-content\/uploads\/2025\/12\/wholesale-stainless-steel-food-containers-2-600x600.webp 600w, https:\/\/www.purecook.com\/wp-content\/uploads\/2025\/12\/wholesale-stainless-steel-food-containers-2-100x100.webp 100w\" sizes=\"(max-width: 800px) 100vw, 800px\" \/><\/figure>\n<\/div>\n\n\n\n<div class=\"wp-block-column is-layout-flow wp-block-column-is-layout-flow\">\n<figure class=\"wp-block-image size-full\"><img decoding=\"async\" width=\"800\" height=\"800\" src=\"https:\/\/www.purecook.com\/wp-content\/uploads\/2025\/12\/wholesale-stainless-steel-food-containers-5.webp\" alt=\"recipientes para alimentos em a\u00e7o inoxid\u00e1vel por atacado (5)\" class=\"wp-image-5119\" srcset=\"https:\/\/www.purecook.com\/wp-content\/uploads\/2025\/12\/wholesale-stainless-steel-food-containers-5.webp 800w, https:\/\/www.purecook.com\/wp-content\/uploads\/2025\/12\/wholesale-stainless-steel-food-containers-5-300x300.webp 300w, https:\/\/www.purecook.com\/wp-content\/uploads\/2025\/12\/wholesale-stainless-steel-food-containers-5-150x150.webp 150w, https:\/\/www.purecook.com\/wp-content\/uploads\/2025\/12\/wholesale-stainless-steel-food-containers-5-768x768.webp 768w, https:\/\/www.purecook.com\/wp-content\/uploads\/2025\/12\/wholesale-stainless-steel-food-containers-5-12x12.webp 12w, https:\/\/www.purecook.com\/wp-content\/uploads\/2025\/12\/wholesale-stainless-steel-food-containers-5-600x600.webp 600w, https:\/\/www.purecook.com\/wp-content\/uploads\/2025\/12\/wholesale-stainless-steel-food-containers-5-100x100.webp 100w\" sizes=\"(max-width: 800px) 100vw, 800px\" \/><\/figure>\n<\/div>\n<\/div>\n\n\n\n<div class=\"wp-block-columns is-layout-flex wp-container-core-columns-is-layout-9d6595d7 wp-block-columns-is-layout-flex\">\n<div class=\"wp-block-column is-layout-flow wp-block-column-is-layout-flow\"><\/div>\n\n\n\n<div class=\"wp-block-column is-layout-flow wp-block-column-is-layout-flow\"><\/div>\n<\/div>","protected":false},"excerpt":{"rendered":"<p>Bem-vindo \u00e0 compra a granel de recipientes de armazenamento de alimentos por atacado. Adequado para micro-ondas. Este recipiente de armazenamento de alimentos em a\u00e7o inoxid\u00e1vel por atacado com al\u00e7a possui for\u00e7a superior, resist\u00eancia \u00e0 corros\u00e3o e durabilidade. Dispon\u00edvel em v\u00e1rios tamanhos para maximizar a efici\u00eancia de armazenamento no seu frigor\u00edfico e cozinha.<\/p>\n<p>Purecook \u00e9 um profissional<a href=\"https:\/\/www.purecook.com\/pt\/categoria-produto\/dinnerware\/food-storage\/\" target=\"_blank\" rel=\"noopener\"><strong> fabricante de recipientes para alimentos em a\u00e7o inoxid\u00e1vel<\/strong><\/a>, com uma grande variedade de tamanhos e estilos. Contacte-nos para obter um cat\u00e1logo e um or\u00e7amento.<\/p>\n<h2>Carater\u00edsticas dos recipientes de armazenamento de alimentos em a\u00e7o inoxid\u00e1vel<\/h2>\n<p><strong>A\u00e7o inoxid\u00e1vel 304 de qualidade alimentar:<\/strong> Os recipientes de armazenamento de alimentos por atacado s\u00e3o feitos de a\u00e7o inoxid\u00e1vel SUS304 de alta qualidade, que \u00e9 seguro, n\u00e3o t\u00f3xico, resistente \u00e0 corros\u00e3o, garante durabilidade a longo prazo e n\u00e3o tem nenhum metal ou odor.<\/p>\n<p><strong>Seguro para micro-ondas (tampa removida):<\/strong> Pode ir ao micro-ondas depois de retirar a tampa.<\/p>\n<p><strong>Constru\u00e7\u00e3o forte e duradoura:<\/strong> Constru\u00eddo com paredes de a\u00e7o inoxid\u00e1vel espessadas, resiste a empenos, amolgadelas e deforma\u00e7\u00f5es, o que o torna ideal para utiliza\u00e7\u00e3o dom\u00e9stica e comercial quotidiana.<\/p>\n<p><strong>M\u00faltiplas op\u00e7\u00f5es de capacidade:<\/strong> Os nossos recipientes de armazenamento de alimentos por grosso est\u00e3o dispon\u00edveis numa variedade de tamanhos para satisfazer diferentes necessidades de armazenamento de alimentos, desde refei\u00e7\u00f5es pr\u00e9-preparadas e sobras at\u00e9 ingredientes a granel em restaurantes e servi\u00e7os de catering.<\/p>\n<p><strong>F\u00e1cil de limpar e de manter:<\/strong> A superf\u00edcie lisa do a\u00e7o inoxid\u00e1vel evita que os alimentos se colem e permite uma limpeza r\u00e1pida e f\u00e1cil \u00e0 m\u00e3o ou na m\u00e1quina de lavar lou\u00e7a.<\/p>","protected":false},"featured_media":5115,"comment_status":"closed","ping_status":"closed","template":"","meta":{"_acf_changed":false},"product_brand":[],"product_cat":[51,25],"product_tag":[],"class_list":{"0":"post-5114","1":"product","2":"type-product","3":"status-publish","4":"has-post-thumbnail","6":"product_cat-dinnerware","7":"product_cat-food-storage","9":"first","10":"instock","11":"shipping-taxable","12":"product-type-simple"},"acf":[],"_links":{"self":[{"href":"https:\/\/www.purecook.com\/pt\/wp-json\/wp\/v2\/product\/5114","targetHints":{"allow":["GET"]}}],"collection":[{"href":"https:\/\/www.purecook.com\/pt\/wp-json\/wp\/v2\/product"}],"about":[{"href":"https:\/\/www.purecook.com\/pt\/wp-json\/wp\/v2\/types\/product"}],"replies":[{"embeddable":true,"href":"https:\/\/www.purecook.com\/pt\/wp-json\/wp\/v2\/comments?post=5114"}],"wp:featuredmedia":[{"embeddable":true,"href":"https:\/\/www.purecook.com\/pt\/wp-json\/wp\/v2\/media\/5115"}],"wp:attachment":[{"href":"https:\/\/www.purecook.com\/pt\/wp-json\/wp\/v2\/media?parent=5114"}],"wp:term":[{"taxonomy":"product_brand","embeddable":true,"href":"https:\/\/www.purecook.com\/pt\/wp-json\/wp\/v2\/product_brand?post=5114"},{"taxonomy":"product_cat","embeddable":true,"href":"https:\/\/www.purecook.com\/pt\/wp-json\/wp\/v2\/product_cat?post=5114"},{"taxonomy":"product_tag","embeddable":true,"href":"https:\/\/www.purecook.com\/pt\/wp-json\/wp\/v2\/product_tag?post=5114"}],"curies":[{"name":"wp","href":"https:\/\/api.w.org\/{rel}","templated":true}]}}