{"id":5122,"date":"2025-12-06T16:36:29","date_gmt":"2025-12-06T08:36:29","guid":{"rendered":"https:\/\/www.purecook.com\/?post_type=product&#038;p=5122"},"modified":"2025-12-06T16:57:24","modified_gmt":"2025-12-06T08:57:24","slug":"wholesale-stainless-steel-bowl-with-oil-draining-rack","status":"publish","type":"product","link":"https:\/\/www.purecook.com\/pt\/product\/wholesale-stainless-steel-bowl-with-oil-draining-rack\/","title":{"rendered":"Tigela de a\u00e7o inoxid\u00e1vel por atacado com grelha de drenagem de \u00f3leo"},"content":{"rendered":"<div class=\"wp-block-columns is-layout-flex wp-container-core-columns-is-layout-9d6595d7 wp-block-columns-is-layout-flex\">\n<div class=\"wp-block-column is-layout-flow wp-block-column-is-layout-flow\">\n<h3 class=\"wp-block-heading\">Par\u00e2metros da ta\u00e7a de a\u00e7o inoxid\u00e1vel<\/h3>\n\n\n\n<p><strong>Material:<\/strong> A\u00e7o inoxid\u00e1vel<br><strong>Espessura normal:<\/strong> 0,5 mm<br><strong>Log\u00f3tipo: <\/strong>Serigrafia\/grava\u00e7\u00e3o a laser<br><strong>Tamanho: <\/strong>22, 24cm<\/p>\n<\/div>\n\n\n\n<div class=\"wp-block-column is-layout-flow wp-block-column-is-layout-flow\">\n<h3 class=\"wp-block-heading\">Op\u00e7\u00f5es de utens\u00edlios de cozinha personalizados<\/h3>\n\n\n\n<p><strong>Log\u00f3tipo:<\/strong> Personaliz\u00e1vel com o log\u00f3tipo da sua marca<br><strong>Embalagem:<\/strong>\u00a0Caixa de cor\/caixa de cart\u00e3o, etc<\/p>\n<\/div>\n<\/div>\n\n\n\n<div class=\"wp-block-columns is-layout-flex wp-container-core-columns-is-layout-9d6595d7 wp-block-columns-is-layout-flex\">\n<div class=\"wp-block-column is-layout-flow wp-block-column-is-layout-flow\">\n<figure class=\"wp-block-image size-full\"><img decoding=\"async\" width=\"800\" height=\"800\" src=\"https:\/\/www.purecook.com\/wp-content\/uploads\/2025\/12\/stainless-steel-bowl-with-oil-draining-rack-1.webp\" alt=\"ta\u00e7a em a\u00e7o inoxid\u00e1vel com grelha de drenagem de \u00f3leo (1)\" class=\"wp-image-5123\" srcset=\"https:\/\/www.purecook.com\/wp-content\/uploads\/2025\/12\/stainless-steel-bowl-with-oil-draining-rack-1.webp 800w, https:\/\/www.purecook.com\/wp-content\/uploads\/2025\/12\/stainless-steel-bowl-with-oil-draining-rack-1-300x300.webp 300w, https:\/\/www.purecook.com\/wp-content\/uploads\/2025\/12\/stainless-steel-bowl-with-oil-draining-rack-1-150x150.webp 150w, https:\/\/www.purecook.com\/wp-content\/uploads\/2025\/12\/stainless-steel-bowl-with-oil-draining-rack-1-768x768.webp 768w, https:\/\/www.purecook.com\/wp-content\/uploads\/2025\/12\/stainless-steel-bowl-with-oil-draining-rack-1-12x12.webp 12w, https:\/\/www.purecook.com\/wp-content\/uploads\/2025\/12\/stainless-steel-bowl-with-oil-draining-rack-1-600x600.webp 600w, https:\/\/www.purecook.com\/wp-content\/uploads\/2025\/12\/stainless-steel-bowl-with-oil-draining-rack-1-100x100.webp 100w\" sizes=\"(max-width: 800px) 100vw, 800px\" \/><\/figure>\n<\/div>\n\n\n\n<div class=\"wp-block-column is-layout-flow wp-block-column-is-layout-flow\">\n<figure class=\"wp-block-image size-full\"><img decoding=\"async\" width=\"800\" height=\"800\" src=\"https:\/\/www.purecook.com\/wp-content\/uploads\/2025\/12\/stainless-steel-bowl-with-oil-draining-rack-6.webp\" alt=\"ta\u00e7a de a\u00e7o inoxid\u00e1vel com grelha de drenagem de \u00f3leo (6)\" class=\"wp-image-5128\" srcset=\"https:\/\/www.purecook.com\/wp-content\/uploads\/2025\/12\/stainless-steel-bowl-with-oil-draining-rack-6.webp 800w, https:\/\/www.purecook.com\/wp-content\/uploads\/2025\/12\/stainless-steel-bowl-with-oil-draining-rack-6-300x300.webp 300w, https:\/\/www.purecook.com\/wp-content\/uploads\/2025\/12\/stainless-steel-bowl-with-oil-draining-rack-6-150x150.webp 150w, https:\/\/www.purecook.com\/wp-content\/uploads\/2025\/12\/stainless-steel-bowl-with-oil-draining-rack-6-768x768.webp 768w, https:\/\/www.purecook.com\/wp-content\/uploads\/2025\/12\/stainless-steel-bowl-with-oil-draining-rack-6-12x12.webp 12w, https:\/\/www.purecook.com\/wp-content\/uploads\/2025\/12\/stainless-steel-bowl-with-oil-draining-rack-6-600x600.webp 600w, https:\/\/www.purecook.com\/wp-content\/uploads\/2025\/12\/stainless-steel-bowl-with-oil-draining-rack-6-100x100.webp 100w\" sizes=\"(max-width: 800px) 100vw, 800px\" \/><\/figure>\n<\/div>\n<\/div>\n\n\n\n<div class=\"wp-block-columns is-layout-flex wp-container-core-columns-is-layout-9d6595d7 wp-block-columns-is-layout-flex\">\n<div class=\"wp-block-column is-layout-flow wp-block-column-is-layout-flow\"><\/div>\n\n\n\n<div class=\"wp-block-column is-layout-flow wp-block-column-is-layout-flow\"><\/div>\n<\/div>","protected":false},"excerpt":{"rendered":"<p data-pm-slice=\"0 0 []\">Bem-vindo \u00e0 compra a granel de ta\u00e7as de a\u00e7o inoxid\u00e1vel com uma grelha de drenagem de \u00f3leo. Este conjunto vers\u00e1til foi concebido para misturar, lavar, escorrer e cozinhar, tornando-o perfeito para tudo, desde a prepara\u00e7\u00e3o de alimentos at\u00e9 ao servi\u00e7o. Ajuda a tornar as tarefas de cozinha mais f\u00e1ceis e mais eficientes.<\/p>\n<p>Somos uma empresa profissional <a href=\"https:\/\/www.purecook.com\/pt\/categoria-produto\/kitchen-utensils\/\" target=\"_blank\" rel=\"noopener\"><strong>fabricante de utens\u00edlios de cozinha<\/strong><\/a>, A nossa empresa \u00e9 uma empresa de servi\u00e7os por grosso fi\u00e1vel e de apoio OEM. N\u00e3o hesite em contactar-nos para mais informa\u00e7\u00f5es e or\u00e7amentos.<\/p>\n<h2>Carater\u00edsticas do conjunto de ta\u00e7as em a\u00e7o inoxid\u00e1vel<\/h2>\n<p><strong>Servir e preparar:<\/strong> Os pratos s\u00f3lidos s\u00e3o perfeitos para servir comida normal, snacks e aperitivos, enquanto as ta\u00e7as podem ser utilizadas para mexer, guardar ou cozinhar.<\/p>\n<p><strong>Alimentos mais estaladi\u00e7os:<\/strong> A placa perfurada permite que o excesso de \u00f3leo ou gordura escorra dos alimentos fritos, ajudando-os a manterem-se estaladi\u00e7os e menos gordurosos.<\/p>\n<p><strong>Duradouro:<\/strong> Fabricado em a\u00e7o inoxid\u00e1vel de qualidade alimentar de primeira qualidade, \u00e9 resistente \u00e0 ferrugem e extremamente dur\u00e1vel. Desfrute de uma qualidade de n\u00edvel profissional; n\u00e3o se deforma facilmente, n\u00e3o mancha nem desenvolve odores.<\/p>\n<p><strong>Multifuncional:<\/strong> Este conjunto de ta\u00e7as em a\u00e7o inoxid\u00e1vel pode ser utilizado para mexer, lavar e escorrer; todos os componentes se empilham perfeitamente para uma f\u00e1cil arruma\u00e7\u00e3o.<\/p>","protected":false},"featured_media":5123,"comment_status":"closed","ping_status":"closed","template":"","meta":{"_acf_changed":false},"product_brand":[],"product_cat":[52,90],"product_tag":[],"class_list":{"0":"post-5122","1":"product","2":"type-product","3":"status-publish","4":"has-post-thumbnail","6":"product_cat-kitchen-utensils","7":"product_cat-mixing-bowl","9":"first","10":"instock","11":"shipping-taxable","12":"product-type-simple"},"acf":[],"_links":{"self":[{"href":"https:\/\/www.purecook.com\/pt\/wp-json\/wp\/v2\/product\/5122","targetHints":{"allow":["GET"]}}],"collection":[{"href":"https:\/\/www.purecook.com\/pt\/wp-json\/wp\/v2\/product"}],"about":[{"href":"https:\/\/www.purecook.com\/pt\/wp-json\/wp\/v2\/types\/product"}],"replies":[{"embeddable":true,"href":"https:\/\/www.purecook.com\/pt\/wp-json\/wp\/v2\/comments?post=5122"}],"wp:featuredmedia":[{"embeddable":true,"href":"https:\/\/www.purecook.com\/pt\/wp-json\/wp\/v2\/media\/5123"}],"wp:attachment":[{"href":"https:\/\/www.purecook.com\/pt\/wp-json\/wp\/v2\/media?parent=5122"}],"wp:term":[{"taxonomy":"product_brand","embeddable":true,"href":"https:\/\/www.purecook.com\/pt\/wp-json\/wp\/v2\/product_brand?post=5122"},{"taxonomy":"product_cat","embeddable":true,"href":"https:\/\/www.purecook.com\/pt\/wp-json\/wp\/v2\/product_cat?post=5122"},{"taxonomy":"product_tag","embeddable":true,"href":"https:\/\/www.purecook.com\/pt\/wp-json\/wp\/v2\/product_tag?post=5122"}],"curies":[{"name":"wp","href":"https:\/\/api.w.org\/{rel}","templated":true}]}}