{"id":5131,"date":"2025-12-08T16:43:40","date_gmt":"2025-12-08T08:43:40","guid":{"rendered":"https:\/\/www.purecook.com\/?post_type=product&#038;p=5131"},"modified":"2025-12-08T18:01:55","modified_gmt":"2025-12-08T10:01:55","slug":"bulk-stainless-steel-deep-frying-pot-with-strainer-basket","status":"publish","type":"product","link":"https:\/\/www.purecook.com\/pt\/product\/bulk-stainless-steel-deep-frying-pot-with-strainer-basket\/","title":{"rendered":"Conjunto de tachos para fritar e tachos para massas em a\u00e7o inoxid\u00e1vel a granel - dupla fun\u00e7\u00e3o com cesto coador"},"content":{"rendered":"<div class=\"wp-block-columns is-layout-flex wp-container-core-columns-is-layout-9d6595d7 wp-block-columns-is-layout-flex\">\n<div class=\"wp-block-column is-layout-flow wp-block-column-is-layout-flow\">\n<h3 class=\"wp-block-heading\">Par\u00e2metros do conjunto de panelas para fritar<\/h3>\n\n\n\n<p><strong>Material: <\/strong>A\u00e7o inoxid\u00e1vel<br><strong>Espessura normal: <\/strong>0,55 mm<br><strong>Tampa: <\/strong>Tampas de vidro com anel de silicone<br><strong>Fundo: <\/strong>Fundo Sandu\u00edche de Indu\u00e7\u00e3o (SUS+2mm Alu+SUS)<br><strong>Log\u00f3tipo: <\/strong>Impress\u00e3o serigr\u00e1fica\/grava\u00e7\u00e3o a laser\/grava\u00e7\u00e3o em relevo<br><strong>Pega e bot\u00e3o da tampa: <\/strong>A\u00e7o inoxid\u00e1vel<br><strong>Capacidade:<\/strong> 2.4L<\/p>\n<\/div>\n\n\n\n<div class=\"wp-block-column is-layout-flow wp-block-column-is-layout-flow\">\n<h3 class=\"wp-block-heading\">Op\u00e7\u00f5es de utens\u00edlios de cozinha personalizados<\/h3>\n\n\n\n<p><strong>Material:<\/strong> SUS 304 \/ SUS 316<br><strong>Log\u00f3tipo:<\/strong> Personaliz\u00e1vel com o log\u00f3tipo da sua marca<br><strong>Embalagem:<\/strong>&nbsp;Caixa de cor\/caixa de cart\u00e3o, etc<br><strong>Pega: <\/strong>Pega para se adaptar ao seu estilo<\/p>\n<\/div>\n<\/div>\n\n\n\n<div class=\"wp-block-columns is-layout-flex wp-container-core-columns-is-layout-9d6595d7 wp-block-columns-is-layout-flex\">\n<div class=\"wp-block-column is-layout-flow wp-block-column-is-layout-flow\">\n<figure class=\"wp-block-image size-full\"><img decoding=\"async\" width=\"800\" height=\"800\" src=\"https:\/\/www.purecook.com\/wp-content\/uploads\/2025\/12\/bulk-stainless-steel-deep-frying-pot-2.webp\" alt=\"frigideira de a\u00e7o inoxid\u00e1vel a granel (2)\" class=\"wp-image-5133\" srcset=\"https:\/\/www.purecook.com\/wp-content\/uploads\/2025\/12\/bulk-stainless-steel-deep-frying-pot-2.webp 800w, https:\/\/www.purecook.com\/wp-content\/uploads\/2025\/12\/bulk-stainless-steel-deep-frying-pot-2-300x300.webp 300w, https:\/\/www.purecook.com\/wp-content\/uploads\/2025\/12\/bulk-stainless-steel-deep-frying-pot-2-150x150.webp 150w, https:\/\/www.purecook.com\/wp-content\/uploads\/2025\/12\/bulk-stainless-steel-deep-frying-pot-2-768x768.webp 768w, https:\/\/www.purecook.com\/wp-content\/uploads\/2025\/12\/bulk-stainless-steel-deep-frying-pot-2-12x12.webp 12w, https:\/\/www.purecook.com\/wp-content\/uploads\/2025\/12\/bulk-stainless-steel-deep-frying-pot-2-600x600.webp 600w, https:\/\/www.purecook.com\/wp-content\/uploads\/2025\/12\/bulk-stainless-steel-deep-frying-pot-2-100x100.webp 100w\" sizes=\"(max-width: 800px) 100vw, 800px\" \/><\/figure>\n<\/div>\n\n\n\n<div class=\"wp-block-column is-layout-flow wp-block-column-is-layout-flow\">\n<figure class=\"wp-block-image size-full\"><img decoding=\"async\" width=\"800\" height=\"800\" src=\"https:\/\/www.purecook.com\/wp-content\/uploads\/2025\/12\/bulk-stainless-steel-deep-frying-pot-3.webp\" alt=\"frigideira de a\u00e7o inoxid\u00e1vel a granel (3)\" class=\"wp-image-5134\" srcset=\"https:\/\/www.purecook.com\/wp-content\/uploads\/2025\/12\/bulk-stainless-steel-deep-frying-pot-3.webp 800w, https:\/\/www.purecook.com\/wp-content\/uploads\/2025\/12\/bulk-stainless-steel-deep-frying-pot-3-300x300.webp 300w, https:\/\/www.purecook.com\/wp-content\/uploads\/2025\/12\/bulk-stainless-steel-deep-frying-pot-3-150x150.webp 150w, https:\/\/www.purecook.com\/wp-content\/uploads\/2025\/12\/bulk-stainless-steel-deep-frying-pot-3-768x768.webp 768w, https:\/\/www.purecook.com\/wp-content\/uploads\/2025\/12\/bulk-stainless-steel-deep-frying-pot-3-12x12.webp 12w, https:\/\/www.purecook.com\/wp-content\/uploads\/2025\/12\/bulk-stainless-steel-deep-frying-pot-3-600x600.webp 600w, https:\/\/www.purecook.com\/wp-content\/uploads\/2025\/12\/bulk-stainless-steel-deep-frying-pot-3-100x100.webp 100w\" sizes=\"(max-width: 800px) 100vw, 800px\" \/><\/figure>\n<\/div>\n<\/div>","protected":false},"excerpt":{"rendered":"<p>Panela para fritar por atacado. Fabricada em a\u00e7o inoxid\u00e1vel robusto com um pr\u00e1tico coador, esta panela multifuncional permite fritar, ferver, escaldar e escorrer facilmente. O fundo composto (a\u00e7o inoxid\u00e1vel + alum\u00ednio de 2 mm + a\u00e7o inoxid\u00e1vel) \u00e9 compat\u00edvel com a placa de indu\u00e7\u00e3o, garantindo um aquecimento r\u00e1pido e uniforme e uma excelente reten\u00e7\u00e3o de calor. Adequado tanto para cozinhas comerciais como para cozinhas dom\u00e9sticas.<\/p>\n<p>Como profissional <a href=\"https:\/\/www.purecook.com\/pt\/categoria-produto\/cookware\/\" target=\"_blank\" rel=\"noopener\">fabricante de utens\u00edlios de cozinha<\/a>, oferecemos uma variedade de <a href=\"https:\/\/www.purecook.com\/pt\/categoria-produto\/cookware\/fryer-pots\/\" target=\"_blank\" rel=\"noopener\"><strong>panelas de fritar por atacado<\/strong><\/a> e suporte OEM e ODM. Contacte-nos para obter um cat\u00e1logo e um or\u00e7amento.<\/p>\n<h2>Carater\u00edsticas da frigideira funda de a\u00e7o inoxid\u00e1vel<\/h2>\n<p><strong>Versatilidade:<\/strong> Este conjunto multifuncional de frigideiras inclui um cesto coador, perfeito para fritar alimentos, cozinhar massas ou escaldar legumes. A pr\u00f3pria panela pode ser utilizada para fazer caldo.<\/p>\n<p><strong>Coador incorporado:<\/strong> O cesto do coador permite-lhe transferir com seguran\u00e7a os alimentos de e para o \u00f3leo quente ou \u00e1gua a ferver de uma s\u00f3 vez, reduzindo significativamente o risco de salpicos e queimaduras em compara\u00e7\u00e3o com a utiliza\u00e7\u00e3o de pin\u00e7as ou de uma escumadeira.<\/p>\n<p><strong>Pega robusta:<\/strong> A pega longa, forte e resistente ao calor proporciona uma ader\u00eancia segura para transportar e verter.<\/p>\n<p><strong>Distribui\u00e7\u00e3o de calor mais r\u00e1pida e uniforme:<\/strong> A base \u00e9 feita de a\u00e7o inoxid\u00e1vel de tr\u00eas camadas com um n\u00facleo de alum\u00ednio de 2 mm de espessura que conduz o calor rapidamente e o distribui uniformemente por todo o fundo.<\/p>\n<p><strong>Compat\u00edvel com v\u00e1rios tipos de placa de fog\u00e3o:<\/strong> Esta frigideira funda em a\u00e7o inoxid\u00e1vel \u00e9 totalmente compat\u00edvel com placas de indu\u00e7\u00e3o, fog\u00f5es a g\u00e1s e outras placas de fog\u00e3o.<\/p>","protected":false},"featured_media":5133,"comment_status":"closed","ping_status":"closed","template":"","meta":{"_acf_changed":false},"product_brand":[],"product_cat":[24,72],"product_tag":[97,98],"class_list":{"0":"post-5131","1":"product","2":"type-product","3":"status-publish","4":"has-post-thumbnail","6":"product_cat-cookware","7":"product_cat-fryer-pots","8":"product_tag-wholesale-commercial-cookware","9":"product_tag-wholesale-home-cookware","11":"first","12":"instock","13":"shipping-taxable","14":"product-type-simple"},"acf":[],"_links":{"self":[{"href":"https:\/\/www.purecook.com\/pt\/wp-json\/wp\/v2\/product\/5131","targetHints":{"allow":["GET"]}}],"collection":[{"href":"https:\/\/www.purecook.com\/pt\/wp-json\/wp\/v2\/product"}],"about":[{"href":"https:\/\/www.purecook.com\/pt\/wp-json\/wp\/v2\/types\/product"}],"replies":[{"embeddable":true,"href":"https:\/\/www.purecook.com\/pt\/wp-json\/wp\/v2\/comments?post=5131"}],"wp:featuredmedia":[{"embeddable":true,"href":"https:\/\/www.purecook.com\/pt\/wp-json\/wp\/v2\/media\/5133"}],"wp:attachment":[{"href":"https:\/\/www.purecook.com\/pt\/wp-json\/wp\/v2\/media?parent=5131"}],"wp:term":[{"taxonomy":"product_brand","embeddable":true,"href":"https:\/\/www.purecook.com\/pt\/wp-json\/wp\/v2\/product_brand?post=5131"},{"taxonomy":"product_cat","embeddable":true,"href":"https:\/\/www.purecook.com\/pt\/wp-json\/wp\/v2\/product_cat?post=5131"},{"taxonomy":"product_tag","embeddable":true,"href":"https:\/\/www.purecook.com\/pt\/wp-json\/wp\/v2\/product_tag?post=5131"}],"curies":[{"name":"wp","href":"https:\/\/api.w.org\/{rel}","templated":true}]}}