{"id":5138,"date":"2025-12-08T17:38:17","date_gmt":"2025-12-08T09:38:17","guid":{"rendered":"https:\/\/www.purecook.com\/?post_type=product&#038;p=5138"},"modified":"2025-12-08T18:00:55","modified_gmt":"2025-12-08T10:00:55","slug":"bulk-stainless-steel-colander-wholesale","status":"publish","type":"product","link":"https:\/\/www.purecook.com\/pt\/product\/bulk-stainless-steel-colander-wholesale\/","title":{"rendered":"Escorredor de a\u00e7o inoxid\u00e1vel a granel, ta\u00e7as para lavagem de frutas e legumes\u00a0"},"content":{"rendered":"<div class=\"wp-block-columns is-layout-flex wp-container-core-columns-is-layout-9d6595d7 wp-block-columns-is-layout-flex\">\n<div class=\"wp-block-column is-layout-flow wp-block-column-is-layout-flow\">\n<h3 class=\"wp-block-heading\">Par\u00e2metros do coador de a\u00e7o inoxid\u00e1vel<\/h3>\n\n\n\n<p><strong>Material:<\/strong> A\u00e7o inoxid\u00e1vel 304<br><strong>Espessura normal:<\/strong> 0,4\/0,6 mm<br><strong>Log\u00f3tipo:<\/strong> Impress\u00e3o em serigrafia\/grava\u00e7\u00e3o a laser<br><strong>Tamanho: <\/strong>23\/26cm<br><strong>Peso:<\/strong> menos de 500g<\/p>\n<\/div>\n\n\n\n<div class=\"wp-block-column is-layout-flow wp-block-column-is-layout-flow\">\n<h3 class=\"wp-block-heading\">Op\u00e7\u00f5es de utens\u00edlios de cozinha personalizados<\/h3>\n\n\n\n<p><strong>Log\u00f3tipo:<\/strong> Personaliz\u00e1vel com o log\u00f3tipo da sua marca<br><strong>Embalagem:<\/strong>\u00a0Caixa de cor\/caixa de cart\u00e3o, etc<\/p>\n<\/div>\n<\/div>\n\n\n\n<div class=\"wp-block-columns is-layout-flex wp-container-core-columns-is-layout-9d6595d7 wp-block-columns-is-layout-flex\">\n<div class=\"wp-block-column is-layout-flow wp-block-column-is-layout-flow\">\n<figure class=\"wp-block-image size-full\"><img decoding=\"async\" width=\"800\" height=\"800\" src=\"https:\/\/www.purecook.com\/wp-content\/uploads\/2025\/12\/bulk-stainless-steel-colander-3.webp\" alt=\"escorredor de a\u00e7o inoxid\u00e1vel a granel (3)\" class=\"wp-image-5141\" srcset=\"https:\/\/www.purecook.com\/wp-content\/uploads\/2025\/12\/bulk-stainless-steel-colander-3.webp 800w, https:\/\/www.purecook.com\/wp-content\/uploads\/2025\/12\/bulk-stainless-steel-colander-3-300x300.webp 300w, https:\/\/www.purecook.com\/wp-content\/uploads\/2025\/12\/bulk-stainless-steel-colander-3-150x150.webp 150w, https:\/\/www.purecook.com\/wp-content\/uploads\/2025\/12\/bulk-stainless-steel-colander-3-768x768.webp 768w, https:\/\/www.purecook.com\/wp-content\/uploads\/2025\/12\/bulk-stainless-steel-colander-3-12x12.webp 12w, https:\/\/www.purecook.com\/wp-content\/uploads\/2025\/12\/bulk-stainless-steel-colander-3-600x600.webp 600w, https:\/\/www.purecook.com\/wp-content\/uploads\/2025\/12\/bulk-stainless-steel-colander-3-100x100.webp 100w\" sizes=\"(max-width: 800px) 100vw, 800px\" \/><\/figure>\n<\/div>\n\n\n\n<div class=\"wp-block-column is-layout-flow wp-block-column-is-layout-flow\">\n<figure class=\"wp-block-image size-full\"><img decoding=\"async\" width=\"800\" height=\"800\" src=\"https:\/\/www.purecook.com\/wp-content\/uploads\/2025\/12\/bulk-stainless-steel-colander-4.webp\" alt=\"escorredor de a\u00e7o inoxid\u00e1vel a granel (4)\" class=\"wp-image-5142\" srcset=\"https:\/\/www.purecook.com\/wp-content\/uploads\/2025\/12\/bulk-stainless-steel-colander-4.webp 800w, https:\/\/www.purecook.com\/wp-content\/uploads\/2025\/12\/bulk-stainless-steel-colander-4-300x300.webp 300w, https:\/\/www.purecook.com\/wp-content\/uploads\/2025\/12\/bulk-stainless-steel-colander-4-150x150.webp 150w, https:\/\/www.purecook.com\/wp-content\/uploads\/2025\/12\/bulk-stainless-steel-colander-4-768x768.webp 768w, https:\/\/www.purecook.com\/wp-content\/uploads\/2025\/12\/bulk-stainless-steel-colander-4-12x12.webp 12w, https:\/\/www.purecook.com\/wp-content\/uploads\/2025\/12\/bulk-stainless-steel-colander-4-600x600.webp 600w, https:\/\/www.purecook.com\/wp-content\/uploads\/2025\/12\/bulk-stainless-steel-colander-4-100x100.webp 100w\" sizes=\"(max-width: 800px) 100vw, 800px\" \/><\/figure>\n<\/div>\n<\/div>\n\n\n\n<div class=\"wp-block-columns is-layout-flex wp-container-core-columns-is-layout-9d6595d7 wp-block-columns-is-layout-flex\">\n<div class=\"wp-block-column is-layout-flow wp-block-column-is-layout-flow\"><\/div>\n\n\n\n<div class=\"wp-block-column is-layout-flow wp-block-column-is-layout-flow\"><\/div>\n<\/div>","protected":false},"excerpt":{"rendered":"<p>Coador de a\u00e7o inoxid\u00e1vel 304 por atacado. Os nossos coadores por grosso s\u00e3o concebidos para uma lavagem, enxaguamento e drenagem eficientes. O fundo perfurado de uma s\u00f3 pe\u00e7a permite uma drenagem r\u00e1pida e uniforme, tornando-os ideais para lavar frutas, legumes e outros alimentos.<\/p>\n<p>Como profissional <a href=\"https:\/\/www.purecook.com\/pt\/\"><strong>fabricante de utens\u00edlios de cozinha<\/strong><\/a>, oferecemos uma variedade de <strong><a href=\"https:\/\/www.purecook.com\/pt\/categoria-produto\/kitchen-utensils\/kitchen-strainer-and-colander\/\" target=\"_blank\" rel=\"noopener\">escorredor por atacado<\/a><\/strong> estilos e apoio a encomendas em massa, personaliza\u00e7\u00e3o OEM, produ\u00e7\u00e3o de marcas privadas e embalagens personalizadas.<\/p>\n<h2>Carater\u00edsticas do Coador de a\u00e7o inoxid\u00e1vel<\/h2>\n<p><strong>Sistema de drenagem de alta efici\u00eancia:<\/strong> O nosso coador de a\u00e7o inoxid\u00e1vel para venda por grosso apresenta perfura\u00e7\u00f5es uniformemente distribu\u00eddas, assegurando um fluxo de \u00e1gua r\u00e1pido para uma lavagem mais r\u00e1pida e completa, evitando a acumula\u00e7\u00e3o de \u00e1gua.<\/p>\n<p><strong>Grande capacidade:<\/strong> O design espa\u00e7oso pode conter uma grande quantidade de produtos, tais como morangos, folhas verdes, br\u00f3colos, etc., adequados tanto para cozinhas dom\u00e9sticas como comerciais.<\/p>\n<p><strong>Materiais de alta qualidade:<\/strong> O nosso coador de a\u00e7o inoxid\u00e1vel por atacado \u00e9 feito de a\u00e7o inoxid\u00e1vel 304, oferecendo uma excelente resist\u00eancia \u00e0 corros\u00e3o e durabilidade. \u00c9 resistente \u00e0 ferrugem e mant\u00e9m o seu brilho e for\u00e7a durante a utiliza\u00e7\u00e3o a longo prazo, garantindo a seguran\u00e7a do contacto com os alimentos.<\/p>\n<p><strong>Aspeto moderno e minimalista:<\/strong> O escorredor de a\u00e7o inoxid\u00e1vel apresenta um acabamento em a\u00e7o inoxid\u00e1vel escovado, oferecendo um aspeto elegante que complementa a decora\u00e7\u00e3o moderna da cozinha.<\/p>","protected":false},"featured_media":5139,"comment_status":"closed","ping_status":"closed","template":"","meta":{"_acf_changed":false},"product_brand":[],"product_cat":[52,65],"product_tag":[],"class_list":{"0":"post-5138","1":"product","2":"type-product","3":"status-publish","4":"has-post-thumbnail","6":"product_cat-kitchen-utensils","7":"product_cat-kitchen-strainer-and-colander","9":"first","10":"instock","11":"shipping-taxable","12":"product-type-simple"},"acf":[],"_links":{"self":[{"href":"https:\/\/www.purecook.com\/pt\/wp-json\/wp\/v2\/product\/5138","targetHints":{"allow":["GET"]}}],"collection":[{"href":"https:\/\/www.purecook.com\/pt\/wp-json\/wp\/v2\/product"}],"about":[{"href":"https:\/\/www.purecook.com\/pt\/wp-json\/wp\/v2\/types\/product"}],"replies":[{"embeddable":true,"href":"https:\/\/www.purecook.com\/pt\/wp-json\/wp\/v2\/comments?post=5138"}],"wp:featuredmedia":[{"embeddable":true,"href":"https:\/\/www.purecook.com\/pt\/wp-json\/wp\/v2\/media\/5139"}],"wp:attachment":[{"href":"https:\/\/www.purecook.com\/pt\/wp-json\/wp\/v2\/media?parent=5138"}],"wp:term":[{"taxonomy":"product_brand","embeddable":true,"href":"https:\/\/www.purecook.com\/pt\/wp-json\/wp\/v2\/product_brand?post=5138"},{"taxonomy":"product_cat","embeddable":true,"href":"https:\/\/www.purecook.com\/pt\/wp-json\/wp\/v2\/product_cat?post=5138"},{"taxonomy":"product_tag","embeddable":true,"href":"https:\/\/www.purecook.com\/pt\/wp-json\/wp\/v2\/product_tag?post=5138"}],"curies":[{"name":"wp","href":"https:\/\/api.w.org\/{rel}","templated":true}]}}