{"id":5145,"date":"2025-12-08T18:02:49","date_gmt":"2025-12-08T10:02:49","guid":{"rendered":"https:\/\/www.purecook.com\/?post_type=product&#038;p=5145"},"modified":"2025-12-08T18:23:14","modified_gmt":"2025-12-08T10:23:14","slug":"wholesale-glass-food-containers","status":"publish","type":"product","link":"https:\/\/www.purecook.com\/pt\/product\/wholesale-glass-food-containers\/","title":{"rendered":"Recipiente de vidro para alimentos por atacado, lancheira com tampas herm\u00e9ticas"},"content":{"rendered":"<div class=\"wp-block-columns is-layout-flex wp-container-core-columns-is-layout-9d6595d7 wp-block-columns-is-layout-flex\">\n<div class=\"wp-block-column is-layout-flow wp-block-column-is-layout-flow\">\n<h3 class=\"wp-block-heading\">Par\u00e2metros do recipiente de vidro para alimentos<\/h3>\n\n\n\n<p><strong>Material:<\/strong> Vidro, Silicone<br><strong>Espessura normal:<\/strong> 0,5 mm<br><strong>Capacidade: <\/strong>380\/520\/630ml<\/p>\n<\/div>\n\n\n\n<div class=\"wp-block-column is-layout-flow wp-block-column-is-layout-flow\">\n<h3 class=\"wp-block-heading\">Op\u00e7\u00f5es de utens\u00edlios de cozinha personalizados<\/h3>\n\n\n\n<p><strong>Log\u00f3tipo:<\/strong> Personaliz\u00e1vel com o log\u00f3tipo da sua marca<br><strong>Embalagem:<\/strong>&nbsp;Caixa de cor\/caixa de cart\u00e3o, etc<br><strong>Pega: <\/strong>Pega para se adaptar ao seu estilo<\/p>\n<\/div>\n<\/div>\n\n\n\n<div class=\"wp-block-columns is-layout-flex wp-container-core-columns-is-layout-9d6595d7 wp-block-columns-is-layout-flex\">\n<div class=\"wp-block-column is-layout-flow wp-block-column-is-layout-flow\">\n<figure class=\"wp-block-image size-full\"><img decoding=\"async\" width=\"800\" height=\"800\" src=\"https:\/\/www.purecook.com\/wp-content\/uploads\/2025\/12\/wholesale-glass-food-container-4.webp\" alt=\"recipiente de vidro para alimentos por atacado (4)\" class=\"wp-image-5149\" srcset=\"https:\/\/www.purecook.com\/wp-content\/uploads\/2025\/12\/wholesale-glass-food-container-4.webp 800w, https:\/\/www.purecook.com\/wp-content\/uploads\/2025\/12\/wholesale-glass-food-container-4-300x300.webp 300w, https:\/\/www.purecook.com\/wp-content\/uploads\/2025\/12\/wholesale-glass-food-container-4-150x150.webp 150w, https:\/\/www.purecook.com\/wp-content\/uploads\/2025\/12\/wholesale-glass-food-container-4-768x768.webp 768w, https:\/\/www.purecook.com\/wp-content\/uploads\/2025\/12\/wholesale-glass-food-container-4-12x12.webp 12w, https:\/\/www.purecook.com\/wp-content\/uploads\/2025\/12\/wholesale-glass-food-container-4-600x600.webp 600w, https:\/\/www.purecook.com\/wp-content\/uploads\/2025\/12\/wholesale-glass-food-container-4-100x100.webp 100w\" sizes=\"(max-width: 800px) 100vw, 800px\" \/><\/figure>\n<\/div>\n\n\n\n<div class=\"wp-block-column is-layout-flow wp-block-column-is-layout-flow\">\n<figure class=\"wp-block-image size-full\"><img decoding=\"async\" width=\"800\" height=\"800\" src=\"https:\/\/www.purecook.com\/wp-content\/uploads\/2025\/12\/wholesale-glass-food-container-5.webp\" alt=\"recipiente de vidro para alimentos por atacado (5)\" class=\"wp-image-5150\" srcset=\"https:\/\/www.purecook.com\/wp-content\/uploads\/2025\/12\/wholesale-glass-food-container-5.webp 800w, https:\/\/www.purecook.com\/wp-content\/uploads\/2025\/12\/wholesale-glass-food-container-5-300x300.webp 300w, https:\/\/www.purecook.com\/wp-content\/uploads\/2025\/12\/wholesale-glass-food-container-5-150x150.webp 150w, https:\/\/www.purecook.com\/wp-content\/uploads\/2025\/12\/wholesale-glass-food-container-5-768x768.webp 768w, https:\/\/www.purecook.com\/wp-content\/uploads\/2025\/12\/wholesale-glass-food-container-5-12x12.webp 12w, https:\/\/www.purecook.com\/wp-content\/uploads\/2025\/12\/wholesale-glass-food-container-5-600x600.webp 600w, https:\/\/www.purecook.com\/wp-content\/uploads\/2025\/12\/wholesale-glass-food-container-5-100x100.webp 100w\" sizes=\"(max-width: 800px) 100vw, 800px\" \/><\/figure>\n<\/div>\n<\/div>","protected":false},"excerpt":{"rendered":"<p>Bem-vindo \u00e0 compra a granel dos nossos recipientes de vidro de alta qualidade para alimentos. Com tampas herm\u00e9ticas de encaixe, est\u00e3o dispon\u00edveis numa variedade de tamanhos e s\u00e3o seguros para o micro-ondas, frigor\u00edfico e congelador, tornando-os ideais para a prepara\u00e7\u00e3o de alimentos, armazenamento e organiza\u00e7\u00e3o da cozinha. Perfeitas para retalhistas, restaurantes e compradores a granel. Contacte-nos para obter um or\u00e7amento.<\/p>\n<h2>Carater\u00edsticas do recipiente de vidro para alimentos<\/h2>\n<p><strong>Seguran\u00e7a e sa\u00fade alimentar:<\/strong> O vidro n\u00e3o absorve odores, sabores ou manchas, o que o torna f\u00e1cil de limpar e higi\u00e9nico.<\/p>\n<p><strong>Manter a frescura dos alimentos:<\/strong> A tampa de encaixe altamente herm\u00e9tica ajuda a impedir a entrada de ar e humidade, retardando a oxida\u00e7\u00e3o e reduzindo a deteriora\u00e7\u00e3o dos alimentos. Isto ajuda os alimentos a manterem-se frescos durante mais tempo.<\/p>\n<p><strong>Versatilidade:<\/strong> Os nossos recipientes de vidro para alimentos por atacado s\u00e3o seguros para o micro-ondas, frigor\u00edfico e congelador.<\/p>\n<p><strong>V\u00e1rios tamanhos dispon\u00edveis:<\/strong> Oferecemos uma variedade de capacidades e tamanhos para satisfazer diferentes necessidades de armazenamento de alimentos.<\/p>","protected":false},"featured_media":5146,"comment_status":"closed","ping_status":"closed","template":"","meta":{"_acf_changed":false},"product_brand":[],"product_cat":[25,51],"product_tag":[],"class_list":{"0":"post-5145","1":"product","2":"type-product","3":"status-publish","4":"has-post-thumbnail","6":"product_cat-food-storage","7":"product_cat-dinnerware","9":"first","10":"instock","11":"shipping-taxable","12":"product-type-simple"},"acf":[],"_links":{"self":[{"href":"https:\/\/www.purecook.com\/pt\/wp-json\/wp\/v2\/product\/5145","targetHints":{"allow":["GET"]}}],"collection":[{"href":"https:\/\/www.purecook.com\/pt\/wp-json\/wp\/v2\/product"}],"about":[{"href":"https:\/\/www.purecook.com\/pt\/wp-json\/wp\/v2\/types\/product"}],"replies":[{"embeddable":true,"href":"https:\/\/www.purecook.com\/pt\/wp-json\/wp\/v2\/comments?post=5145"}],"wp:featuredmedia":[{"embeddable":true,"href":"https:\/\/www.purecook.com\/pt\/wp-json\/wp\/v2\/media\/5146"}],"wp:attachment":[{"href":"https:\/\/www.purecook.com\/pt\/wp-json\/wp\/v2\/media?parent=5145"}],"wp:term":[{"taxonomy":"product_brand","embeddable":true,"href":"https:\/\/www.purecook.com\/pt\/wp-json\/wp\/v2\/product_brand?post=5145"},{"taxonomy":"product_cat","embeddable":true,"href":"https:\/\/www.purecook.com\/pt\/wp-json\/wp\/v2\/product_cat?post=5145"},{"taxonomy":"product_tag","embeddable":true,"href":"https:\/\/www.purecook.com\/pt\/wp-json\/wp\/v2\/product_tag?post=5145"}],"curies":[{"name":"wp","href":"https:\/\/api.w.org\/{rel}","templated":true}]}}