{"id":5177,"date":"2025-12-22T09:11:23","date_gmt":"2025-12-22T01:11:23","guid":{"rendered":"https:\/\/www.purecook.com\/?post_type=product&#038;p=5177"},"modified":"2025-12-22T09:44:22","modified_gmt":"2025-12-22T01:44:22","slug":"wholesale-stainless-steel-steamer-pots","status":"publish","type":"product","link":"https:\/\/www.purecook.com\/pt\/product\/wholesale-stainless-steel-steamer-pots\/","title":{"rendered":"Panelas de cozedura a vapor em a\u00e7o inoxid\u00e1vel por grosso"},"content":{"rendered":"<div class=\"wp-block-columns is-layout-flex wp-container-core-columns-is-layout-9d6595d7 wp-block-columns-is-layout-flex\">\n<div class=\"wp-block-column is-layout-flow wp-block-column-is-layout-flow\">\n<h3 class=\"wp-block-heading\">Par\u00e2metros das panelas para vapor em a\u00e7o inoxid\u00e1vel<\/h3>\n\n\n\n<p><strong>Material:<\/strong> A\u00e7o inoxid\u00e1vel 304\uff0bMadeira<br><strong>Tampa:<\/strong> Tampas de vidro com anel de madeira<br><strong>Tamanho: <\/strong>16\/18\/20\/22\/24\/26cm<\/p>\n<\/div>\n\n\n\n<div class=\"wp-block-column is-layout-flow wp-block-column-is-layout-flow\">\n<h3 class=\"wp-block-heading\">Op\u00e7\u00f5es de utens\u00edlios de cozinha personalizados<\/h3>\n\n\n\n<p><strong>Log\u00f3tipo:<\/strong> Personaliz\u00e1vel com o log\u00f3tipo da sua marca<br><strong>Embalagem:<\/strong>&nbsp;Caixa de cor\/caixa de cart\u00e3o, etc<br><strong>Pega: <\/strong>Pega para se adaptar ao seu estilo<\/p>\n<\/div>\n<\/div>\n\n\n\n<div class=\"wp-block-columns is-layout-flex wp-container-core-columns-is-layout-9d6595d7 wp-block-columns-is-layout-flex\">\n<div class=\"wp-block-column is-layout-flow wp-block-column-is-layout-flow\">\n<figure class=\"wp-block-image size-full\"><img decoding=\"async\" width=\"800\" height=\"800\" src=\"https:\/\/www.purecook.com\/wp-content\/uploads\/2025\/12\/wholesale-steamer-pot-2.webp\" alt=\"panela a vapor por atacado (2)\" class=\"wp-image-5179\" srcset=\"https:\/\/www.purecook.com\/wp-content\/uploads\/2025\/12\/wholesale-steamer-pot-2.webp 800w, https:\/\/www.purecook.com\/wp-content\/uploads\/2025\/12\/wholesale-steamer-pot-2-300x300.webp 300w, https:\/\/www.purecook.com\/wp-content\/uploads\/2025\/12\/wholesale-steamer-pot-2-150x150.webp 150w, https:\/\/www.purecook.com\/wp-content\/uploads\/2025\/12\/wholesale-steamer-pot-2-768x768.webp 768w, https:\/\/www.purecook.com\/wp-content\/uploads\/2025\/12\/wholesale-steamer-pot-2-12x12.webp 12w, https:\/\/www.purecook.com\/wp-content\/uploads\/2025\/12\/wholesale-steamer-pot-2-600x600.webp 600w, https:\/\/www.purecook.com\/wp-content\/uploads\/2025\/12\/wholesale-steamer-pot-2-100x100.webp 100w\" sizes=\"(max-width: 800px) 100vw, 800px\" \/><\/figure>\n<\/div>\n\n\n\n<div class=\"wp-block-column is-layout-flow wp-block-column-is-layout-flow\">\n<figure class=\"wp-block-image size-full\"><img decoding=\"async\" width=\"800\" height=\"800\" src=\"https:\/\/www.purecook.com\/wp-content\/uploads\/2025\/12\/wholesale-steamer-pot-3.webp\" alt=\"panela a vapor por atacado (3)\" class=\"wp-image-5180\" srcset=\"https:\/\/www.purecook.com\/wp-content\/uploads\/2025\/12\/wholesale-steamer-pot-3.webp 800w, https:\/\/www.purecook.com\/wp-content\/uploads\/2025\/12\/wholesale-steamer-pot-3-300x300.webp 300w, https:\/\/www.purecook.com\/wp-content\/uploads\/2025\/12\/wholesale-steamer-pot-3-150x150.webp 150w, https:\/\/www.purecook.com\/wp-content\/uploads\/2025\/12\/wholesale-steamer-pot-3-768x768.webp 768w, https:\/\/www.purecook.com\/wp-content\/uploads\/2025\/12\/wholesale-steamer-pot-3-12x12.webp 12w, https:\/\/www.purecook.com\/wp-content\/uploads\/2025\/12\/wholesale-steamer-pot-3-600x600.webp 600w, https:\/\/www.purecook.com\/wp-content\/uploads\/2025\/12\/wholesale-steamer-pot-3-100x100.webp 100w\" sizes=\"(max-width: 800px) 100vw, 800px\" \/><\/figure>\n<\/div>\n<\/div>","protected":false},"excerpt":{"rendered":"<p>Maximize a efici\u00eancia em qualquer cozinha com a nossa panela de vapor em a\u00e7o inoxid\u00e1vel de camada dupla. A panela inferior \u00e9 ideal para ferver sopas, guisados ou massas, enquanto a camada superior utiliza o vapor natural para cozinhar suavemente bolinhos, legumes e marisco.<\/p>\n<p>Oferecemos vendas por grosso diretas da f\u00e1brica e apoiamos a personaliza\u00e7\u00e3o OEM e ODM, o que nos torna uma escolha fi\u00e1vel para marcas globais, distribuidores e cozinhas profissionais.<\/p>\n<h2>Carater\u00edsticas das panelas de a\u00e7o inoxid\u00e1vel para cozer a vapor<\/h2>\n<p><strong>Camadas duplas:<\/strong> Pode cozer sopa, guisados ou massa na panela de baixo, enquanto utiliza o vapor ascendente para cozinhar bolinhos, legumes ou marisco na camada superior.<\/p>\n<p><strong>A\u00e7o inoxid\u00e1vel polido:<\/strong> As nossas panelas de vapor por atacado apresentam uma superf\u00edcie polida espelhada, o que as torna resistentes \u00e0 ferrugem, \u00e0 corros\u00e3o e menos propensas a reter os odores dos alimentos.<\/p>\n<p><strong>Adequado para placas de indu\u00e7\u00e3o:<\/strong> Estas panelas a vapor s\u00e3o perfeitamente compat\u00edveis com as modernas placas de indu\u00e7\u00e3o, bem como com os fog\u00f5es el\u00e9ctricos e a g\u00e1s.<\/p>\n<p><strong>Venda direta da f\u00e1brica por atacado:<\/strong> Como uma f\u00e1brica profissional de utens\u00edlios de cozinha, oferecemos pre\u00e7os diretos da f\u00e1brica, fornecimento est\u00e1vel a granel e controlo de qualidade rigoroso.<\/p>","protected":false},"featured_media":5178,"comment_status":"closed","ping_status":"closed","template":"","meta":{"_acf_changed":false},"product_brand":[],"product_cat":[24,79],"product_tag":[],"class_list":{"0":"post-5177","1":"product","2":"type-product","3":"status-publish","4":"has-post-thumbnail","6":"product_cat-cookware","7":"product_cat-steamer-pot","9":"first","10":"instock","11":"shipping-taxable","12":"product-type-simple"},"acf":[],"_links":{"self":[{"href":"https:\/\/www.purecook.com\/pt\/wp-json\/wp\/v2\/product\/5177","targetHints":{"allow":["GET"]}}],"collection":[{"href":"https:\/\/www.purecook.com\/pt\/wp-json\/wp\/v2\/product"}],"about":[{"href":"https:\/\/www.purecook.com\/pt\/wp-json\/wp\/v2\/types\/product"}],"replies":[{"embeddable":true,"href":"https:\/\/www.purecook.com\/pt\/wp-json\/wp\/v2\/comments?post=5177"}],"wp:featuredmedia":[{"embeddable":true,"href":"https:\/\/www.purecook.com\/pt\/wp-json\/wp\/v2\/media\/5178"}],"wp:attachment":[{"href":"https:\/\/www.purecook.com\/pt\/wp-json\/wp\/v2\/media?parent=5177"}],"wp:term":[{"taxonomy":"product_brand","embeddable":true,"href":"https:\/\/www.purecook.com\/pt\/wp-json\/wp\/v2\/product_brand?post=5177"},{"taxonomy":"product_cat","embeddable":true,"href":"https:\/\/www.purecook.com\/pt\/wp-json\/wp\/v2\/product_cat?post=5177"},{"taxonomy":"product_tag","embeddable":true,"href":"https:\/\/www.purecook.com\/pt\/wp-json\/wp\/v2\/product_tag?post=5177"}],"curies":[{"name":"wp","href":"https:\/\/api.w.org\/{rel}","templated":true}]}}