{"id":5184,"date":"2025-12-22T09:46:08","date_gmt":"2025-12-22T01:46:08","guid":{"rendered":"https:\/\/www.purecook.com\/?post_type=product&#038;p=5184"},"modified":"2025-12-22T10:05:35","modified_gmt":"2025-12-22T02:05:35","slug":"wholesale-stainless-steel-mesh-strainers","status":"publish","type":"product","link":"https:\/\/www.purecook.com\/pt\/product\/wholesale-stainless-steel-mesh-strainers\/","title":{"rendered":"Filtros de malha de a\u00e7o inoxid\u00e1vel por grosso \u2013 v\u00e1rios tamanhos dispon\u00edveis"},"content":{"rendered":"<div class=\"wp-block-columns is-layout-flex wp-container-core-columns-is-layout-9d6595d7 wp-block-columns-is-layout-flex\">\n<div class=\"wp-block-column is-layout-flow wp-block-column-is-layout-flow\">\n<h3 class=\"wp-block-heading\">Par\u00e2metros dos filtros de malha de a\u00e7o inoxid\u00e1vel<\/h3>\n\n\n\n<p><strong>Material:<\/strong> A\u00e7o inoxid\u00e1vel 304 + madeira<br><strong>Tamanho: <\/strong>14\/18\/22cm<br><strong>Log\u00f3tipo:<\/strong> Serigrafia\/grava\u00e7\u00e3o a laser\/estampagem em relevo<\/p>\n<\/div>\n\n\n\n<div class=\"wp-block-column is-layout-flow wp-block-column-is-layout-flow\">\n<h3 class=\"wp-block-heading\">Op\u00e7\u00f5es de utens\u00edlios de cozinha personalizados<\/h3>\n\n\n\n<p><strong>Log\u00f3tipo:<\/strong> Personaliz\u00e1vel com o log\u00f3tipo da sua marca<br><strong>Embalagem:<\/strong>&nbsp;Caixa de cor\/caixa de cart\u00e3o, etc<\/p>\n<\/div>\n<\/div>\n\n\n\n<div class=\"wp-block-columns is-layout-flex wp-container-core-columns-is-layout-9d6595d7 wp-block-columns-is-layout-flex\">\n<div class=\"wp-block-column is-layout-flow wp-block-column-is-layout-flow\">\n<figure class=\"wp-block-image size-full\"><img decoding=\"async\" width=\"800\" height=\"800\" src=\"https:\/\/www.purecook.com\/wp-content\/uploads\/2025\/12\/wholesale-stainless-steel-mesh-strainers-2.webp\" alt=\"coadores de malha de a\u00e7o inoxid\u00e1vel por atacado (2)\" class=\"wp-image-5186\" srcset=\"https:\/\/www.purecook.com\/wp-content\/uploads\/2025\/12\/wholesale-stainless-steel-mesh-strainers-2.webp 800w, https:\/\/www.purecook.com\/wp-content\/uploads\/2025\/12\/wholesale-stainless-steel-mesh-strainers-2-300x300.webp 300w, https:\/\/www.purecook.com\/wp-content\/uploads\/2025\/12\/wholesale-stainless-steel-mesh-strainers-2-150x150.webp 150w, https:\/\/www.purecook.com\/wp-content\/uploads\/2025\/12\/wholesale-stainless-steel-mesh-strainers-2-768x768.webp 768w, https:\/\/www.purecook.com\/wp-content\/uploads\/2025\/12\/wholesale-stainless-steel-mesh-strainers-2-12x12.webp 12w, https:\/\/www.purecook.com\/wp-content\/uploads\/2025\/12\/wholesale-stainless-steel-mesh-strainers-2-600x600.webp 600w, https:\/\/www.purecook.com\/wp-content\/uploads\/2025\/12\/wholesale-stainless-steel-mesh-strainers-2-100x100.webp 100w\" sizes=\"(max-width: 800px) 100vw, 800px\" \/><\/figure>\n<\/div>\n\n\n\n<div class=\"wp-block-column is-layout-flow wp-block-column-is-layout-flow\">\n<figure class=\"wp-block-image size-full\"><img decoding=\"async\" width=\"800\" height=\"800\" src=\"https:\/\/www.purecook.com\/wp-content\/uploads\/2025\/12\/wholesale-stainless-steel-mesh-strainers-4.webp\" alt=\"coadores de malha de a\u00e7o inoxid\u00e1vel por atacado (4)\" class=\"wp-image-5188\" srcset=\"https:\/\/www.purecook.com\/wp-content\/uploads\/2025\/12\/wholesale-stainless-steel-mesh-strainers-4.webp 800w, https:\/\/www.purecook.com\/wp-content\/uploads\/2025\/12\/wholesale-stainless-steel-mesh-strainers-4-300x300.webp 300w, https:\/\/www.purecook.com\/wp-content\/uploads\/2025\/12\/wholesale-stainless-steel-mesh-strainers-4-150x150.webp 150w, https:\/\/www.purecook.com\/wp-content\/uploads\/2025\/12\/wholesale-stainless-steel-mesh-strainers-4-768x768.webp 768w, https:\/\/www.purecook.com\/wp-content\/uploads\/2025\/12\/wholesale-stainless-steel-mesh-strainers-4-12x12.webp 12w, https:\/\/www.purecook.com\/wp-content\/uploads\/2025\/12\/wholesale-stainless-steel-mesh-strainers-4-600x600.webp 600w, https:\/\/www.purecook.com\/wp-content\/uploads\/2025\/12\/wholesale-stainless-steel-mesh-strainers-4-100x100.webp 100w\" sizes=\"(max-width: 800px) 100vw, 800px\" \/><\/figure>\n<\/div>\n<\/div>","protected":false},"excerpt":{"rendered":"<p>Os nossos coadores de malha de a\u00e7o inoxid\u00e1vel por atacado s\u00e3o ideais para cozinhas profissionais e dom\u00e9sticas, combinando for\u00e7a, seguran\u00e7a e efici\u00eancia. Estes coadores de malha s\u00e3o perfeitos para fritar, escaldar, ferver e enxaguar ingredientes. S\u00e3o uma escolha fi\u00e1vel para restaurantes, retalhistas e marcas de utens\u00edlios de cozinha. As encomendas a granel s\u00e3o bem-vindas.<\/p>\n<h2>Carater\u00edsticas dos coadores de malha de a\u00e7o inoxid\u00e1vel<\/h2>\n<p><strong>Excelente durabilidade:<\/strong> Os nossos filtros de malha de a\u00e7o inoxid\u00e1vel por atacado s\u00e3o feitos de a\u00e7o inoxid\u00e1vel de alta qualidade, ideal para aplica\u00e7\u00f5es de alta temperatura, como fritar ou ferver.<\/p>\n<p><strong>Design ergon\u00f3mico:<\/strong> Possui uma pega de madeira longa e robusta para uma ader\u00eancia confort\u00e1vel e antiderrapante e protege as m\u00e3os da transfer\u00eancia de calor ao manusear \u00f3leo quente ou vapor.<\/p>\n<p><strong>Versatilidade:<\/strong> Os coadores de malha para venda por grosso s\u00e3o perfeitos para:<\/p>\n<ul>\n<li>Fritura em profundidade: Levantar batatas fritas, an\u00e9is de cebola ou tempura, deixando o \u00f3leo escorrer rapidamente.<\/li>\n<li>Branquear e cozer: Retirar rapidamente legumes ou massas da \u00e1gua a ferver.<\/li>\n<li>Lavagem e enxaguamento: Utilizar as vers\u00f5es com p\u00e9s como escorredores para os produtos.<\/li>\n<\/ul>\n<p><strong>Fluxo r\u00e1pido:<\/strong> O padr\u00e3o de perfura\u00e7\u00e3o consistente garante que os l\u00edquidos sejam drenados r\u00e1pida e uniformemente, evitando que os alimentos fiquem encharcados.<\/p>\n<p><strong>F\u00e1cil de limpar:<\/strong> Ao contr\u00e1rio da rede de arame tradicional, onde as part\u00edculas de alimentos ficam frequentemente presas na trama, a superf\u00edcie lisa e plana do a\u00e7o perfurado \u00e9 muito mais f\u00e1cil de limpar ou pulverizar.<\/p>","protected":false},"featured_media":5185,"comment_status":"closed","ping_status":"closed","template":"","meta":{"_acf_changed":false},"product_brand":[],"product_cat":[52,65],"product_tag":[],"class_list":{"0":"post-5184","1":"product","2":"type-product","3":"status-publish","4":"has-post-thumbnail","6":"product_cat-kitchen-utensils","7":"product_cat-kitchen-strainer-and-colander","9":"first","10":"instock","11":"shipping-taxable","12":"product-type-simple"},"acf":[],"_links":{"self":[{"href":"https:\/\/www.purecook.com\/pt\/wp-json\/wp\/v2\/product\/5184","targetHints":{"allow":["GET"]}}],"collection":[{"href":"https:\/\/www.purecook.com\/pt\/wp-json\/wp\/v2\/product"}],"about":[{"href":"https:\/\/www.purecook.com\/pt\/wp-json\/wp\/v2\/types\/product"}],"replies":[{"embeddable":true,"href":"https:\/\/www.purecook.com\/pt\/wp-json\/wp\/v2\/comments?post=5184"}],"wp:featuredmedia":[{"embeddable":true,"href":"https:\/\/www.purecook.com\/pt\/wp-json\/wp\/v2\/media\/5185"}],"wp:attachment":[{"href":"https:\/\/www.purecook.com\/pt\/wp-json\/wp\/v2\/media?parent=5184"}],"wp:term":[{"taxonomy":"product_brand","embeddable":true,"href":"https:\/\/www.purecook.com\/pt\/wp-json\/wp\/v2\/product_brand?post=5184"},{"taxonomy":"product_cat","embeddable":true,"href":"https:\/\/www.purecook.com\/pt\/wp-json\/wp\/v2\/product_cat?post=5184"},{"taxonomy":"product_tag","embeddable":true,"href":"https:\/\/www.purecook.com\/pt\/wp-json\/wp\/v2\/product_tag?post=5184"}],"curies":[{"name":"wp","href":"https:\/\/api.w.org\/{rel}","templated":true}]}}