{"id":5192,"date":"2025-12-22T10:08:13","date_gmt":"2025-12-22T02:08:13","guid":{"rendered":"https:\/\/www.purecook.com\/?post_type=product&#038;p=5192"},"modified":"2025-12-22T11:29:45","modified_gmt":"2025-12-22T03:29:45","slug":"wholesale-10-piece-mixing-bowl-set","status":"publish","type":"product","link":"https:\/\/www.purecook.com\/pt\/product\/wholesale-10-piece-mixing-bowl-set\/","title":{"rendered":"Conjunto de 10 tigelas para misturar, por grosso"},"content":{"rendered":"<div class=\"wp-block-columns is-layout-flex wp-container-core-columns-is-layout-9d6595d7 wp-block-columns-is-layout-flex\">\n<div class=\"wp-block-column is-layout-flow wp-block-column-is-layout-flow\">\n<h3 class=\"wp-block-heading\">Par\u00e2metros da frigideira de exterior em a\u00e7o inoxid\u00e1vel<\/h3>\n\n\n\n<p><strong>Material: <\/strong>A\u00e7o inoxid\u00e1vel 304<br><strong>Tamanho:<\/strong><br>Ta\u00e7a de vidro para misturar de 26,5 cm<br>Peneira com cabo \u00fanico de 21 cm<br>Filtro duplo de 20 cm<br>Cesto redondo de malha profunda com 24 cm<br>Prato raso de 21 cm<br>Tigela de mistura 304 de 24 cm<br>Ralador de 12 cm* 3<br><\/p>\n<\/div>\n\n\n\n<div class=\"wp-block-column is-layout-flow wp-block-column-is-layout-flow\">\n<h3 class=\"wp-block-heading\">Op\u00e7\u00f5es de utens\u00edlios de cozinha personalizados<\/h3>\n\n\n\n<p><strong>Log\u00f3tipo:<\/strong> Personaliz\u00e1vel com o log\u00f3tipo da sua marca<br><strong>Embalagem:<\/strong>&nbsp;Caixa de cor\/caixa de cart\u00e3o, etc<br><strong>Pega: <\/strong>Pega para se adaptar ao seu estilo<\/p>\n<\/div>\n<\/div>\n\n\n\n<div class=\"wp-block-columns is-layout-flex wp-container-core-columns-is-layout-9d6595d7 wp-block-columns-is-layout-flex\">\n<div class=\"wp-block-column is-layout-flow wp-block-column-is-layout-flow\">\n<figure class=\"wp-block-image size-full\"><img decoding=\"async\" width=\"800\" height=\"800\" src=\"https:\/\/www.purecook.com\/wp-content\/uploads\/2025\/12\/wholesale-mixing-bowl-set-2.webp\" alt=\"conjunto de tigelas para misturar por grosso (2)\" class=\"wp-image-5194\" srcset=\"https:\/\/www.purecook.com\/wp-content\/uploads\/2025\/12\/wholesale-mixing-bowl-set-2.webp 800w, https:\/\/www.purecook.com\/wp-content\/uploads\/2025\/12\/wholesale-mixing-bowl-set-2-300x300.webp 300w, https:\/\/www.purecook.com\/wp-content\/uploads\/2025\/12\/wholesale-mixing-bowl-set-2-150x150.webp 150w, https:\/\/www.purecook.com\/wp-content\/uploads\/2025\/12\/wholesale-mixing-bowl-set-2-768x768.webp 768w, https:\/\/www.purecook.com\/wp-content\/uploads\/2025\/12\/wholesale-mixing-bowl-set-2-12x12.webp 12w, https:\/\/www.purecook.com\/wp-content\/uploads\/2025\/12\/wholesale-mixing-bowl-set-2-600x600.webp 600w, https:\/\/www.purecook.com\/wp-content\/uploads\/2025\/12\/wholesale-mixing-bowl-set-2-100x100.webp 100w\" sizes=\"(max-width: 800px) 100vw, 800px\" \/><\/figure>\n<\/div>\n\n\n\n<div class=\"wp-block-column is-layout-flow wp-block-column-is-layout-flow\">\n<figure class=\"wp-block-image size-full\"><img decoding=\"async\" width=\"800\" height=\"800\" src=\"https:\/\/www.purecook.com\/wp-content\/uploads\/2025\/12\/wholesale-mixing-bowl-set-5.webp\" alt=\"conjunto de tigelas para misturar por grosso (5)\" class=\"wp-image-5197\" srcset=\"https:\/\/www.purecook.com\/wp-content\/uploads\/2025\/12\/wholesale-mixing-bowl-set-5.webp 800w, https:\/\/www.purecook.com\/wp-content\/uploads\/2025\/12\/wholesale-mixing-bowl-set-5-300x300.webp 300w, https:\/\/www.purecook.com\/wp-content\/uploads\/2025\/12\/wholesale-mixing-bowl-set-5-150x150.webp 150w, https:\/\/www.purecook.com\/wp-content\/uploads\/2025\/12\/wholesale-mixing-bowl-set-5-768x768.webp 768w, https:\/\/www.purecook.com\/wp-content\/uploads\/2025\/12\/wholesale-mixing-bowl-set-5-12x12.webp 12w, https:\/\/www.purecook.com\/wp-content\/uploads\/2025\/12\/wholesale-mixing-bowl-set-5-600x600.webp 600w, https:\/\/www.purecook.com\/wp-content\/uploads\/2025\/12\/wholesale-mixing-bowl-set-5-100x100.webp 100w\" sizes=\"(max-width: 800px) 100vw, 800px\" \/><\/figure>\n<\/div>\n<\/div>\n\n\n\n<div class=\"wp-block-columns is-layout-flex wp-container-core-columns-is-layout-9d6595d7 wp-block-columns-is-layout-flex\">\n<div class=\"wp-block-column is-layout-flow wp-block-column-is-layout-flow\"><\/div>\n\n\n\n<div class=\"wp-block-column is-layout-flow wp-block-column-is-layout-flow\"><\/div>\n<\/div>","protected":false},"excerpt":{"rendered":"<p>Conjunto de 10 tigelas para misturar, \u00e0 venda por grosso. O nosso conjunto inclui uma tigela para misturar em a\u00e7o inoxid\u00e1vel de alta qualidade com medidas gravadas no interior e uma tigela em vidro cristalino para observar a fermenta\u00e7\u00e3o da massa ou para preparar saladas com camadas bonitas. Contacte-nos para obter um or\u00e7amento.<\/p>\n<h2>Caracter\u00edsticas do conjunto de 10 tigelas para misturar<\/h2>\n<p><strong>Economia de espa\u00e7o:<\/strong> A vantagem do conjunto de 10 tigelas para misturar reside no seu design empilh\u00e1vel e encaix\u00e1vel.<\/p>\n<p><strong>Versatilidade:<\/strong> O conjunto de 10 tigelas \u00e9 altamente vers\u00e1til e pode substituir v\u00e1rios utens\u00edlios de cozinha individuais, incluindo aqueles usados para misturar e preparar, coar e enxaguar, e armazenar alimentos.<\/p>\n<p><strong>Materiais de alta qualidade:<\/strong> O conjunto inclui tigelas de vidro e a\u00e7o inoxid\u00e1vel, adequadas tanto para refrigerar massa como para manusear legumes escaldados quentes.<\/p>\n<p><strong>Design intuitivo:<\/strong> As tigelas de a\u00e7o inoxid\u00e1vel possuem marca\u00e7\u00f5es de medi\u00e7\u00e3o (gravadas na lateral), eliminando a necessidade de copos medidores separados.<\/p>","protected":false},"featured_media":5193,"comment_status":"closed","ping_status":"closed","template":"","meta":{"_acf_changed":false},"product_brand":[],"product_cat":[52,90],"product_tag":[],"class_list":{"0":"post-5192","1":"product","2":"type-product","3":"status-publish","4":"has-post-thumbnail","6":"product_cat-kitchen-utensils","7":"product_cat-mixing-bowl","9":"first","10":"instock","11":"shipping-taxable","12":"product-type-simple"},"acf":[],"_links":{"self":[{"href":"https:\/\/www.purecook.com\/pt\/wp-json\/wp\/v2\/product\/5192","targetHints":{"allow":["GET"]}}],"collection":[{"href":"https:\/\/www.purecook.com\/pt\/wp-json\/wp\/v2\/product"}],"about":[{"href":"https:\/\/www.purecook.com\/pt\/wp-json\/wp\/v2\/types\/product"}],"replies":[{"embeddable":true,"href":"https:\/\/www.purecook.com\/pt\/wp-json\/wp\/v2\/comments?post=5192"}],"wp:featuredmedia":[{"embeddable":true,"href":"https:\/\/www.purecook.com\/pt\/wp-json\/wp\/v2\/media\/5193"}],"wp:attachment":[{"href":"https:\/\/www.purecook.com\/pt\/wp-json\/wp\/v2\/media?parent=5192"}],"wp:term":[{"taxonomy":"product_brand","embeddable":true,"href":"https:\/\/www.purecook.com\/pt\/wp-json\/wp\/v2\/product_brand?post=5192"},{"taxonomy":"product_cat","embeddable":true,"href":"https:\/\/www.purecook.com\/pt\/wp-json\/wp\/v2\/product_cat?post=5192"},{"taxonomy":"product_tag","embeddable":true,"href":"https:\/\/www.purecook.com\/pt\/wp-json\/wp\/v2\/product_tag?post=5192"}],"curies":[{"name":"wp","href":"https:\/\/api.w.org\/{rel}","templated":true}]}}