{"id":5199,"date":"2025-12-22T11:34:50","date_gmt":"2025-12-22T03:34:50","guid":{"rendered":"https:\/\/www.purecook.com\/?post_type=product&#038;p=5199"},"modified":"2025-12-22T11:55:52","modified_gmt":"2025-12-22T03:55:52","slug":"wholesale-stainless-steel-oil-filter-pots-2","status":"publish","type":"product","link":"https:\/\/www.purecook.com\/pt\/product\/wholesale-stainless-steel-oil-filter-pots-2\/","title":{"rendered":"Filtros de \u00f3leo de a\u00e7o inoxid\u00e1vel por grosso \u2013 adequados para uso alimentar, dur\u00e1veis"},"content":{"rendered":"<div class=\"wp-block-columns is-layout-flex wp-container-core-columns-is-layout-9d6595d7 wp-block-columns-is-layout-flex\">\n<div class=\"wp-block-column is-layout-flow wp-block-column-is-layout-flow\">\n<h3 class=\"wp-block-heading\">Par\u00e2metros dos potes de filtro de \u00f3leo em a\u00e7o inoxid\u00e1vel<\/h3>\n\n\n\n<p><strong>Material:<\/strong> A\u00e7o inoxid\u00e1vel 304<br><strong>Espessura normal:<\/strong> 0,8 mm<br><strong>Tampa:<\/strong> A\u00e7o inoxid\u00e1vel<br><strong>Capacidade: <\/strong>2L<br><strong>Log\u00f3tipo:<\/strong> Serigrafia\/grava\u00e7\u00e3o a laser\/estampagem em relevo<br><strong>Cor: <\/strong>Bege\/branco<\/p>\n<\/div>\n\n\n\n<div class=\"wp-block-column is-layout-flow wp-block-column-is-layout-flow\">\n<h3 class=\"wp-block-heading\">Op\u00e7\u00f5es de utens\u00edlios de cozinha personalizados<\/h3>\n\n\n\n<p><strong>Log\u00f3tipo:<\/strong> Personaliz\u00e1vel com o log\u00f3tipo da sua marca<br><strong>Embalagem:<\/strong>\u00a0Caixa de cor\/caixa de cart\u00e3o, etc<br><\/p>\n<\/div>\n<\/div>\n\n\n\n<div class=\"wp-block-columns is-layout-flex wp-container-core-columns-is-layout-9d6595d7 wp-block-columns-is-layout-flex\">\n<div class=\"wp-block-column is-layout-flow wp-block-column-is-layout-flow\">\n<figure class=\"wp-block-image size-full\"><img decoding=\"async\" width=\"800\" height=\"800\" src=\"https:\/\/www.purecook.com\/wp-content\/uploads\/2025\/12\/wholesale-stainless-steel-oil-filter-pots-5.webp\" alt=\"potes de filtro de \u00f3leo de a\u00e7o inoxid\u00e1vel por atacado (5)\" class=\"wp-image-5204\" srcset=\"https:\/\/www.purecook.com\/wp-content\/uploads\/2025\/12\/wholesale-stainless-steel-oil-filter-pots-5.webp 800w, https:\/\/www.purecook.com\/wp-content\/uploads\/2025\/12\/wholesale-stainless-steel-oil-filter-pots-5-300x300.webp 300w, https:\/\/www.purecook.com\/wp-content\/uploads\/2025\/12\/wholesale-stainless-steel-oil-filter-pots-5-150x150.webp 150w, https:\/\/www.purecook.com\/wp-content\/uploads\/2025\/12\/wholesale-stainless-steel-oil-filter-pots-5-768x768.webp 768w, https:\/\/www.purecook.com\/wp-content\/uploads\/2025\/12\/wholesale-stainless-steel-oil-filter-pots-5-12x12.webp 12w, https:\/\/www.purecook.com\/wp-content\/uploads\/2025\/12\/wholesale-stainless-steel-oil-filter-pots-5-600x600.webp 600w, https:\/\/www.purecook.com\/wp-content\/uploads\/2025\/12\/wholesale-stainless-steel-oil-filter-pots-5-100x100.webp 100w\" sizes=\"(max-width: 800px) 100vw, 800px\" \/><\/figure>\n<\/div>\n\n\n\n<div class=\"wp-block-column is-layout-flow wp-block-column-is-layout-flow\">\n<figure class=\"wp-block-image size-full\"><img decoding=\"async\" width=\"800\" height=\"800\" src=\"https:\/\/www.purecook.com\/wp-content\/uploads\/2025\/12\/wholesale-stainless-steel-oil-filter-pots-7.webp\" alt=\"potes de filtro de \u00f3leo de a\u00e7o inoxid\u00e1vel por atacado (7)\" class=\"wp-image-5206\" srcset=\"https:\/\/www.purecook.com\/wp-content\/uploads\/2025\/12\/wholesale-stainless-steel-oil-filter-pots-7.webp 800w, https:\/\/www.purecook.com\/wp-content\/uploads\/2025\/12\/wholesale-stainless-steel-oil-filter-pots-7-300x300.webp 300w, https:\/\/www.purecook.com\/wp-content\/uploads\/2025\/12\/wholesale-stainless-steel-oil-filter-pots-7-150x150.webp 150w, https:\/\/www.purecook.com\/wp-content\/uploads\/2025\/12\/wholesale-stainless-steel-oil-filter-pots-7-768x768.webp 768w, https:\/\/www.purecook.com\/wp-content\/uploads\/2025\/12\/wholesale-stainless-steel-oil-filter-pots-7-12x12.webp 12w, https:\/\/www.purecook.com\/wp-content\/uploads\/2025\/12\/wholesale-stainless-steel-oil-filter-pots-7-600x600.webp 600w, https:\/\/www.purecook.com\/wp-content\/uploads\/2025\/12\/wholesale-stainless-steel-oil-filter-pots-7-100x100.webp 100w\" sizes=\"(max-width: 800px) 100vw, 800px\" \/><\/figure>\n<\/div>\n<\/div>","protected":false},"excerpt":{"rendered":"<p>Potes de filtro de \u00f3leo em a\u00e7o inoxid\u00e1vel por grosso. Este pote de filtro de \u00f3leo possui uma tela de filtro de precis\u00e3o ultrafina que remove at\u00e9 mesmo as part\u00edculas de alimentos mais pequenas, dando-lhe \u00f3leo de cozinha claro, transparente e reutiliz\u00e1vel. Tem um design de bico \u00e0 prova de gotejamento para evitar derrames e sujidade. As suas fun\u00e7\u00f5es incluem uma filtragem eficaz, fritura de alimentos e utiliza\u00e7\u00e3o na cozedura e no branqueamento.<\/p>\n<h2>Carater\u00edsticas dos potes de filtro de \u00f3leo em a\u00e7o inoxid\u00e1vel<\/h2>\n<p><strong>Funcionalidade vers\u00e1til 3 em 1<\/strong><\/p>\n<p>Ao contr\u00e1rio dos recipientes de gordura normais, esta panela funciona como um fog\u00e3o multifun\u00e7\u00f5es.<\/p>\n<ul>\n<li>Fritura profunda: Perfeito para pequenas quantidades de frango frito ou batatas fritas.<\/li>\n<li>Cozinhar e escaldar: Ideal para cozinhar massas, legumes ou mesmo preparar uma panela quente.<\/li>\n<li>Armazenamento e filtragem: Funciona como um recipiente tradicional para limpar e armazenar \u00f3leo usado.<\/li>\n<\/ul>\n<p><strong>Compatibilidade com fog\u00f5es universais:<\/strong> Gra\u00e7as ao design especial da sua base, o pote do filtro de \u00f3leo \u00e9 compat\u00edvel com praticamente qualquer fonte de calor. Pode ser utilizado diretamente em fog\u00f5es de indu\u00e7\u00e3o, fog\u00f5es a g\u00e1s e muito mais.<\/p>\n<p><strong>Conce\u00e7\u00e3o pr\u00e1tica:<\/strong> Inclui uma pega grande para uma ader\u00eancia segura e um bico de despejo incorporado para evitar pingos sujos ao transferir \u00f3leo ou deitar sopa.<\/p>\n<p>&nbsp;<\/p>","protected":false},"featured_media":5200,"comment_status":"closed","ping_status":"closed","template":"","meta":{"_acf_changed":false},"product_brand":[],"product_cat":[52,64],"product_tag":[],"class_list":{"0":"post-5199","1":"product","2":"type-product","3":"status-publish","4":"has-post-thumbnail","6":"product_cat-kitchen-utensils","7":"product_cat-oil-pot","9":"first","10":"instock","11":"shipping-taxable","12":"product-type-simple"},"acf":[],"_links":{"self":[{"href":"https:\/\/www.purecook.com\/pt\/wp-json\/wp\/v2\/product\/5199","targetHints":{"allow":["GET"]}}],"collection":[{"href":"https:\/\/www.purecook.com\/pt\/wp-json\/wp\/v2\/product"}],"about":[{"href":"https:\/\/www.purecook.com\/pt\/wp-json\/wp\/v2\/types\/product"}],"replies":[{"embeddable":true,"href":"https:\/\/www.purecook.com\/pt\/wp-json\/wp\/v2\/comments?post=5199"}],"wp:featuredmedia":[{"embeddable":true,"href":"https:\/\/www.purecook.com\/pt\/wp-json\/wp\/v2\/media\/5200"}],"wp:attachment":[{"href":"https:\/\/www.purecook.com\/pt\/wp-json\/wp\/v2\/media?parent=5199"}],"wp:term":[{"taxonomy":"product_brand","embeddable":true,"href":"https:\/\/www.purecook.com\/pt\/wp-json\/wp\/v2\/product_brand?post=5199"},{"taxonomy":"product_cat","embeddable":true,"href":"https:\/\/www.purecook.com\/pt\/wp-json\/wp\/v2\/product_cat?post=5199"},{"taxonomy":"product_tag","embeddable":true,"href":"https:\/\/www.purecook.com\/pt\/wp-json\/wp\/v2\/product_tag?post=5199"}],"curies":[{"name":"wp","href":"https:\/\/api.w.org\/{rel}","templated":true}]}}