{"id":5214,"date":"2025-12-22T12:03:59","date_gmt":"2025-12-22T04:03:59","guid":{"rendered":"https:\/\/www.purecook.com\/?post_type=product&#038;p=5214"},"modified":"2025-12-22T12:22:43","modified_gmt":"2025-12-22T04:22:43","slug":"wholesale-4-compartment-fried-egg-pans","status":"publish","type":"product","link":"https:\/\/www.purecook.com\/pt\/product\/wholesale-4-compartment-fried-egg-pans\/","title":{"rendered":"Panelas para ovos fritos com 4 compartimentos por grosso"},"content":{"rendered":"<div class=\"wp-block-columns is-layout-flex wp-container-core-columns-is-layout-9d6595d7 wp-block-columns-is-layout-flex\">\n<div class=\"wp-block-column is-layout-flow wp-block-column-is-layout-flow\">\n<h3 class=\"wp-block-heading\">Par\u00e2metros da frigideira para ovos fritos de quatro ch\u00e1venas<\/h3>\n\n\n\n<p><strong>Material: <\/strong>Alum\u00ednio<br><strong>Log\u00f3tipo: <\/strong>Serigrafia\/grava\u00e7\u00e3o a laser\/estampagem em relevo<\/p>\n<\/div>\n\n\n\n<div class=\"wp-block-column is-layout-flow wp-block-column-is-layout-flow\">\n<h3 class=\"wp-block-heading\">Op\u00e7\u00f5es de utens\u00edlios de cozinha personalizados<\/h3>\n\n\n\n<p><strong>Log\u00f3tipo:<\/strong> Personaliz\u00e1vel com o log\u00f3tipo da sua marca<br><strong>Embalagem:<\/strong>&nbsp;Caixa de cor\/caixa de cart\u00e3o, etc<br><strong>Pega: <\/strong>Pega para se adaptar ao seu estilo<\/p>\n<\/div>\n<\/div>\n\n\n\n<div class=\"wp-block-columns is-layout-flex wp-container-core-columns-is-layout-9d6595d7 wp-block-columns-is-layout-flex\">\n<div class=\"wp-block-column is-layout-flow wp-block-column-is-layout-flow\">\n<figure class=\"wp-block-image size-full\"><img decoding=\"async\" width=\"800\" height=\"800\" src=\"https:\/\/www.purecook.com\/wp-content\/uploads\/2025\/12\/wholesale-4-compartment-fried-egg-pans-3.webp\" alt=\"frigideiras para ovos estrelados com 4 compartimentos (3)\" class=\"wp-image-5217\" srcset=\"https:\/\/www.purecook.com\/wp-content\/uploads\/2025\/12\/wholesale-4-compartment-fried-egg-pans-3.webp 800w, https:\/\/www.purecook.com\/wp-content\/uploads\/2025\/12\/wholesale-4-compartment-fried-egg-pans-3-300x300.webp 300w, https:\/\/www.purecook.com\/wp-content\/uploads\/2025\/12\/wholesale-4-compartment-fried-egg-pans-3-150x150.webp 150w, https:\/\/www.purecook.com\/wp-content\/uploads\/2025\/12\/wholesale-4-compartment-fried-egg-pans-3-768x768.webp 768w, https:\/\/www.purecook.com\/wp-content\/uploads\/2025\/12\/wholesale-4-compartment-fried-egg-pans-3-12x12.webp 12w, https:\/\/www.purecook.com\/wp-content\/uploads\/2025\/12\/wholesale-4-compartment-fried-egg-pans-3-600x600.webp 600w, https:\/\/www.purecook.com\/wp-content\/uploads\/2025\/12\/wholesale-4-compartment-fried-egg-pans-3-100x100.webp 100w\" sizes=\"(max-width: 800px) 100vw, 800px\" \/><\/figure>\n<\/div>\n\n\n\n<div class=\"wp-block-column is-layout-flow wp-block-column-is-layout-flow\">\n<figure class=\"wp-block-image size-full\"><img decoding=\"async\" width=\"800\" height=\"800\" src=\"https:\/\/www.purecook.com\/wp-content\/uploads\/2025\/12\/wholesale-4-compartment-fried-egg-pans-4.webp\" alt=\"frigideiras para ovos estrelados com 4 compartimentos (4)\" class=\"wp-image-5218\" srcset=\"https:\/\/www.purecook.com\/wp-content\/uploads\/2025\/12\/wholesale-4-compartment-fried-egg-pans-4.webp 800w, https:\/\/www.purecook.com\/wp-content\/uploads\/2025\/12\/wholesale-4-compartment-fried-egg-pans-4-300x300.webp 300w, https:\/\/www.purecook.com\/wp-content\/uploads\/2025\/12\/wholesale-4-compartment-fried-egg-pans-4-150x150.webp 150w, https:\/\/www.purecook.com\/wp-content\/uploads\/2025\/12\/wholesale-4-compartment-fried-egg-pans-4-768x768.webp 768w, https:\/\/www.purecook.com\/wp-content\/uploads\/2025\/12\/wholesale-4-compartment-fried-egg-pans-4-12x12.webp 12w, https:\/\/www.purecook.com\/wp-content\/uploads\/2025\/12\/wholesale-4-compartment-fried-egg-pans-4-600x600.webp 600w, https:\/\/www.purecook.com\/wp-content\/uploads\/2025\/12\/wholesale-4-compartment-fried-egg-pans-4-100x100.webp 100w\" sizes=\"(max-width: 800px) 100vw, 800px\" \/><\/figure>\n<\/div>\n<\/div>\n\n\n\n<div class=\"wp-block-columns is-layout-flex wp-container-core-columns-is-layout-9d6595d7 wp-block-columns-is-layout-flex\">\n<div class=\"wp-block-column is-layout-flow wp-block-column-is-layout-flow\"><\/div>\n\n\n\n<div class=\"wp-block-column is-layout-flow wp-block-column-is-layout-flow\"><\/div>\n<\/div>","protected":false},"excerpt":{"rendered":"<p>Frigideiras para ovos fritos com 4 compartimentos por grosso. Este utens\u00edlio de cozinha possui quatro compartimentos separados, permitindo fritar bacon, saltear camar\u00f5es, cozinhar legumes no vapor e fritar um ovo redondo perfeito, tudo ao mesmo tempo. Cozinhe uma refei\u00e7\u00e3o completa usando apenas um fog\u00e3o. Contacte-nos para obter um or\u00e7amento.<\/p>\n<h2>Caracter\u00edsticas das frigideiras para ovos fritos com 4 compartimentos<\/h2>\n<p data-start=\"60\" data-end=\"312\"><strong data-start=\"60\" data-end=\"93\">Cozinha vers\u00e1til e multifuncional:<\/strong> Esta frigideira permite preparar um pequeno-almo\u00e7o completo ou uma refei\u00e7\u00e3o inteira de uma s\u00f3 vez. Como mostrado, pode fritar ovos, assar asas de frango, saltear camar\u00f5es e cozinhar legumes no vapor simultaneamente, reduzindo significativamente o tempo de cozedura.<\/p>\n<p data-start=\"314\" data-end=\"497\"><strong data-start=\"314\" data-end=\"343\">Op\u00e7\u00f5es de formas decorativas:<\/strong> Ao contr\u00e1rio das frigideiras redondas comuns, este modelo apresenta tr\u00eas formatos exclusivos \u2014 incluindo c\u00edrculos, estrelas e cora\u00e7\u00f5es \u2014 para adicionar divers\u00e3o e criatividade \u00e0 sua culin\u00e1ria.<\/p>\n<p data-start=\"499\" data-end=\"658\"><strong data-start=\"499\" data-end=\"530\">Revestimento antiaderente avan\u00e7ado:<\/strong> Com apenas uma pequena quantidade de \u00f3leo ou manteiga, os alimentos deslizam facilmente e a superf\u00edcie pode ser limpa sem esfor\u00e7o com uma esponja.<\/p>\n<p data-start=\"660\" data-end=\"814\"><strong data-start=\"660\" data-end=\"686\">Pega resistente ao calor:<\/strong> O cabo com textura de madeira foi ergonomicamente concebido para uma pegada confort\u00e1vel e permanece frio ao toque durante a cozedura.<\/p>","protected":false},"featured_media":5215,"comment_status":"closed","ping_status":"closed","template":"","meta":{"_acf_changed":false},"product_brand":[],"product_cat":[24,71],"product_tag":[],"class_list":{"0":"post-5214","1":"product","2":"type-product","3":"status-publish","4":"has-post-thumbnail","6":"product_cat-cookware","7":"product_cat-frying-pan","9":"first","10":"instock","11":"shipping-taxable","12":"product-type-simple"},"acf":[],"_links":{"self":[{"href":"https:\/\/www.purecook.com\/pt\/wp-json\/wp\/v2\/product\/5214","targetHints":{"allow":["GET"]}}],"collection":[{"href":"https:\/\/www.purecook.com\/pt\/wp-json\/wp\/v2\/product"}],"about":[{"href":"https:\/\/www.purecook.com\/pt\/wp-json\/wp\/v2\/types\/product"}],"replies":[{"embeddable":true,"href":"https:\/\/www.purecook.com\/pt\/wp-json\/wp\/v2\/comments?post=5214"}],"wp:featuredmedia":[{"embeddable":true,"href":"https:\/\/www.purecook.com\/pt\/wp-json\/wp\/v2\/media\/5215"}],"wp:attachment":[{"href":"https:\/\/www.purecook.com\/pt\/wp-json\/wp\/v2\/media?parent=5214"}],"wp:term":[{"taxonomy":"product_brand","embeddable":true,"href":"https:\/\/www.purecook.com\/pt\/wp-json\/wp\/v2\/product_brand?post=5214"},{"taxonomy":"product_cat","embeddable":true,"href":"https:\/\/www.purecook.com\/pt\/wp-json\/wp\/v2\/product_cat?post=5214"},{"taxonomy":"product_tag","embeddable":true,"href":"https:\/\/www.purecook.com\/pt\/wp-json\/wp\/v2\/product_tag?post=5214"}],"curies":[{"name":"wp","href":"https:\/\/api.w.org\/{rel}","templated":true}]}}