{"id":5380,"date":"2026-01-24T17:04:11","date_gmt":"2026-01-24T09:04:11","guid":{"rendered":"https:\/\/www.purecook.com\/?post_type=product&#038;p=5380"},"modified":"2026-01-24T17:48:56","modified_gmt":"2026-01-24T09:48:56","slug":"wholesale-stainless-steel-deep-fryer-pots","status":"publish","type":"product","link":"https:\/\/www.purecook.com\/pt\/product\/wholesale-stainless-steel-deep-fryer-pots\/","title":{"rendered":"Fritadeira de a\u00e7o inoxid\u00e1vel por atacado com cesto de filtro (2.8L)"},"content":{"rendered":"<div class=\"wp-block-columns is-layout-flex wp-container-core-columns-is-layout-9d6595d7 wp-block-columns-is-layout-flex\">\n<div class=\"wp-block-column is-layout-flow wp-block-column-is-layout-flow\">\n<h3 class=\"wp-block-heading\">Par\u00e2metros da frigideira de exterior em a\u00e7o inoxid\u00e1vel<\/h3>\n\n\n\n<p><strong>Material:<\/strong> A\u00e7o inoxid\u00e1vel<br><strong>Espessura normal:<\/strong> 0,6 mm<br><strong>Tampa:<\/strong> Tampas de vidro<br><strong>Fundo: <\/strong>Fundo sandu\u00edche de indu\u00e7\u00e3o (SUS+1 mm Alu+SUS)<br><strong>Log\u00f3tipo: <\/strong>Serigrafia\/grava\u00e7\u00e3o a laser\/carimbo em relevo<br><strong>Pega e bot\u00e3o da tampa:<\/strong> A\u00e7o inoxid\u00e1vel<br><strong>Capacidade:<\/strong> 2.8L<\/p>\n<\/div>\n\n\n\n<div class=\"wp-block-column is-layout-flow wp-block-column-is-layout-flow\">\n<h3 class=\"wp-block-heading\">Op\u00e7\u00f5es de utens\u00edlios de cozinha personalizados<\/h3>\n\n\n\n<p><strong>Log\u00f3tipo:<\/strong> Personaliz\u00e1vel com o log\u00f3tipo da sua marca<br><strong>Embalagem:<\/strong>\u00a0Caixa de cor\/caixa de cart\u00e3o, etc<br><strong>Pega: <\/strong>Pega para se adaptar ao seu estilo<br><strong>Material: <\/strong>A\u00e7o inoxid\u00e1vel SUS#201\/304\/410\/430<\/p>\n<\/div>\n<\/div>\n\n\n\n<div class=\"wp-block-columns is-layout-flex wp-container-core-columns-is-layout-9d6595d7 wp-block-columns-is-layout-flex\">\n<div class=\"wp-block-column is-layout-flow wp-block-column-is-layout-flow\">\n<figure class=\"wp-block-image size-full\"><img decoding=\"async\" width=\"800\" height=\"800\" src=\"https:\/\/www.purecook.com\/wp-content\/uploads\/2026\/01\/wholesale-stainless-steel-deep-fryer-pot-1.webp\" alt=\"panela para fritadeira de a\u00e7o inoxid\u00e1vel por atacado (1)\" class=\"wp-image-5382\" srcset=\"https:\/\/www.purecook.com\/wp-content\/uploads\/2026\/01\/wholesale-stainless-steel-deep-fryer-pot-1.webp 800w, https:\/\/www.purecook.com\/wp-content\/uploads\/2026\/01\/wholesale-stainless-steel-deep-fryer-pot-1-300x300.webp 300w, https:\/\/www.purecook.com\/wp-content\/uploads\/2026\/01\/wholesale-stainless-steel-deep-fryer-pot-1-150x150.webp 150w, https:\/\/www.purecook.com\/wp-content\/uploads\/2026\/01\/wholesale-stainless-steel-deep-fryer-pot-1-768x768.webp 768w, https:\/\/www.purecook.com\/wp-content\/uploads\/2026\/01\/wholesale-stainless-steel-deep-fryer-pot-1-12x12.webp 12w, https:\/\/www.purecook.com\/wp-content\/uploads\/2026\/01\/wholesale-stainless-steel-deep-fryer-pot-1-600x600.webp 600w, https:\/\/www.purecook.com\/wp-content\/uploads\/2026\/01\/wholesale-stainless-steel-deep-fryer-pot-1-100x100.webp 100w\" sizes=\"(max-width: 800px) 100vw, 800px\" \/><\/figure>\n<\/div>\n\n\n\n<div class=\"wp-block-column is-layout-flow wp-block-column-is-layout-flow\">\n<figure class=\"wp-block-image size-full\"><img decoding=\"async\" width=\"800\" height=\"800\" src=\"https:\/\/www.purecook.com\/wp-content\/uploads\/2026\/01\/wholesale-stainless-steel-deep-fryer-pot-2.webp\" alt=\"panela para fritadeira de a\u00e7o inoxid\u00e1vel por atacado (2)\" class=\"wp-image-5383\" srcset=\"https:\/\/www.purecook.com\/wp-content\/uploads\/2026\/01\/wholesale-stainless-steel-deep-fryer-pot-2.webp 800w, https:\/\/www.purecook.com\/wp-content\/uploads\/2026\/01\/wholesale-stainless-steel-deep-fryer-pot-2-300x300.webp 300w, https:\/\/www.purecook.com\/wp-content\/uploads\/2026\/01\/wholesale-stainless-steel-deep-fryer-pot-2-150x150.webp 150w, https:\/\/www.purecook.com\/wp-content\/uploads\/2026\/01\/wholesale-stainless-steel-deep-fryer-pot-2-768x768.webp 768w, https:\/\/www.purecook.com\/wp-content\/uploads\/2026\/01\/wholesale-stainless-steel-deep-fryer-pot-2-12x12.webp 12w, https:\/\/www.purecook.com\/wp-content\/uploads\/2026\/01\/wholesale-stainless-steel-deep-fryer-pot-2-600x600.webp 600w, https:\/\/www.purecook.com\/wp-content\/uploads\/2026\/01\/wholesale-stainless-steel-deep-fryer-pot-2-100x100.webp 100w\" sizes=\"(max-width: 800px) 100vw, 800px\" \/><\/figure>\n<\/div>\n<\/div>\n\n\n\n<div class=\"wp-block-columns is-layout-flex wp-container-core-columns-is-layout-9d6595d7 wp-block-columns-is-layout-flex\">\n<div class=\"wp-block-column is-layout-flow wp-block-column-is-layout-flow\"><\/div>\n\n\n\n<div class=\"wp-block-column is-layout-flow wp-block-column-is-layout-flow\"><\/div>\n<\/div>","protected":false},"excerpt":{"rendered":"<p>As nossas panelas para fritadeiras em a\u00e7o inoxid\u00e1vel para venda por grosso foram concebidas para uma cozinha vers\u00e1til e de elevado desempenho, tanto em cozinhas comerciais como dom\u00e9sticas.<\/p>\n<p>Esta panela de fritar \u00e9 adequada para cozer legumes e massas, bem como para fritar alimentos, o que a torna numa verdadeira solu\u00e7\u00e3o de utens\u00edlios de cozinha multiusos. Est\u00e1 equipada com um cesto de filtro amov\u00edvel em a\u00e7o inoxid\u00e1vel, permitindo uma eleva\u00e7\u00e3o r\u00e1pida e uma drenagem eficiente do \u00f3leo ou da \u00e1gua para uma cozedura mais segura e limpa. Contacte-nos para um or\u00e7amento.<\/p>\n<h2>Carater\u00edsticas das panelas para fritadeiras em a\u00e7o inoxid\u00e1vel<\/h2>\n<p data-pm-slice=\"0 0 []\"><strong>Coador de massa integrado:<\/strong> O cesto interior perfurado incorporado permite aos utilizadores cozinhar e escorrer a massa numa \u00fanica panela. Basta levantar o coador para retirar a massa ou os legumes, deixando a \u00e1gua quente para tr\u00e1s.<\/p>\n<p data-pm-slice=\"0 0 []\"><strong>Multifuncional:<\/strong> Para al\u00e9m de cozinhar massa, esta panela tamb\u00e9m \u00e9 ideal para escaldar legumes, cozinhar bolinhos, preparar marisco ou fritar alimentos que necessitem de escorrer rapidamente, tornando-a adequada para uma variedade de receitas.<\/p>\n<p data-pm-slice=\"0 0 []\"><strong>Fundo em a\u00e7o inoxid\u00e1vel de tr\u00eas camadas:<\/strong> O fundo do recipiente para cozinhar apresenta uma base de tr\u00eas camadas constru\u00edda com a\u00e7o inoxid\u00e1vel SUS + n\u00facleo de alum\u00ednio de 1 mm + a\u00e7o inoxid\u00e1vel SUS, uma estrutura que melhora a condutividade t\u00e9rmica, a estabilidade estrutural e a fiabilidade a longo prazo.<\/p>\n<p><b data-path-to-node=\"10,1,0\" data-index-in-node=\"0\">Tampa de vidro para visualiza\u00e7\u00e3o:<\/b> A tampa transparente permite controlar a fervura e o estado dos ingredientes sem levantar a tampa e perder calor.<\/p>\n<p data-pm-slice=\"0 0 []\"><b data-path-to-node=\"6,1,0\" data-index-in-node=\"0\">Cozedura vertical:<\/b> Utiliza o espa\u00e7o vertical em vez da largura, o que \u00e9 excelente para cozer massas compridas ou ingredientes submersos, como a espiga de milho.<\/p>\n<p data-pm-slice=\"0 0 []\">\u00a0<\/p>\n<p>\n<script src=\"chrome-extension:\/\/fpelahbljekknahkcaegamhcndkfpfnc\/iFrame.js\" type=\"text\/javascript\"><\/script><\/p>","protected":false},"featured_media":5382,"comment_status":"closed","ping_status":"closed","template":"","meta":{"_acf_changed":false},"product_brand":[],"product_cat":[24,72],"product_tag":[],"class_list":{"0":"post-5380","1":"product","2":"type-product","3":"status-publish","4":"has-post-thumbnail","6":"product_cat-cookware","7":"product_cat-fryer-pots","9":"first","10":"instock","11":"shipping-taxable","12":"product-type-simple"},"acf":[],"_links":{"self":[{"href":"https:\/\/www.purecook.com\/pt\/wp-json\/wp\/v2\/product\/5380","targetHints":{"allow":["GET"]}}],"collection":[{"href":"https:\/\/www.purecook.com\/pt\/wp-json\/wp\/v2\/product"}],"about":[{"href":"https:\/\/www.purecook.com\/pt\/wp-json\/wp\/v2\/types\/product"}],"replies":[{"embeddable":true,"href":"https:\/\/www.purecook.com\/pt\/wp-json\/wp\/v2\/comments?post=5380"}],"wp:featuredmedia":[{"embeddable":true,"href":"https:\/\/www.purecook.com\/pt\/wp-json\/wp\/v2\/media\/5382"}],"wp:attachment":[{"href":"https:\/\/www.purecook.com\/pt\/wp-json\/wp\/v2\/media?parent=5380"}],"wp:term":[{"taxonomy":"product_brand","embeddable":true,"href":"https:\/\/www.purecook.com\/pt\/wp-json\/wp\/v2\/product_brand?post=5380"},{"taxonomy":"product_cat","embeddable":true,"href":"https:\/\/www.purecook.com\/pt\/wp-json\/wp\/v2\/product_cat?post=5380"},{"taxonomy":"product_tag","embeddable":true,"href":"https:\/\/www.purecook.com\/pt\/wp-json\/wp\/v2\/product_tag?post=5380"}],"curies":[{"name":"wp","href":"https:\/\/api.w.org\/{rel}","templated":true}]}}