{"id":5386,"date":"2026-01-24T17:49:38","date_gmt":"2026-01-24T09:49:38","guid":{"rendered":"https:\/\/www.purecook.com\/?post_type=product&#038;p=5386"},"modified":"2026-01-24T18:10:53","modified_gmt":"2026-01-24T10:10:53","slug":"wholesale-stock-pots","status":"publish","type":"product","link":"https:\/\/www.purecook.com\/pt\/product\/wholesale-stock-pots\/","title":{"rendered":"Tachos de stock por atacado - Grande capacidade (9.2L \/ 11L \/ 14L)"},"content":{"rendered":"<div class=\"wp-block-columns is-layout-flex wp-container-core-columns-is-layout-9d6595d7 wp-block-columns-is-layout-flex\">\n<div class=\"wp-block-column is-layout-flow wp-block-column-is-layout-flow\">\n<h3 class=\"wp-block-heading\">Par\u00e2metros das panelas de reserva<\/h3>\n\n\n\n<p><strong>Material:<\/strong> A\u00e7o inoxid\u00e1vel<br><strong>Espessura normal:<\/strong> 0,5 mm<br><strong>Tampa:<\/strong> Tampas de vidro<br><strong>Fundo: <\/strong>Fundo sandu\u00edche de indu\u00e7\u00e3o (SUS+1 mm Alu.+SUS)<br><strong>Log\u00f3tipo:<\/strong> Serigrafia\/grava\u00e7\u00e3o a laser\/estampagem em relevo<br><strong>Pega e ma\u00e7aneta da tampa:<\/strong> A\u00e7o inoxid\u00e1vel<br><strong>Capacidade: <\/strong>9,2L \/ 11L \/ 14L<br><\/p>\n<\/div>\n\n\n\n<div class=\"wp-block-column is-layout-flow wp-block-column-is-layout-flow\">\n<h3 class=\"wp-block-heading\">Op\u00e7\u00f5es de utens\u00edlios de cozinha personalizados<\/h3>\n\n\n\n<p><strong>Material:<\/strong> A\u00e7o inoxid\u00e1vel SUS#201\/304\/410\/430<br><strong>Pega:<\/strong> Pega para se adaptar ao seu estilo<br><strong>Log\u00f3tipo: <\/strong>Personaliz\u00e1vel com o log\u00f3tipo da sua marca<br><strong>Embalagem:<\/strong> caixa\/cart\u00e3o de cor, etc<\/p>\n<\/div>\n<\/div>\n\n\n\n<div class=\"wp-block-columns is-layout-flex wp-container-core-columns-is-layout-9d6595d7 wp-block-columns-is-layout-flex\">\n<div class=\"wp-block-column is-layout-flow wp-block-column-is-layout-flow\">\n<figure class=\"wp-block-image size-full\"><img decoding=\"async\" width=\"750\" height=\"750\" src=\"https:\/\/www.purecook.com\/wp-content\/uploads\/2026\/01\/wholesale-stock-pots-1.webp\" alt=\"vasos de stock por atacado (1)\" class=\"wp-image-5387\" srcset=\"https:\/\/www.purecook.com\/wp-content\/uploads\/2026\/01\/wholesale-stock-pots-1.webp 750w, https:\/\/www.purecook.com\/wp-content\/uploads\/2026\/01\/wholesale-stock-pots-1-300x300.webp 300w, https:\/\/www.purecook.com\/wp-content\/uploads\/2026\/01\/wholesale-stock-pots-1-150x150.webp 150w, https:\/\/www.purecook.com\/wp-content\/uploads\/2026\/01\/wholesale-stock-pots-1-12x12.webp 12w, https:\/\/www.purecook.com\/wp-content\/uploads\/2026\/01\/wholesale-stock-pots-1-600x600.webp 600w, https:\/\/www.purecook.com\/wp-content\/uploads\/2026\/01\/wholesale-stock-pots-1-100x100.webp 100w\" sizes=\"(max-width: 750px) 100vw, 750px\" \/><\/figure>\n<\/div>\n\n\n\n<div class=\"wp-block-column is-layout-flow wp-block-column-is-layout-flow\">\n<figure class=\"wp-block-image size-full\"><img decoding=\"async\" width=\"800\" height=\"800\" src=\"https:\/\/www.purecook.com\/wp-content\/uploads\/2026\/01\/wholesale-stock-pots-2.webp\" alt=\"vasos de stock por atacado (2)\" class=\"wp-image-5388\" srcset=\"https:\/\/www.purecook.com\/wp-content\/uploads\/2026\/01\/wholesale-stock-pots-2.webp 800w, https:\/\/www.purecook.com\/wp-content\/uploads\/2026\/01\/wholesale-stock-pots-2-300x300.webp 300w, https:\/\/www.purecook.com\/wp-content\/uploads\/2026\/01\/wholesale-stock-pots-2-150x150.webp 150w, https:\/\/www.purecook.com\/wp-content\/uploads\/2026\/01\/wholesale-stock-pots-2-768x768.webp 768w, https:\/\/www.purecook.com\/wp-content\/uploads\/2026\/01\/wholesale-stock-pots-2-12x12.webp 12w, https:\/\/www.purecook.com\/wp-content\/uploads\/2026\/01\/wholesale-stock-pots-2-600x600.webp 600w, https:\/\/www.purecook.com\/wp-content\/uploads\/2026\/01\/wholesale-stock-pots-2-100x100.webp 100w\" sizes=\"(max-width: 800px) 100vw, 800px\" \/><\/figure>\n<\/div>\n<\/div>\n\n\n\n<div class=\"wp-block-columns is-layout-flex wp-container-core-columns-is-layout-9d6595d7 wp-block-columns-is-layout-flex\">\n<div class=\"wp-block-column is-layout-flow wp-block-column-is-layout-flow\"><\/div>\n\n\n\n<div class=\"wp-block-column is-layout-flow wp-block-column-is-layout-flow\"><\/div>\n<\/div>","protected":false},"excerpt":{"rendered":"<p>Tachos de stock por grosso. Perfeitas para restaurantes, servi\u00e7os de catering e cozinhas profissionais, estas panelas de grande capacidade facilitam a cozedura a granel. Dispon\u00edveis em tamanhos de 9,2 L, 11 L e 14 L, foram concebidos para lidar facilmente com sopas, caldos, molhos, massas e muito mais.<\/p>\n<h2>Carater\u00edsticas dos tachos de a\u00e7o inoxid\u00e1vel<\/h2>\n<p><strong>Compatibilidade com v\u00e1rias fontes de calor:<\/strong> Estas panelas de caldo foram concebidas para funcionar em fog\u00f5es a g\u00e1s, el\u00e9ctricos e de indu\u00e7\u00e3o.<\/p>\n<p><strong>Op\u00e7\u00f5es de grande capacidade:<\/strong> Dispon\u00edvel em <strong>9.2L, 11L e 14L<\/strong> s\u00e3o ideais para cozinhar a granel, cozer caldos de ossos em lume brando, cozer massas ou preparar grandes refei\u00e7\u00f5es familiares.<\/p>\n<p data-pm-slice=\"0 0 []\"><strong>Alta efici\u00eancia para uso comercial:<\/strong> Concebida para cozinhar grandes volumes, reduzindo a frequ\u00eancia dos lotes e poupando tempo, energia e m\u00e3o de obra durante as opera\u00e7\u00f5es de pico na cozinha.<\/p>\n<p data-pm-slice=\"0 0 []\"><b data-path-to-node=\"6,0,0\" data-index-in-node=\"0\">Pode ser lavado na m\u00e1quina de lavar lou\u00e7a:<\/b> Estas panelas de grande capacidade podem ser lavadas na m\u00e1quina de lavar lou\u00e7a, poupando tempo e reduzindo os custos de m\u00e3o de obra em cozinhas comerciais movimentadas onde o tempo \u00e9 essencial.<\/p>\n<p data-pm-slice=\"0 0 []\"><strong>Ideal para fornecimento por grosso e a granel:<\/strong> Como um dos principais fabricantes de utens\u00edlios de cozinha da China, os nossos tamanhos normalizados, qualidade consistente e linhas de produ\u00e7\u00e3o eficientes garantem que as encomendas de grandes volumes podem ser entregues de forma r\u00e1pida e fi\u00e1vel.<\/p>\n<p>\n<script src=\"chrome-extension:\/\/fpelahbljekknahkcaegamhcndkfpfnc\/iFrame.js\" type=\"text\/javascript\"><\/script><\/p>","protected":false},"featured_media":5387,"comment_status":"closed","ping_status":"closed","template":"","meta":{"_acf_changed":false},"product_brand":[],"product_cat":[24,70],"product_tag":[],"class_list":{"0":"post-5386","1":"product","2":"type-product","3":"status-publish","4":"has-post-thumbnail","6":"product_cat-cookware","7":"product_cat-soup-and-stock-pots","9":"first","10":"instock","11":"shipping-taxable","12":"product-type-simple"},"acf":[],"_links":{"self":[{"href":"https:\/\/www.purecook.com\/pt\/wp-json\/wp\/v2\/product\/5386","targetHints":{"allow":["GET"]}}],"collection":[{"href":"https:\/\/www.purecook.com\/pt\/wp-json\/wp\/v2\/product"}],"about":[{"href":"https:\/\/www.purecook.com\/pt\/wp-json\/wp\/v2\/types\/product"}],"replies":[{"embeddable":true,"href":"https:\/\/www.purecook.com\/pt\/wp-json\/wp\/v2\/comments?post=5386"}],"wp:featuredmedia":[{"embeddable":true,"href":"https:\/\/www.purecook.com\/pt\/wp-json\/wp\/v2\/media\/5387"}],"wp:attachment":[{"href":"https:\/\/www.purecook.com\/pt\/wp-json\/wp\/v2\/media?parent=5386"}],"wp:term":[{"taxonomy":"product_brand","embeddable":true,"href":"https:\/\/www.purecook.com\/pt\/wp-json\/wp\/v2\/product_brand?post=5386"},{"taxonomy":"product_cat","embeddable":true,"href":"https:\/\/www.purecook.com\/pt\/wp-json\/wp\/v2\/product_cat?post=5386"},{"taxonomy":"product_tag","embeddable":true,"href":"https:\/\/www.purecook.com\/pt\/wp-json\/wp\/v2\/product_tag?post=5386"}],"curies":[{"name":"wp","href":"https:\/\/api.w.org\/{rel}","templated":true}]}}