{"id":5392,"date":"2026-01-26T15:07:42","date_gmt":"2026-01-26T07:07:42","guid":{"rendered":"https:\/\/www.purecook.com\/?post_type=product&#038;p=5392"},"modified":"2026-02-06T07:50:02","modified_gmt":"2026-02-05T23:50:02","slug":"wholesale-cook-serve-cookware-set","status":"publish","type":"product","link":"https:\/\/www.purecook.com\/pt\/product\/wholesale-cook-serve-cookware-set\/","title":{"rendered":"Conjunto de panelas de a\u00e7o inoxid\u00e1vel com processo n\u00e3o abrasivo - Conjunto de panelas para cozinhar e servir em casa"},"content":{"rendered":"<div class=\"wp-block-columns is-layout-flex wp-container-core-columns-is-layout-9d6595d7 wp-block-columns-is-layout-flex\">\n<div class=\"wp-block-column is-layout-flow wp-block-column-is-layout-flow\">\n<h3 class=\"wp-block-heading\">Par\u00e2metros dos utens\u00edlios de cozinha em a\u00e7o inoxid\u00e1vel<\/h3>\n\n\n\n<p><strong>Material:<\/strong> A\u00e7o inoxid\u00e1vel<br><strong>Pega e bot\u00e3o da tampa:<\/strong> A\u00e7o inoxid\u00e1vel<br><strong>Log\u00f3tipo: <\/strong>Serigrafia\/grava\u00e7\u00e3o a laser\/estampagem em relevo<br><strong>Tamanho:<\/strong>16\/18\/20cm<\/p>\n<\/div>\n\n\n\n<div class=\"wp-block-column is-layout-flow wp-block-column-is-layout-flow\">\n<h3 class=\"wp-block-heading\">Op\u00e7\u00f5es de utens\u00edlios de cozinha personalizados<\/h3>\n\n\n\n<p><strong>Log\u00f3tipo:<\/strong> Personaliz\u00e1vel com o log\u00f3tipo da sua marca<br><strong>Embalagem:<\/strong>&nbsp;Caixa de cor\/caixa de cart\u00e3o, etc<br><strong>Pega: <\/strong>Pega para se adaptar ao seu estilo<\/p>\n<\/div>\n<\/div>\n\n\n\n<div class=\"wp-block-columns is-layout-flex wp-container-core-columns-is-layout-9d6595d7 wp-block-columns-is-layout-flex\">\n<div class=\"wp-block-column is-layout-flow wp-block-column-is-layout-flow\">\n<figure class=\"wp-block-image size-full\"><img decoding=\"async\" width=\"800\" height=\"800\" src=\"https:\/\/www.purecook.com\/wp-content\/uploads\/2026\/01\/non-abrasive-process-stainless-steel-cookware-set-2.webp\" alt=\"conjunto de panelas de a\u00e7o inoxid\u00e1vel de processo n\u00e3o abrasivo (2)\" class=\"wp-image-5394\" srcset=\"https:\/\/www.purecook.com\/wp-content\/uploads\/2026\/01\/non-abrasive-process-stainless-steel-cookware-set-2.webp 800w, https:\/\/www.purecook.com\/wp-content\/uploads\/2026\/01\/non-abrasive-process-stainless-steel-cookware-set-2-300x300.webp 300w, https:\/\/www.purecook.com\/wp-content\/uploads\/2026\/01\/non-abrasive-process-stainless-steel-cookware-set-2-150x150.webp 150w, https:\/\/www.purecook.com\/wp-content\/uploads\/2026\/01\/non-abrasive-process-stainless-steel-cookware-set-2-768x768.webp 768w, https:\/\/www.purecook.com\/wp-content\/uploads\/2026\/01\/non-abrasive-process-stainless-steel-cookware-set-2-12x12.webp 12w, https:\/\/www.purecook.com\/wp-content\/uploads\/2026\/01\/non-abrasive-process-stainless-steel-cookware-set-2-600x600.webp 600w, https:\/\/www.purecook.com\/wp-content\/uploads\/2026\/01\/non-abrasive-process-stainless-steel-cookware-set-2-100x100.webp 100w\" sizes=\"(max-width: 800px) 100vw, 800px\" \/><\/figure>\n<\/div>\n\n\n\n<div class=\"wp-block-column is-layout-flow wp-block-column-is-layout-flow\">\n<figure class=\"wp-block-image size-full\"><img decoding=\"async\" width=\"800\" height=\"800\" src=\"https:\/\/www.purecook.com\/wp-content\/uploads\/2026\/01\/non-abrasive-process-stainless-steel-cookware-set-6.webp\" alt=\"conjunto de panelas de a\u00e7o inoxid\u00e1vel de processo n\u00e3o abrasivo (6)\" class=\"wp-image-5398\" srcset=\"https:\/\/www.purecook.com\/wp-content\/uploads\/2026\/01\/non-abrasive-process-stainless-steel-cookware-set-6.webp 800w, https:\/\/www.purecook.com\/wp-content\/uploads\/2026\/01\/non-abrasive-process-stainless-steel-cookware-set-6-300x300.webp 300w, https:\/\/www.purecook.com\/wp-content\/uploads\/2026\/01\/non-abrasive-process-stainless-steel-cookware-set-6-150x150.webp 150w, https:\/\/www.purecook.com\/wp-content\/uploads\/2026\/01\/non-abrasive-process-stainless-steel-cookware-set-6-768x768.webp 768w, https:\/\/www.purecook.com\/wp-content\/uploads\/2026\/01\/non-abrasive-process-stainless-steel-cookware-set-6-12x12.webp 12w, https:\/\/www.purecook.com\/wp-content\/uploads\/2026\/01\/non-abrasive-process-stainless-steel-cookware-set-6-600x600.webp 600w, https:\/\/www.purecook.com\/wp-content\/uploads\/2026\/01\/non-abrasive-process-stainless-steel-cookware-set-6-100x100.webp 100w\" sizes=\"(max-width: 800px) 100vw, 800px\" \/><\/figure>\n<\/div>\n<\/div>","protected":false},"excerpt":{"rendered":"<p>Concebido para cozinhas modernas e jantares contempor\u00e2neos, este conjunto de utens\u00edlios de cozinha em a\u00e7o inoxid\u00e1vel transita na perfei\u00e7\u00e3o entre cozinhar e servir. O produto utiliza um processo de tratamento de superf\u00edcie n\u00e3o abrasivo, obtendo um acabamento de superf\u00edcie suave e uniforme, preservando as propriedades naturais do a\u00e7o inoxid\u00e1vel, garantindo a sua durabilidade e facilidade de manuten\u00e7\u00e3o.<\/p>\n<h2>Carater\u00edsticas do conjunto de panelas de a\u00e7o inoxid\u00e1vel com processo n\u00e3o abrasivo<\/h2>\n<p><strong>\u201cDo fog\u00e3o \u00e0 mesa\u201d sem falhas:<\/strong> Este conjunto de utens\u00edlios de cozinha pode ser utilizado como recipiente para cozinhar e como prato de servir. Depois de cozinhar a sua refei\u00e7\u00e3o no fog\u00e3o a g\u00e1s, pode simplesmente transferi-la para a mesa de jantar.<\/p>\n<p data-pm-slice=\"0 0 []\"><strong>Empilh\u00e1vel para uma arruma\u00e7\u00e3o eficiente:<\/strong> Cada pe\u00e7a foi concebida para se encaixar corretamente, permitindo que o conjunto completo seja empilhado verticalmente. Isto reduz significativamente a utiliza\u00e7\u00e3o do arm\u00e1rio e das prateleiras em compara\u00e7\u00e3o com os utens\u00edlios de cozinha tradicionais.<\/p>\n<p data-pm-slice=\"0 0 []\"><strong>Est\u00e9tica limpa e minimalista:<\/strong> Este conjunto de utens\u00edlios de cozinha para venda por grosso foi concebido para combinar na perfei\u00e7\u00e3o com a tend\u00eancia das cozinhas minimalistas. A superf\u00edcie lisa em a\u00e7o inoxid\u00e1vel tem um aspeto sofisticado e \u00e9 adequada para uma combina\u00e7\u00e3o natural com ambientes de mesa modernos, escandinavos ou japoneses.<\/p>\n<p data-pm-slice=\"0 0 []\"><strong>Superf\u00edcie mais suave e refinada:<\/strong> O processamento n\u00e3o abrasivo evita o desbaste ou lixagem mec\u00e2nica agressiva, resultando numa superf\u00edcie mais uniforme e suave. Este acabamento refinado melhora o desempenho de cozedura e o aspeto visual.<\/p>\n<p data-pm-slice=\"0 0 []\"><strong>Op\u00e7\u00f5es de cozedura vers\u00e1teis:<\/strong> Adequado para ferver, estufar, cozer a vapor e servir uma grande variedade de pratos, desde sopas e arroz a legumes e refei\u00e7\u00f5es partilhadas.<\/p>\n<p>\n<script src=\"chrome-extension:\/\/fpelahbljekknahkcaegamhcndkfpfnc\/iFrame.js\" type=\"text\/javascript\"><\/script><\/p>","protected":false},"featured_media":5393,"comment_status":"closed","ping_status":"closed","template":"","meta":{"_acf_changed":false},"product_brand":[],"product_cat":[24,69],"product_tag":[],"class_list":{"0":"post-5392","1":"product","2":"type-product","3":"status-publish","4":"has-post-thumbnail","6":"product_cat-cookware","7":"product_cat-cookware-sets","9":"first","10":"instock","11":"shipping-taxable","12":"product-type-simple"},"acf":[],"_links":{"self":[{"href":"https:\/\/www.purecook.com\/pt\/wp-json\/wp\/v2\/product\/5392","targetHints":{"allow":["GET"]}}],"collection":[{"href":"https:\/\/www.purecook.com\/pt\/wp-json\/wp\/v2\/product"}],"about":[{"href":"https:\/\/www.purecook.com\/pt\/wp-json\/wp\/v2\/types\/product"}],"replies":[{"embeddable":true,"href":"https:\/\/www.purecook.com\/pt\/wp-json\/wp\/v2\/comments?post=5392"}],"wp:featuredmedia":[{"embeddable":true,"href":"https:\/\/www.purecook.com\/pt\/wp-json\/wp\/v2\/media\/5393"}],"wp:attachment":[{"href":"https:\/\/www.purecook.com\/pt\/wp-json\/wp\/v2\/media?parent=5392"}],"wp:term":[{"taxonomy":"product_brand","embeddable":true,"href":"https:\/\/www.purecook.com\/pt\/wp-json\/wp\/v2\/product_brand?post=5392"},{"taxonomy":"product_cat","embeddable":true,"href":"https:\/\/www.purecook.com\/pt\/wp-json\/wp\/v2\/product_cat?post=5392"},{"taxonomy":"product_tag","embeddable":true,"href":"https:\/\/www.purecook.com\/pt\/wp-json\/wp\/v2\/product_tag?post=5392"}],"curies":[{"name":"wp","href":"https:\/\/api.w.org\/{rel}","templated":true}]}}