{"id":5399,"date":"2026-01-26T16:05:13","date_gmt":"2026-01-26T07:53:59","guid":{"rendered":"https:\/\/www.purecook.com\/?post_type=product&#038;p=5399"},"modified":"2026-01-26T16:08:15","modified_gmt":"2026-01-26T08:08:15","slug":"wholesale-pp-plastic-dinnerware-sets","status":"publish","type":"product","link":"https:\/\/www.purecook.com\/pt\/product\/wholesale-pp-plastic-dinnerware-sets\/","title":{"rendered":"Conjuntos de lou\u00e7a de pl\u00e1stico PP de seguran\u00e7a alimentar por atacado"},"content":{"rendered":"<div class=\"wp-block-columns is-layout-flex wp-container-core-columns-is-layout-9d6595d7 wp-block-columns-is-layout-flex\">\n<div class=\"wp-block-column is-layout-flow wp-block-column-is-layout-flow\">\n<h3 class=\"wp-block-heading\">Par\u00e2metros dos conjuntos de lou\u00e7a de pl\u00e1stico<\/h3>\n\n\n\n<p><strong>Material:<\/strong> PP<br><strong>Cor:<\/strong> bege<\/p>\n<\/div>\n\n\n\n<div class=\"wp-block-column is-layout-flow wp-block-column-is-layout-flow\">\n<h3 class=\"wp-block-heading\">Op\u00e7\u00f5es de utens\u00edlios de cozinha personalizados<\/h3>\n\n\n\n<p><strong>Log\u00f3tipo:<\/strong> Personaliz\u00e1vel com o log\u00f3tipo da sua marca<br><strong>Embalagem:<\/strong>&nbsp;Caixa de cor\/caixa de cart\u00e3o, etc<\/p>\n<\/div>\n<\/div>\n\n\n\n<div class=\"wp-block-columns is-layout-flex wp-container-core-columns-is-layout-9d6595d7 wp-block-columns-is-layout-flex\">\n<div class=\"wp-block-column is-layout-flow wp-block-column-is-layout-flow\">\n<figure class=\"wp-block-image size-full\"><img decoding=\"async\" width=\"800\" height=\"800\" src=\"https:\/\/www.purecook.com\/wp-content\/uploads\/2026\/01\/wholesale-pp-plastic-dinnerware-sets-4.webp\" alt=\"conjuntos de lou\u00e7a de pl\u00e1stico pp por atacado (4)\" class=\"wp-image-5403\" srcset=\"https:\/\/www.purecook.com\/wp-content\/uploads\/2026\/01\/wholesale-pp-plastic-dinnerware-sets-4.webp 800w, https:\/\/www.purecook.com\/wp-content\/uploads\/2026\/01\/wholesale-pp-plastic-dinnerware-sets-4-300x300.webp 300w, https:\/\/www.purecook.com\/wp-content\/uploads\/2026\/01\/wholesale-pp-plastic-dinnerware-sets-4-150x150.webp 150w, https:\/\/www.purecook.com\/wp-content\/uploads\/2026\/01\/wholesale-pp-plastic-dinnerware-sets-4-768x768.webp 768w, https:\/\/www.purecook.com\/wp-content\/uploads\/2026\/01\/wholesale-pp-plastic-dinnerware-sets-4-12x12.webp 12w, https:\/\/www.purecook.com\/wp-content\/uploads\/2026\/01\/wholesale-pp-plastic-dinnerware-sets-4-600x600.webp 600w, https:\/\/www.purecook.com\/wp-content\/uploads\/2026\/01\/wholesale-pp-plastic-dinnerware-sets-4-100x100.webp 100w\" sizes=\"(max-width: 800px) 100vw, 800px\" \/><\/figure>\n<\/div>\n\n\n\n<div class=\"wp-block-column is-layout-flow wp-block-column-is-layout-flow\">\n<figure class=\"wp-block-image size-full\"><img decoding=\"async\" width=\"800\" height=\"800\" src=\"https:\/\/www.purecook.com\/wp-content\/uploads\/2026\/01\/wholesale-pp-plastic-dinnerware-sets-5.webp\" alt=\"jogos de jantar de pl\u00e1stico pp por atacado (5)\" class=\"wp-image-5404\" srcset=\"https:\/\/www.purecook.com\/wp-content\/uploads\/2026\/01\/wholesale-pp-plastic-dinnerware-sets-5.webp 800w, https:\/\/www.purecook.com\/wp-content\/uploads\/2026\/01\/wholesale-pp-plastic-dinnerware-sets-5-300x300.webp 300w, https:\/\/www.purecook.com\/wp-content\/uploads\/2026\/01\/wholesale-pp-plastic-dinnerware-sets-5-150x150.webp 150w, https:\/\/www.purecook.com\/wp-content\/uploads\/2026\/01\/wholesale-pp-plastic-dinnerware-sets-5-768x768.webp 768w, https:\/\/www.purecook.com\/wp-content\/uploads\/2026\/01\/wholesale-pp-plastic-dinnerware-sets-5-12x12.webp 12w, https:\/\/www.purecook.com\/wp-content\/uploads\/2026\/01\/wholesale-pp-plastic-dinnerware-sets-5-600x600.webp 600w, https:\/\/www.purecook.com\/wp-content\/uploads\/2026\/01\/wholesale-pp-plastic-dinnerware-sets-5-100x100.webp 100w\" sizes=\"(max-width: 800px) 100vw, 800px\" \/><\/figure>\n<\/div>\n<\/div>","protected":false},"excerpt":{"rendered":"<p>Os conjuntos de lou\u00e7a de pl\u00e1stico PP de seguran\u00e7a alimentar por atacado s\u00e3o projetados para atender \u00e0s demandas de jantares modernos e suprimentos em grande escala. Fabricados em pl\u00e1stico PP de qualidade alimentar e sem BPA, estes conjuntos de loi\u00e7a s\u00e3o seguros para utiliza\u00e7\u00e3o di\u00e1ria com alimentos quentes e frios. Dispon\u00edvel a granel com<strong data-start=\"675\" data-end=\"708\"> Op\u00e7\u00f5es de personaliza\u00e7\u00e3o OEM\/ODM <\/strong>para cores, tamanhos, log\u00f3tipos e embalagens, contacte-nos para obter um or\u00e7amento.<\/p>\n<h2>Carater\u00edsticas dos conjuntos de lou\u00e7a de pl\u00e1stico PP<\/h2>\n<p><strong>Inquebr\u00e1vel e inquebr\u00e1vel:<\/strong> Ao contr\u00e1rio da cer\u00e2mica ou do vidro, estes pratos e ta\u00e7as PP n\u00e3o se partem nem estilha\u00e7am mesmo que caiam, o que os torna ideais para fam\u00edlias com crian\u00e7as e idosos.<\/p>\n<p><strong>Material de qualidade alimentar:<\/strong> Fabricado com \u201cPP seguro para alimentos\u201d, o que significa que n\u00e3o cont\u00e9m BPA e n\u00e3o \u00e9 t\u00f3xico, assegurando que n\u00e3o h\u00e1 lixivia\u00e7\u00e3o de qu\u00edmicos nocivos para os alimentos quentes ou frios.<\/p>\n<p><strong>Adequado para utiliza\u00e7\u00e3o no interior e no exterior:<\/strong> As suas propriedades leves e duradouras tornam-nas perfeitas para p\u00e1tios, caravanas, campismo e refei\u00e7\u00f5es \u00e0 beira da piscina - locais onde os objectos de vidro s\u00e3o normalmente proibidos.<\/p>\n<p><strong>F\u00e1cil de limpar e manter:<\/strong> A superf\u00edcie lisa \u00e9 resistente a manchas e f\u00e1cil de lavar, permitindo uma limpeza higi\u00e9nica e sem complica\u00e7\u00f5es.<\/p>\n<p><strong>Venda por grosso e personaliz\u00e1vel:<\/strong> Dispon\u00edvel a granel com op\u00e7\u00f5es OEM\/ODM, incluindo cores, tamanhos, log\u00f3tipos e embalagens.<\/p>\n<p>\n<script src=\"chrome-extension:\/\/fpelahbljekknahkcaegamhcndkfpfnc\/iFrame.js\" type=\"text\/javascript\"><\/script><\/p>","protected":false},"featured_media":5400,"comment_status":"closed","ping_status":"closed","template":"","meta":{"_acf_changed":false},"product_brand":[],"product_cat":[51],"product_tag":[],"class_list":{"0":"post-5399","1":"product","2":"type-product","3":"status-publish","4":"has-post-thumbnail","6":"product_cat-dinnerware","8":"first","9":"instock","10":"shipping-taxable","11":"product-type-simple"},"acf":[],"_links":{"self":[{"href":"https:\/\/www.purecook.com\/pt\/wp-json\/wp\/v2\/product\/5399","targetHints":{"allow":["GET"]}}],"collection":[{"href":"https:\/\/www.purecook.com\/pt\/wp-json\/wp\/v2\/product"}],"about":[{"href":"https:\/\/www.purecook.com\/pt\/wp-json\/wp\/v2\/types\/product"}],"replies":[{"embeddable":true,"href":"https:\/\/www.purecook.com\/pt\/wp-json\/wp\/v2\/comments?post=5399"}],"wp:featuredmedia":[{"embeddable":true,"href":"https:\/\/www.purecook.com\/pt\/wp-json\/wp\/v2\/media\/5400"}],"wp:attachment":[{"href":"https:\/\/www.purecook.com\/pt\/wp-json\/wp\/v2\/media?parent=5399"}],"wp:term":[{"taxonomy":"product_brand","embeddable":true,"href":"https:\/\/www.purecook.com\/pt\/wp-json\/wp\/v2\/product_brand?post=5399"},{"taxonomy":"product_cat","embeddable":true,"href":"https:\/\/www.purecook.com\/pt\/wp-json\/wp\/v2\/product_cat?post=5399"},{"taxonomy":"product_tag","embeddable":true,"href":"https:\/\/www.purecook.com\/pt\/wp-json\/wp\/v2\/product_tag?post=5399"}],"curies":[{"name":"wp","href":"https:\/\/api.w.org\/{rel}","templated":true}]}}