{"id":5406,"date":"2026-01-26T16:16:49","date_gmt":"2026-01-26T08:16:49","guid":{"rendered":"https:\/\/www.purecook.com\/?post_type=product&#038;p=5406"},"modified":"2026-01-26T17:03:34","modified_gmt":"2026-01-26T09:03:34","slug":"wholesale-deep-frying-pots","status":"publish","type":"product","link":"https:\/\/www.purecook.com\/pt\/product\/wholesale-deep-frying-pots\/","title":{"rendered":"Panela para fritar por atacado com cesto coador 4.3L"},"content":{"rendered":"<div class=\"wp-block-columns is-layout-flex wp-container-core-columns-is-layout-9d6595d7 wp-block-columns-is-layout-flex\">\n<div class=\"wp-block-column is-layout-flow wp-block-column-is-layout-flow\">\n<h3 class=\"wp-block-heading\">Par\u00e2metros da frigideira<\/h3>\n\n\n\n<p><strong>Material:<\/strong> A\u00e7o inoxid\u00e1vel<br><strong>Espessura normal:<\/strong> 0,65 mm<br><strong>Tampa:<\/strong> Tampas de vidro<br><strong>Log\u00f3tipo: <\/strong>Serigrafia\/grava\u00e7\u00e3o a laser\/estampagem em relevo<br><strong>Pega e bot\u00e3o da tampa:<\/strong> A\u00e7o inoxid\u00e1vel<br><strong>Tamanho:<\/strong> 4,3L(16\u00d722cm)<\/p>\n<\/div>\n\n\n\n<div class=\"wp-block-column is-layout-flow wp-block-column-is-layout-flow\">\n<h3 class=\"wp-block-heading\">Op\u00e7\u00f5es de utens\u00edlios de cozinha personalizados<\/h3>\n\n\n\n<p><strong>Log\u00f3tipo:<\/strong> Personaliz\u00e1vel com o log\u00f3tipo da sua marca<br><strong>Embalagem:<\/strong>&nbsp;Caixa de cor\/caixa de cart\u00e3o, etc<br><strong>Pega: <\/strong>Pega para se adaptar ao seu estilo<\/p>\n<\/div>\n<\/div>\n\n\n\n<div class=\"wp-block-columns is-layout-flex wp-container-core-columns-is-layout-9d6595d7 wp-block-columns-is-layout-flex\">\n<div class=\"wp-block-column is-layout-flow wp-block-column-is-layout-flow\">\n<figure class=\"wp-block-image size-full\"><img decoding=\"async\" width=\"800\" height=\"800\" src=\"https:\/\/www.purecook.com\/wp-content\/uploads\/2026\/01\/deep-frying-pot-dimension.webp\" alt=\"dimens\u00e3o da panela de fritar\" class=\"wp-image-5407\" srcset=\"https:\/\/www.purecook.com\/wp-content\/uploads\/2026\/01\/deep-frying-pot-dimension.webp 800w, https:\/\/www.purecook.com\/wp-content\/uploads\/2026\/01\/deep-frying-pot-dimension-300x300.webp 300w, https:\/\/www.purecook.com\/wp-content\/uploads\/2026\/01\/deep-frying-pot-dimension-150x150.webp 150w, https:\/\/www.purecook.com\/wp-content\/uploads\/2026\/01\/deep-frying-pot-dimension-768x768.webp 768w, https:\/\/www.purecook.com\/wp-content\/uploads\/2026\/01\/deep-frying-pot-dimension-12x12.webp 12w, https:\/\/www.purecook.com\/wp-content\/uploads\/2026\/01\/deep-frying-pot-dimension-600x600.webp 600w, https:\/\/www.purecook.com\/wp-content\/uploads\/2026\/01\/deep-frying-pot-dimension-100x100.webp 100w\" sizes=\"(max-width: 800px) 100vw, 800px\" \/><\/figure>\n<\/div>\n\n\n\n<div class=\"wp-block-column is-layout-flow wp-block-column-is-layout-flow\"><\/div>\n<\/div>\n\n\n\n<div class=\"wp-block-columns is-layout-flex wp-container-core-columns-is-layout-9d6595d7 wp-block-columns-is-layout-flex\">\n<div class=\"wp-block-column is-layout-flow wp-block-column-is-layout-flow\">\n<figure class=\"wp-block-image size-full\"><img decoding=\"async\" width=\"800\" height=\"800\" src=\"https:\/\/www.purecook.com\/wp-content\/uploads\/2026\/01\/wholesale-deep-frying-pot-4.3L-4.webp\" alt=\"frigideira de 4,3 L por atacado (4)\" class=\"wp-image-5411\" srcset=\"https:\/\/www.purecook.com\/wp-content\/uploads\/2026\/01\/wholesale-deep-frying-pot-4.3L-4.webp 800w, https:\/\/www.purecook.com\/wp-content\/uploads\/2026\/01\/wholesale-deep-frying-pot-4.3L-4-300x300.webp 300w, https:\/\/www.purecook.com\/wp-content\/uploads\/2026\/01\/wholesale-deep-frying-pot-4.3L-4-150x150.webp 150w, https:\/\/www.purecook.com\/wp-content\/uploads\/2026\/01\/wholesale-deep-frying-pot-4.3L-4-768x768.webp 768w, https:\/\/www.purecook.com\/wp-content\/uploads\/2026\/01\/wholesale-deep-frying-pot-4.3L-4-12x12.webp 12w, https:\/\/www.purecook.com\/wp-content\/uploads\/2026\/01\/wholesale-deep-frying-pot-4.3L-4-600x600.webp 600w, https:\/\/www.purecook.com\/wp-content\/uploads\/2026\/01\/wholesale-deep-frying-pot-4.3L-4-100x100.webp 100w\" sizes=\"(max-width: 800px) 100vw, 800px\" \/><\/figure>\n<\/div>\n\n\n\n<div class=\"wp-block-column is-layout-flow wp-block-column-is-layout-flow\">\n<figure class=\"wp-block-image size-full\"><img decoding=\"async\" width=\"1440\" height=\"1440\" src=\"https:\/\/www.purecook.com\/wp-content\/uploads\/2026\/01\/wholesale-deep-frying-pot-4.3L-5.webp\" alt=\"frigideira de 4,3 L por atacado (5)\" class=\"wp-image-5412\" srcset=\"https:\/\/www.purecook.com\/wp-content\/uploads\/2026\/01\/wholesale-deep-frying-pot-4.3L-5.webp 1440w, https:\/\/www.purecook.com\/wp-content\/uploads\/2026\/01\/wholesale-deep-frying-pot-4.3L-5-300x300.webp 300w, https:\/\/www.purecook.com\/wp-content\/uploads\/2026\/01\/wholesale-deep-frying-pot-4.3L-5-150x150.webp 150w, https:\/\/www.purecook.com\/wp-content\/uploads\/2026\/01\/wholesale-deep-frying-pot-4.3L-5-768x768.webp 768w, https:\/\/www.purecook.com\/wp-content\/uploads\/2026\/01\/wholesale-deep-frying-pot-4.3L-5-12x12.webp 12w, https:\/\/www.purecook.com\/wp-content\/uploads\/2026\/01\/wholesale-deep-frying-pot-4.3L-5-600x600.webp 600w, https:\/\/www.purecook.com\/wp-content\/uploads\/2026\/01\/wholesale-deep-frying-pot-4.3L-5-100x100.webp 100w\" sizes=\"(max-width: 1440px) 100vw, 1440px\" \/><\/figure>\n<\/div>\n<\/div>","protected":false},"excerpt":{"rendered":"<p>Esta fritadeira de 4,3 litros vem com um cesto coador, permitindo aos utilizadores fritar facilmente v\u00e1rios alimentos, como batatas fritas, frango e marisco. Tamb\u00e9m pode ser utilizada para cozinhar oden e massa, oferecendo versatilidade para satisfazer diversas necessidades culin\u00e1rias.<\/p>\n<p>A capacidade de 4,3 litros \u00e9 adequada para uma utiliza\u00e7\u00e3o familiar quotidiana e tamb\u00e9m pode ser utilizada em pequenas refei\u00e7\u00f5es.<\/p>\n<p>Como profissional <a href=\"https:\/\/www.purecook.com\/pt\/categoria-produto\/cookware\/\" target=\"_blank\" rel=\"noopener\"><strong>fabricante de utens\u00edlios de cozinha<\/strong><\/a>, A nossa empresa mant\u00e9m um controlo de qualidade rigoroso e apoia a compra por atacado e os servi\u00e7os de personaliza\u00e7\u00e3o OEM\/ODM. Por favor, contacte-nos.<\/p>\n<h2>Carater\u00edsticas da panela de fritar<\/h2>\n<p><strong>Design de cozinha multifuncional:<\/strong><\/p>\n<p>O seu design alto e cil\u00edndrico torna-o extremamente vers\u00e1til, adequado para uma variedade de utiliza\u00e7\u00f5es na cozinha.<\/p>\n<ul>\n<li>\n<p>Fritura profunda: Perfeito para batatas fritas, tempura e espetos de carne.<\/p>\n<\/li>\n<li>\n<p>Cozinhar e escaldar: Ideal para legumes compridos (como espargos), massas e noodles.<\/p>\n<\/li>\n<li>\n<p>Cozinha de especialidade: A profundidade \u00e9 perfeita para o Oden japon\u00eas ou outros pratos em espeto e cozinhados em lume brando.<\/p>\n<\/li>\n<\/ul>\n<p data-pm-slice=\"0 0 []\"><strong>Cesto coador incorporado para fritar facilmente:<\/strong> O cesto coador inclu\u00eddo torna a fritura mais segura e mais c\u00f3moda. Retire os alimentos diretamente sem salpicar o \u00f3leo quente e deixe o excesso de \u00f3leo escorrer para a panela - limpeza mais r\u00e1pida e resultados mais estaladi\u00e7os!<\/p>\n<p><strong>F\u00e1cil de limpar:<\/strong> As paredes interiores lisas e o cesto coador amov\u00edvel permitem uma limpeza r\u00e1pida ap\u00f3s a utiliza\u00e7\u00e3o. Menos trabalho de esfregar, mais tempo para saborear uma \u00f3ptima comida.<\/p>\n<p>\n<script src=\"chrome-extension:\/\/fpelahbljekknahkcaegamhcndkfpfnc\/iFrame.js\" type=\"text\/javascript\"><\/script><\/p>","protected":false},"featured_media":5408,"comment_status":"closed","ping_status":"closed","template":"","meta":{"_acf_changed":false},"product_brand":[],"product_cat":[24,72],"product_tag":[],"class_list":{"0":"post-5406","1":"product","2":"type-product","3":"status-publish","4":"has-post-thumbnail","6":"product_cat-cookware","7":"product_cat-fryer-pots","9":"first","10":"instock","11":"shipping-taxable","12":"product-type-simple"},"acf":[],"_links":{"self":[{"href":"https:\/\/www.purecook.com\/pt\/wp-json\/wp\/v2\/product\/5406","targetHints":{"allow":["GET"]}}],"collection":[{"href":"https:\/\/www.purecook.com\/pt\/wp-json\/wp\/v2\/product"}],"about":[{"href":"https:\/\/www.purecook.com\/pt\/wp-json\/wp\/v2\/types\/product"}],"replies":[{"embeddable":true,"href":"https:\/\/www.purecook.com\/pt\/wp-json\/wp\/v2\/comments?post=5406"}],"wp:featuredmedia":[{"embeddable":true,"href":"https:\/\/www.purecook.com\/pt\/wp-json\/wp\/v2\/media\/5408"}],"wp:attachment":[{"href":"https:\/\/www.purecook.com\/pt\/wp-json\/wp\/v2\/media?parent=5406"}],"wp:term":[{"taxonomy":"product_brand","embeddable":true,"href":"https:\/\/www.purecook.com\/pt\/wp-json\/wp\/v2\/product_brand?post=5406"},{"taxonomy":"product_cat","embeddable":true,"href":"https:\/\/www.purecook.com\/pt\/wp-json\/wp\/v2\/product_cat?post=5406"},{"taxonomy":"product_tag","embeddable":true,"href":"https:\/\/www.purecook.com\/pt\/wp-json\/wp\/v2\/product_tag?post=5406"}],"curies":[{"name":"wp","href":"https:\/\/api.w.org\/{rel}","templated":true}]}}