{"id":5413,"date":"2026-01-26T17:05:18","date_gmt":"2026-01-26T09:05:18","guid":{"rendered":"https:\/\/www.purecook.com\/?post_type=product&#038;p=5413"},"modified":"2026-01-26T17:30:29","modified_gmt":"2026-01-26T09:30:29","slug":"wholesale-oil-filter-pot-manufacturer","status":"publish","type":"product","link":"https:\/\/www.purecook.com\/pt\/product\/wholesale-oil-filter-pot-manufacturer\/","title":{"rendered":"Pote de filtro de \u00f3leo de a\u00e7o inoxid\u00e1vel por atacado - Fabricante e fornecedor de pote de filtro de \u00f3leo"},"content":{"rendered":"<div class=\"wp-block-columns is-layout-flex wp-container-core-columns-is-layout-9d6595d7 wp-block-columns-is-layout-flex\">\n<div class=\"wp-block-column is-layout-flow wp-block-column-is-layout-flow\">\n<h3 class=\"wp-block-heading\">Par\u00e2metros dos potes de filtro de \u00f3leo <\/h3>\n\n\n\n<p><strong>Material:<\/strong> A\u00e7o inoxid\u00e1vel<br><strong>Espessura normal:<\/strong> 0,8 mm<br><strong>Tampa:<\/strong> Tampas em a\u00e7o inoxid\u00e1vel<br><strong>Pega e bot\u00e3o da tampa: <\/strong>A\u00e7o inoxid\u00e1vel<br><strong>Tamanho:<\/strong> 1L\/1,5L\/2L\/3,5L<\/p>\n<\/div>\n\n\n\n<div class=\"wp-block-column is-layout-flow wp-block-column-is-layout-flow\">\n<h3 class=\"wp-block-heading\">Op\u00e7\u00f5es de utens\u00edlios de cozinha personalizados<\/h3>\n\n\n\n<p><strong>Material:<\/strong> A\u00e7o inoxid\u00e1vel 201\/304\/410\/430<br><strong>Log\u00f3tipo: <\/strong>Serigrafia\/grava\u00e7\u00e3o a laser\/estampagem em relevo<br><strong>Embalagem:<\/strong>\u00a0Caixa de cor\/caixa de cart\u00e3o, etc<br><strong>Pega: <\/strong>Pega para se adaptar ao seu estilo<\/p>\n<\/div>\n<\/div>\n\n\n\n<div class=\"wp-block-columns is-layout-flex wp-container-core-columns-is-layout-9d6595d7 wp-block-columns-is-layout-flex\">\n<div class=\"wp-block-column is-layout-flow wp-block-column-is-layout-flow\">\n<figure class=\"wp-block-image size-full\"><img decoding=\"async\" width=\"800\" height=\"800\" src=\"https:\/\/www.purecook.com\/wp-content\/uploads\/2026\/01\/wholesale-oil-filter-pots-5.webp\" alt=\"potes de filtro de \u00f3leo por atacado (5)\" class=\"wp-image-5418\" srcset=\"https:\/\/www.purecook.com\/wp-content\/uploads\/2026\/01\/wholesale-oil-filter-pots-5.webp 800w, https:\/\/www.purecook.com\/wp-content\/uploads\/2026\/01\/wholesale-oil-filter-pots-5-300x300.webp 300w, https:\/\/www.purecook.com\/wp-content\/uploads\/2026\/01\/wholesale-oil-filter-pots-5-150x150.webp 150w, https:\/\/www.purecook.com\/wp-content\/uploads\/2026\/01\/wholesale-oil-filter-pots-5-768x768.webp 768w, https:\/\/www.purecook.com\/wp-content\/uploads\/2026\/01\/wholesale-oil-filter-pots-5-12x12.webp 12w, https:\/\/www.purecook.com\/wp-content\/uploads\/2026\/01\/wholesale-oil-filter-pots-5-600x600.webp 600w, https:\/\/www.purecook.com\/wp-content\/uploads\/2026\/01\/wholesale-oil-filter-pots-5-100x100.webp 100w\" sizes=\"(max-width: 800px) 100vw, 800px\" \/><\/figure>\n<\/div>\n\n\n\n<div class=\"wp-block-column is-layout-flow wp-block-column-is-layout-flow\">\n<figure class=\"wp-block-image size-full\"><img decoding=\"async\" width=\"800\" height=\"800\" src=\"https:\/\/www.purecook.com\/wp-content\/uploads\/2026\/01\/wholesale-oil-filter-pots-6.webp\" alt=\"\" class=\"wp-image-5419\" srcset=\"https:\/\/www.purecook.com\/wp-content\/uploads\/2026\/01\/wholesale-oil-filter-pots-6.webp 800w, https:\/\/www.purecook.com\/wp-content\/uploads\/2026\/01\/wholesale-oil-filter-pots-6-300x300.webp 300w, https:\/\/www.purecook.com\/wp-content\/uploads\/2026\/01\/wholesale-oil-filter-pots-6-150x150.webp 150w, https:\/\/www.purecook.com\/wp-content\/uploads\/2026\/01\/wholesale-oil-filter-pots-6-768x768.webp 768w, https:\/\/www.purecook.com\/wp-content\/uploads\/2026\/01\/wholesale-oil-filter-pots-6-12x12.webp 12w, https:\/\/www.purecook.com\/wp-content\/uploads\/2026\/01\/wholesale-oil-filter-pots-6-600x600.webp 600w, https:\/\/www.purecook.com\/wp-content\/uploads\/2026\/01\/wholesale-oil-filter-pots-6-100x100.webp 100w\" sizes=\"(max-width: 800px) 100vw, 800px\" \/><\/figure>\n<\/div>\n<\/div>","protected":false},"excerpt":{"rendered":"<p>Potes de filtro de \u00f3leo por grosso. Este pote de filtro de \u00f3leo em a\u00e7o inoxid\u00e1vel foi concebido para uma gest\u00e3o eficiente do \u00f3leo em cozinhas dom\u00e9sticas e comerciais, proporcionando uma solu\u00e7\u00e3o pr\u00e1tica e econ\u00f3mica para filtrar, armazenar e reutilizar \u00f3leos de cozinha. Tamb\u00e9m pode ser utilizado para v\u00e1rios cen\u00e1rios de cozedura, como aquecer leite e fritar alimentos.<\/p>\n<p>Como <a href=\"https:\/\/www.purecook.com\/pt\/categoria-produto\/cookware\/\" target=\"_blank\" rel=\"noopener\"><strong>fabricante de utens\u00edlios de cozinha<\/strong><\/a>, A nossa empresa oferece pre\u00e7os por grosso diretos da f\u00e1brica e apoia a personaliza\u00e7\u00e3o OEM e ODM. Contacte-nos agora.<\/p>\n<h2>Carater\u00edsticas do Pote de Filtro de \u00d3leo em A\u00e7o Inoxid\u00e1vel<\/h2>\n<p><strong>Versatilidade multiusos<\/strong><\/p>\n<p>Ao contr\u00e1rio dos recipientes de \u00f3leo normais, este pote foi concebido para mais do que apenas armazenar.<\/p>\n<ul>\n<li>\n<p><strong>Fritura:<\/strong> Utilize a panela principal e o cesto de arame para fritar snacks como batatas fritas ou nuggets de frango.<\/p>\n<\/li>\n<li>\n<p><strong>Cozinhar a vapor e ferver:<\/strong> A grande capacidade e a tampa aberta permitem-lhe cozinhar legumes, cogumelos e tofu diretamente na panela.<\/p>\n<\/li>\n<li>\n<p><strong>Aquecimento de l\u00edquidos:<\/strong> Pode ser utilizado para aquecer l\u00edquidos como o leite ou o leite de soja.<\/p>\n<\/li>\n<li>\n<p><strong>Filtragem de \u00f3leo:<\/strong> O coador de malha fina remove as part\u00edculas de alimentos, permitindo-lhe reutilizar o \u00f3leo de cozinha em seguran\u00e7a.<\/p>\n<\/li>\n<\/ul>\n<p><strong>\u00a0Est\u00e9tica e economia de espa\u00e7o:<\/strong> Uma vez que substitui uma fritadeira, uma leiteira e um recipiente de armazenamento de \u00f3leo, poupa um espa\u00e7o significativo no arm\u00e1rio.<\/p>\n<p data-pm-slice=\"0 0 []\"><strong>Filtragem eficiente do \u00f3leo:<\/strong> O filtro ou coador de malha fina incorporado remove eficazmente os res\u00edduos alimentares e as impurezas, ajudando a manter o \u00f3leo de cozinha limpo e reutiliz\u00e1vel, ao mesmo tempo que mant\u00e9m um melhor sabor dos alimentos.<\/p>\n<p><strong>Ideal para fornecimento grossista e B2B:<\/strong> Somos uma <a href=\"https:\/\/www.purecook.com\/pt\/categoria-produto\/cookware\/\" target=\"_blank\" rel=\"noopener\"><strong>fabricante de utens\u00edlios de cozinha<\/strong><\/a>; Os nossos produtos s\u00e3o concebidos para produ\u00e7\u00e3o e distribui\u00e7\u00e3o a granel, o que os torna adequados para retalhistas, fornecedores de restaurantes e propriet\u00e1rios de marcas.<\/p>\n<p>\n<script src=\"chrome-extension:\/\/fpelahbljekknahkcaegamhcndkfpfnc\/iFrame.js\" type=\"text\/javascript\"><\/script><\/p>","protected":false},"featured_media":5414,"comment_status":"closed","ping_status":"closed","template":"","meta":{"_acf_changed":false},"product_brand":[],"product_cat":[52,64],"product_tag":[],"class_list":{"0":"post-5413","1":"product","2":"type-product","3":"status-publish","4":"has-post-thumbnail","6":"product_cat-kitchen-utensils","7":"product_cat-oil-pot","9":"first","10":"instock","11":"shipping-taxable","12":"product-type-simple"},"acf":[],"_links":{"self":[{"href":"https:\/\/www.purecook.com\/pt\/wp-json\/wp\/v2\/product\/5413","targetHints":{"allow":["GET"]}}],"collection":[{"href":"https:\/\/www.purecook.com\/pt\/wp-json\/wp\/v2\/product"}],"about":[{"href":"https:\/\/www.purecook.com\/pt\/wp-json\/wp\/v2\/types\/product"}],"replies":[{"embeddable":true,"href":"https:\/\/www.purecook.com\/pt\/wp-json\/wp\/v2\/comments?post=5413"}],"wp:featuredmedia":[{"embeddable":true,"href":"https:\/\/www.purecook.com\/pt\/wp-json\/wp\/v2\/media\/5414"}],"wp:attachment":[{"href":"https:\/\/www.purecook.com\/pt\/wp-json\/wp\/v2\/media?parent=5413"}],"wp:term":[{"taxonomy":"product_brand","embeddable":true,"href":"https:\/\/www.purecook.com\/pt\/wp-json\/wp\/v2\/product_brand?post=5413"},{"taxonomy":"product_cat","embeddable":true,"href":"https:\/\/www.purecook.com\/pt\/wp-json\/wp\/v2\/product_cat?post=5413"},{"taxonomy":"product_tag","embeddable":true,"href":"https:\/\/www.purecook.com\/pt\/wp-json\/wp\/v2\/product_tag?post=5413"}],"curies":[{"name":"wp","href":"https:\/\/api.w.org\/{rel}","templated":true}]}}