{"id":5761,"date":"2026-04-13T16:07:20","date_gmt":"2026-04-13T08:07:20","guid":{"rendered":"https:\/\/www.purecook.com\/?post_type=product&#038;p=5761"},"modified":"2026-04-13T16:47:09","modified_gmt":"2026-04-13T08:47:09","slug":"wholesale-retro-textured-metal-serving-plates","status":"publish","type":"product","link":"https:\/\/www.purecook.com\/pt\/product\/wholesale-retro-textured-metal-serving-plates\/","title":{"rendered":"Pratos de servi\u00e7o de metal texturizado por atacado, lou\u00e7a de a\u00e7o inoxid\u00e1vel de estilo retro de alta qualidade"},"content":{"rendered":"<div class=\"wp-block-columns is-layout-flex wp-container-core-columns-is-layout-9d6595d7 wp-block-columns-is-layout-flex\">\n<div class=\"wp-block-column is-layout-flow wp-block-column-is-layout-flow\">\n<h3 class=\"wp-block-heading\">Prato de servir em metal Par\u00e2metros <\/h3>\n\n\n\n<p><strong>Material:<\/strong> A\u00e7o inoxid\u00e1vel 304<br><strong>Espessura normal:<\/strong> 0,55 \/ 1,1 mm<br><strong>Tamanho: <\/strong>23 \/ 26 \/ 30 \/ 34 \/ 38cm <br><strong>Peso bruto:<\/strong> Menos de 1,2 kg<br><strong>Log\u00f3tipo:<\/strong> Serigrafia \/ Grava\u00e7\u00e3o a laser \/ Carimbo em relevo<\/p>\n<\/div>\n\n\n\n<div class=\"wp-block-column is-layout-flow wp-block-column-is-layout-flow\">\n<h3 class=\"wp-block-heading\">Op\u00e7\u00f5es de utens\u00edlios de cozinha personalizados<\/h3>\n\n\n\n<p><strong>Log\u00f3tipo:<\/strong> Personaliz\u00e1vel com o log\u00f3tipo da sua marca<br><strong>Embalagem:<\/strong>\u00a0Caixa de cor \/ Cart\u00e3o, etc<\/p>\n<\/div>\n<\/div>\n\n\n\n<div class=\"wp-block-columns is-layout-flex wp-container-core-columns-is-layout-9d6595d7 wp-block-columns-is-layout-flex\">\n<div class=\"wp-block-column is-layout-flow wp-block-column-is-layout-flow\">\n<figure class=\"wp-block-image size-full\"><img decoding=\"async\" width=\"800\" height=\"800\" src=\"https:\/\/www.purecook.com\/wp-content\/uploads\/2026\/04\/wholesale-textured-metal-serving-plates-1.webp\" alt=\"pratos de servir em metal texturado por atacado (1)\" class=\"wp-image-5762\" srcset=\"https:\/\/www.purecook.com\/wp-content\/uploads\/2026\/04\/wholesale-textured-metal-serving-plates-1.webp 800w, https:\/\/www.purecook.com\/wp-content\/uploads\/2026\/04\/wholesale-textured-metal-serving-plates-1-300x300.webp 300w, https:\/\/www.purecook.com\/wp-content\/uploads\/2026\/04\/wholesale-textured-metal-serving-plates-1-150x150.webp 150w, https:\/\/www.purecook.com\/wp-content\/uploads\/2026\/04\/wholesale-textured-metal-serving-plates-1-768x768.webp 768w, https:\/\/www.purecook.com\/wp-content\/uploads\/2026\/04\/wholesale-textured-metal-serving-plates-1-12x12.webp 12w, https:\/\/www.purecook.com\/wp-content\/uploads\/2026\/04\/wholesale-textured-metal-serving-plates-1-600x600.webp 600w, https:\/\/www.purecook.com\/wp-content\/uploads\/2026\/04\/wholesale-textured-metal-serving-plates-1-100x100.webp 100w\" sizes=\"(max-width: 800px) 100vw, 800px\" \/><\/figure>\n<\/div>\n\n\n\n<div class=\"wp-block-column is-layout-flow wp-block-column-is-layout-flow\">\n<figure class=\"wp-block-image size-full\"><img decoding=\"async\" width=\"800\" height=\"800\" src=\"https:\/\/www.purecook.com\/wp-content\/uploads\/2026\/04\/wholesale-textured-metal-serving-plates-2.webp\" alt=\"pratos de servir em metal texturado por atacado (2)\" class=\"wp-image-5763\" srcset=\"https:\/\/www.purecook.com\/wp-content\/uploads\/2026\/04\/wholesale-textured-metal-serving-plates-2.webp 800w, https:\/\/www.purecook.com\/wp-content\/uploads\/2026\/04\/wholesale-textured-metal-serving-plates-2-300x300.webp 300w, https:\/\/www.purecook.com\/wp-content\/uploads\/2026\/04\/wholesale-textured-metal-serving-plates-2-150x150.webp 150w, https:\/\/www.purecook.com\/wp-content\/uploads\/2026\/04\/wholesale-textured-metal-serving-plates-2-768x768.webp 768w, https:\/\/www.purecook.com\/wp-content\/uploads\/2026\/04\/wholesale-textured-metal-serving-plates-2-12x12.webp 12w, https:\/\/www.purecook.com\/wp-content\/uploads\/2026\/04\/wholesale-textured-metal-serving-plates-2-600x600.webp 600w, https:\/\/www.purecook.com\/wp-content\/uploads\/2026\/04\/wholesale-textured-metal-serving-plates-2-100x100.webp 100w\" sizes=\"(max-width: 800px) 100vw, 800px\" \/><\/figure>\n<\/div>\n<\/div>\n\n\n\n<div class=\"wp-block-columns is-layout-flex wp-container-core-columns-is-layout-9d6595d7 wp-block-columns-is-layout-flex\">\n<div class=\"wp-block-column is-layout-flow wp-block-column-is-layout-flow\"><\/div>\n\n\n\n<div class=\"wp-block-column is-layout-flow wp-block-column-is-layout-flow\"><\/div>\n<\/div>","protected":false},"excerpt":{"rendered":"<p>Os pratos de servir em metal com textura foram concebidos para o mercado de restaura\u00e7\u00e3o e hotelaria de qualidade superior, combinando um aspeto retro com um trabalho artesanal em a\u00e7o inoxid\u00e1vel duradouro. A superf\u00edcie texturizada aumenta o apelo visual e acrescenta um estilo vintage refinado, tornando-os ideais para restaurantes, hot\u00e9is, servi\u00e7os de catering e marcas de restaurantes boutique.<\/p>\n<p>Como profissional <a href=\"https:\/\/www.purecook.com\/pt\/\" target=\"_blank\" rel=\"noopener\"><strong>fabricante de utens\u00edlios de cozinha<\/strong><\/a>, A nossa empresa fornece aos grossistas, distribuidores, importadores e parceiros retalhistas de todo o mundo um fornecimento est\u00e1vel de utens\u00edlios de cozinha de alta qualidade a granel.<\/p>\n<h2>Carater\u00edsticas dos pratos de servir em metal<\/h2>\n<p><strong>Textura retro requintada:<\/strong> Estes pratos de servir em metal texturado t\u00eam um acabamento met\u00e1lico refinado, melhorando a apresenta\u00e7\u00e3o dos alimentos. Ideal para restaurantes e hot\u00e9is tem\u00e1ticos.<\/p>\n<p><strong>Tamanho vers\u00e1til para um servi\u00e7o completo:<\/strong> A s\u00e9rie de pratos de servir em metal para venda por grosso est\u00e1 dispon\u00edvel em v\u00e1rios di\u00e2metros, permitindo uma vasta gama de op\u00e7\u00f5es, desde pequenas sobremesas e pratos de acompanhamento a pratos principais espa\u00e7osos.<\/p>\n<p><strong>Aplica\u00e7\u00e3o de servi\u00e7o funcional:<\/strong> Concebida para a apresenta\u00e7\u00e3o pr\u00e1tica de alimentos e para servir em restaurantes, hot\u00e9is e servi\u00e7os de catering, combinando a facilidade de utiliza\u00e7\u00e3o com um design elegante.<\/p>\n<p><strong>Capacidade de fornecimento a granel B2B:<\/strong> Como fabricante de utens\u00edlios de cozinha, os nossos produtos s\u00e3o adequados para grossistas, distribuidores e importadores, satisfazendo as necessidades das empresas que requerem uma compra est\u00e1vel e de grande volume e uma qualidade de produto consistente.<\/p>\n<p><strong>Suporte \u00e0 personaliza\u00e7\u00e3o OEM\/ODM:<\/strong> A personaliza\u00e7\u00e3o baseada na f\u00e1brica permite ajustes na marca, na embalagem e no design para satisfazer os diversos requisitos do mercado e da empresa.<\/p>\n<p>\n<script src=\"chrome-extension:\/\/fpelahbljekknahkcaegamhcndkfpfnc\/iFrame.js\" type=\"text\/javascript\"><\/script><\/p>","protected":false},"featured_media":5762,"comment_status":"closed","ping_status":"closed","template":"","meta":{"_acf_changed":false},"product_brand":[],"product_cat":[51,55],"product_tag":[],"class_list":{"0":"post-5761","1":"product","2":"type-product","3":"status-publish","4":"has-post-thumbnail","6":"product_cat-dinnerware","7":"product_cat-dish-and-plate","9":"first","10":"instock","11":"shipping-taxable","12":"product-type-simple"},"acf":[],"_links":{"self":[{"href":"https:\/\/www.purecook.com\/pt\/wp-json\/wp\/v2\/product\/5761","targetHints":{"allow":["GET"]}}],"collection":[{"href":"https:\/\/www.purecook.com\/pt\/wp-json\/wp\/v2\/product"}],"about":[{"href":"https:\/\/www.purecook.com\/pt\/wp-json\/wp\/v2\/types\/product"}],"replies":[{"embeddable":true,"href":"https:\/\/www.purecook.com\/pt\/wp-json\/wp\/v2\/comments?post=5761"}],"wp:featuredmedia":[{"embeddable":true,"href":"https:\/\/www.purecook.com\/pt\/wp-json\/wp\/v2\/media\/5762"}],"wp:attachment":[{"href":"https:\/\/www.purecook.com\/pt\/wp-json\/wp\/v2\/media?parent=5761"}],"wp:term":[{"taxonomy":"product_brand","embeddable":true,"href":"https:\/\/www.purecook.com\/pt\/wp-json\/wp\/v2\/product_brand?post=5761"},{"taxonomy":"product_cat","embeddable":true,"href":"https:\/\/www.purecook.com\/pt\/wp-json\/wp\/v2\/product_cat?post=5761"},{"taxonomy":"product_tag","embeddable":true,"href":"https:\/\/www.purecook.com\/pt\/wp-json\/wp\/v2\/product_tag?post=5761"}],"curies":[{"name":"wp","href":"https:\/\/api.w.org\/{rel}","templated":true}]}}