{"id":5768,"date":"2026-04-13T16:51:01","date_gmt":"2026-04-13T08:51:01","guid":{"rendered":"https:\/\/www.purecook.com\/?post_type=product&#038;p=5768"},"modified":"2026-04-13T17:15:56","modified_gmt":"2026-04-13T09:15:56","slug":"factory-wholesale-retro-style-stainless-steel-plates","status":"publish","type":"product","link":"https:\/\/www.purecook.com\/pt\/product\/factory-wholesale-retro-style-stainless-steel-plates\/","title":{"rendered":"Pratos de a\u00e7o inoxid\u00e1vel de estilo retro por atacado da f\u00e1brica - Ideal para hot\u00e9is, restaurantes e campismo ao ar livre"},"content":{"rendered":"<div class=\"wp-block-columns is-layout-flex wp-container-core-columns-is-layout-9d6595d7 wp-block-columns-is-layout-flex\">\n<div class=\"wp-block-column is-layout-flow wp-block-column-is-layout-flow\">\n<h3 class=\"wp-block-heading\">Placa de a\u00e7o inoxid\u00e1vel de estilo retro Par\u00e2metros<\/h3>\n\n\n\n<p><strong>Material:<\/strong> A\u00e7o inoxid\u00e1vel<br><strong>Espessura normal<\/strong>: 0,9 \/ 1 \/ 1,2 mm<br><strong>Log\u00f3tipo: <\/strong>Serigrafia \/ Grava\u00e7\u00e3o a laser \/ Carimbo em relevo<br><strong>Tamanho: <\/strong>13\/17\/21\/25cm<br><strong>Peso bruto: <\/strong>Menos de 0,5 kg<\/p>\n<\/div>\n\n\n\n<div class=\"wp-block-column is-layout-flow wp-block-column-is-layout-flow\">\n<h3 class=\"wp-block-heading\">Op\u00e7\u00f5es de utens\u00edlios de cozinha personalizados<\/h3>\n\n\n\n<p><strong>Log\u00f3tipo:<\/strong> Personaliz\u00e1vel com o log\u00f3tipo da sua marca<br><strong>Embalagem:<\/strong>\u00a0Caixa de cor\/caixa de cart\u00e3o, etc<\/p>\n<\/div>\n<\/div>\n\n\n\n<div class=\"wp-block-columns is-layout-flex wp-container-core-columns-is-layout-9d6595d7 wp-block-columns-is-layout-flex\">\n<div class=\"wp-block-column is-layout-flow wp-block-column-is-layout-flow\">\n<figure class=\"wp-block-image size-full\"><img decoding=\"async\" width=\"800\" height=\"800\" src=\"https:\/\/www.purecook.com\/wp-content\/uploads\/2026\/04\/wholesale-retro-style-stainless-steel-plates-ideal-for-hotels-restaurants-3.webp\" alt=\"pratos de a\u00e7o inoxid\u00e1vel de estilo retro por atacado, ideais para hot\u00e9is e restaurantes (3)\" class=\"wp-image-5771\" srcset=\"https:\/\/www.purecook.com\/wp-content\/uploads\/2026\/04\/wholesale-retro-style-stainless-steel-plates-ideal-for-hotels-restaurants-3.webp 800w, https:\/\/www.purecook.com\/wp-content\/uploads\/2026\/04\/wholesale-retro-style-stainless-steel-plates-ideal-for-hotels-restaurants-3-300x300.webp 300w, https:\/\/www.purecook.com\/wp-content\/uploads\/2026\/04\/wholesale-retro-style-stainless-steel-plates-ideal-for-hotels-restaurants-3-150x150.webp 150w, https:\/\/www.purecook.com\/wp-content\/uploads\/2026\/04\/wholesale-retro-style-stainless-steel-plates-ideal-for-hotels-restaurants-3-768x768.webp 768w, https:\/\/www.purecook.com\/wp-content\/uploads\/2026\/04\/wholesale-retro-style-stainless-steel-plates-ideal-for-hotels-restaurants-3-12x12.webp 12w, https:\/\/www.purecook.com\/wp-content\/uploads\/2026\/04\/wholesale-retro-style-stainless-steel-plates-ideal-for-hotels-restaurants-3-600x600.webp 600w, https:\/\/www.purecook.com\/wp-content\/uploads\/2026\/04\/wholesale-retro-style-stainless-steel-plates-ideal-for-hotels-restaurants-3-100x100.webp 100w\" sizes=\"(max-width: 800px) 100vw, 800px\" \/><\/figure>\n<\/div>\n\n\n\n<div class=\"wp-block-column is-layout-flow wp-block-column-is-layout-flow\">\n<figure class=\"wp-block-image size-full\"><img decoding=\"async\" width=\"800\" height=\"800\" src=\"https:\/\/www.purecook.com\/wp-content\/uploads\/2026\/04\/wholesale-retro-style-stainless-steel-plates-ideal-for-hotels-restaurants-4.webp\" alt=\"pratos de a\u00e7o inoxid\u00e1vel de estilo retro por atacado, ideais para hot\u00e9is e restaurantes (4)\" class=\"wp-image-5772\" srcset=\"https:\/\/www.purecook.com\/wp-content\/uploads\/2026\/04\/wholesale-retro-style-stainless-steel-plates-ideal-for-hotels-restaurants-4.webp 800w, https:\/\/www.purecook.com\/wp-content\/uploads\/2026\/04\/wholesale-retro-style-stainless-steel-plates-ideal-for-hotels-restaurants-4-300x300.webp 300w, https:\/\/www.purecook.com\/wp-content\/uploads\/2026\/04\/wholesale-retro-style-stainless-steel-plates-ideal-for-hotels-restaurants-4-150x150.webp 150w, https:\/\/www.purecook.com\/wp-content\/uploads\/2026\/04\/wholesale-retro-style-stainless-steel-plates-ideal-for-hotels-restaurants-4-768x768.webp 768w, https:\/\/www.purecook.com\/wp-content\/uploads\/2026\/04\/wholesale-retro-style-stainless-steel-plates-ideal-for-hotels-restaurants-4-12x12.webp 12w, https:\/\/www.purecook.com\/wp-content\/uploads\/2026\/04\/wholesale-retro-style-stainless-steel-plates-ideal-for-hotels-restaurants-4-600x600.webp 600w, https:\/\/www.purecook.com\/wp-content\/uploads\/2026\/04\/wholesale-retro-style-stainless-steel-plates-ideal-for-hotels-restaurants-4-100x100.webp 100w\" sizes=\"(max-width: 800px) 100vw, 800px\" \/><\/figure>\n<\/div>\n<\/div>","protected":false},"excerpt":{"rendered":"<p>Os pratos de a\u00e7o inoxid\u00e1vel de estilo retro da Factory Wholesale foram concebidos para refei\u00e7\u00f5es comerciais e utiliza\u00e7\u00e3o no exterior, combinando a est\u00e9tica retro cl\u00e1ssica com a durabilidade do a\u00e7o inoxid\u00e1vel. O design simples, mas elegante, torna-os adequados para uma ampla gama de aplica\u00e7\u00f5es, incluindo hot\u00e9is, restaurantes, servi\u00e7os de catering e ambientes de acampamento ao ar livre.<\/p>\n<h2>Placas de a\u00e7o inoxid\u00e1vel de estilo retro Carater\u00edsticas<\/h2>\n<p><strong>Material duradouro em a\u00e7o inoxid\u00e1vel:<\/strong> Fabricado para utiliza\u00e7\u00e3o comercial e no exterior a longo prazo, este material garante uma forte resist\u00eancia ao desgaste, \u00e0 corros\u00e3o e ao manuseamento frequente em ambientes de restaura\u00e7\u00e3o movimentados, como hot\u00e9is e restaurantes.<\/p>\n<p><strong>Design retro:<\/strong> Os pratos de a\u00e7o inoxid\u00e1vel para venda por grosso apresentam uma textura cl\u00e1ssica e um estilo retro que real\u00e7a os ambientes de mesa, criando uma atmosfera de jantar mais refinada e sofisticada.<\/p>\n<p><strong>Amplos cen\u00e1rios de aplica\u00e7\u00e3o:<\/strong> Perfeitamente adequado para hot\u00e9is, restaurantes, servi\u00e7os de catering e campismo ao ar livre, oferecendo uma utiliza\u00e7\u00e3o vers\u00e1til nos mercados de servi\u00e7os alimentares profissionais e de refei\u00e7\u00f5es de lazer.<\/p>\n<p><strong>Capacidade de fornecimento a granel:<\/strong> Como uma f\u00e1brica de utens\u00edlios de cozinha, acomodamos encomendas de grande volume e mantemos uma capacidade de produ\u00e7\u00e3o est\u00e1vel. Os nossos produtos s\u00e3o ideais para distribuidores, importadores e parcerias B2B a longo prazo.<\/p>\n<p>\n<script src=\"chrome-extension:\/\/fpelahbljekknahkcaegamhcndkfpfnc\/iFrame.js\" type=\"text\/javascript\"><\/script><\/p>","protected":false},"featured_media":5769,"comment_status":"closed","ping_status":"closed","template":"","meta":{"_acf_changed":false},"product_brand":[],"product_cat":[51,55],"product_tag":[],"class_list":{"0":"post-5768","1":"product","2":"type-product","3":"status-publish","4":"has-post-thumbnail","6":"product_cat-dinnerware","7":"product_cat-dish-and-plate","9":"first","10":"instock","11":"shipping-taxable","12":"product-type-simple"},"acf":[],"_links":{"self":[{"href":"https:\/\/www.purecook.com\/pt\/wp-json\/wp\/v2\/product\/5768","targetHints":{"allow":["GET"]}}],"collection":[{"href":"https:\/\/www.purecook.com\/pt\/wp-json\/wp\/v2\/product"}],"about":[{"href":"https:\/\/www.purecook.com\/pt\/wp-json\/wp\/v2\/types\/product"}],"replies":[{"embeddable":true,"href":"https:\/\/www.purecook.com\/pt\/wp-json\/wp\/v2\/comments?post=5768"}],"wp:featuredmedia":[{"embeddable":true,"href":"https:\/\/www.purecook.com\/pt\/wp-json\/wp\/v2\/media\/5769"}],"wp:attachment":[{"href":"https:\/\/www.purecook.com\/pt\/wp-json\/wp\/v2\/media?parent=5768"}],"wp:term":[{"taxonomy":"product_brand","embeddable":true,"href":"https:\/\/www.purecook.com\/pt\/wp-json\/wp\/v2\/product_brand?post=5768"},{"taxonomy":"product_cat","embeddable":true,"href":"https:\/\/www.purecook.com\/pt\/wp-json\/wp\/v2\/product_cat?post=5768"},{"taxonomy":"product_tag","embeddable":true,"href":"https:\/\/www.purecook.com\/pt\/wp-json\/wp\/v2\/product_tag?post=5768"}],"curies":[{"name":"wp","href":"https:\/\/api.w.org\/{rel}","templated":true}]}}