{"id":5777,"date":"2026-04-13T17:23:50","date_gmt":"2026-04-13T09:23:50","guid":{"rendered":"https:\/\/www.purecook.com\/?post_type=product&#038;p=5777"},"modified":"2026-04-13T17:44:12","modified_gmt":"2026-04-13T09:44:12","slug":"bulk-stainless-steel-dessert-plates-bone-dishes","status":"publish","type":"product","link":"https:\/\/www.purecook.com\/pt\/product\/bulk-stainless-steel-dessert-plates-bone-dishes\/","title":{"rendered":"Pratos de sobremesa de a\u00e7o inoxid\u00e1vel de estilo industrial retr\u00f4 por atacado, pratos de osso - Nosso suprimento de f\u00e1brica de lou\u00e7as de metal"},"content":{"rendered":"<div class=\"wp-block-columns is-layout-flex wp-container-core-columns-is-layout-9d6595d7 wp-block-columns-is-layout-flex\">\n<div class=\"wp-block-column is-layout-flow wp-block-column-is-layout-flow\">\n<h3 class=\"wp-block-heading\">Placa de a\u00e7o inoxid\u00e1vel de estilo retro Par\u00e2metros<\/h3>\n\n\n\n<p><strong>Material:<\/strong> A\u00e7o inoxid\u00e1vel<br><strong>Espessura normal<\/strong>: 0,8 mm<br><strong>Log\u00f3tipo: <\/strong>Serigrafia \/ Grava\u00e7\u00e3o a laser \/ Carimbo em relevo<br><strong>Tamanho: <\/strong>13 \/ 15 \/ 17cm<br><strong>Peso bruto: <\/strong>Menos de 0,5 kg<\/p>\n<\/div>\n\n\n\n<div class=\"wp-block-column is-layout-flow wp-block-column-is-layout-flow\">\n<h3 class=\"wp-block-heading\">Op\u00e7\u00f5es de utens\u00edlios de cozinha personalizados<\/h3>\n\n\n\n<p><strong>Log\u00f3tipo:<\/strong> Personaliz\u00e1vel com o log\u00f3tipo da sua marca<br><strong>Embalagem:<\/strong>&nbsp;Caixa de cor\/caixa de cart\u00e3o, etc<\/p>\n<\/div>\n<\/div>\n\n\n\n<div class=\"wp-block-columns is-layout-flex wp-container-core-columns-is-layout-9d6595d7 wp-block-columns-is-layout-flex\">\n<div class=\"wp-block-column is-layout-flow wp-block-column-is-layout-flow\">\n<figure class=\"wp-block-image size-full\"><img decoding=\"async\" width=\"800\" height=\"800\" src=\"https:\/\/www.purecook.com\/wp-content\/uploads\/2026\/04\/wholesale-retro-industrial-style-stainless-steel-dessert-plates-3.webp\" alt=\"pratos de sobremesa em a\u00e7o inoxid\u00e1vel de estilo industrial retro por atacado (3)\" class=\"wp-image-5780\" srcset=\"https:\/\/www.purecook.com\/wp-content\/uploads\/2026\/04\/wholesale-retro-industrial-style-stainless-steel-dessert-plates-3.webp 800w, https:\/\/www.purecook.com\/wp-content\/uploads\/2026\/04\/wholesale-retro-industrial-style-stainless-steel-dessert-plates-3-300x300.webp 300w, https:\/\/www.purecook.com\/wp-content\/uploads\/2026\/04\/wholesale-retro-industrial-style-stainless-steel-dessert-plates-3-150x150.webp 150w, https:\/\/www.purecook.com\/wp-content\/uploads\/2026\/04\/wholesale-retro-industrial-style-stainless-steel-dessert-plates-3-768x768.webp 768w, https:\/\/www.purecook.com\/wp-content\/uploads\/2026\/04\/wholesale-retro-industrial-style-stainless-steel-dessert-plates-3-12x12.webp 12w, https:\/\/www.purecook.com\/wp-content\/uploads\/2026\/04\/wholesale-retro-industrial-style-stainless-steel-dessert-plates-3-600x600.webp 600w, https:\/\/www.purecook.com\/wp-content\/uploads\/2026\/04\/wholesale-retro-industrial-style-stainless-steel-dessert-plates-3-100x100.webp 100w\" sizes=\"(max-width: 800px) 100vw, 800px\" \/><\/figure>\n<\/div>\n\n\n\n<div class=\"wp-block-column is-layout-flow wp-block-column-is-layout-flow\">\n<figure class=\"wp-block-image size-full\"><img decoding=\"async\" width=\"800\" height=\"800\" src=\"https:\/\/www.purecook.com\/wp-content\/uploads\/2026\/04\/wholesale-retro-industrial-style-stainless-steel-dessert-plates-4.webp\" alt=\"pratos de sobremesa em a\u00e7o inoxid\u00e1vel, estilo retro industrial, por atacado (4)\" class=\"wp-image-5781\" srcset=\"https:\/\/www.purecook.com\/wp-content\/uploads\/2026\/04\/wholesale-retro-industrial-style-stainless-steel-dessert-plates-4.webp 800w, https:\/\/www.purecook.com\/wp-content\/uploads\/2026\/04\/wholesale-retro-industrial-style-stainless-steel-dessert-plates-4-300x300.webp 300w, https:\/\/www.purecook.com\/wp-content\/uploads\/2026\/04\/wholesale-retro-industrial-style-stainless-steel-dessert-plates-4-150x150.webp 150w, https:\/\/www.purecook.com\/wp-content\/uploads\/2026\/04\/wholesale-retro-industrial-style-stainless-steel-dessert-plates-4-768x768.webp 768w, https:\/\/www.purecook.com\/wp-content\/uploads\/2026\/04\/wholesale-retro-industrial-style-stainless-steel-dessert-plates-4-12x12.webp 12w, https:\/\/www.purecook.com\/wp-content\/uploads\/2026\/04\/wholesale-retro-industrial-style-stainless-steel-dessert-plates-4-600x600.webp 600w, https:\/\/www.purecook.com\/wp-content\/uploads\/2026\/04\/wholesale-retro-industrial-style-stainless-steel-dessert-plates-4-100x100.webp 100w\" sizes=\"(max-width: 800px) 100vw, 800px\" \/><\/figure>\n<\/div>\n<\/div>","protected":false},"excerpt":{"rendered":"<p>Os nossos pratos de sobremesa em a\u00e7o inoxid\u00e1vel para venda por grosso s\u00e3o ideais para servir bolos, pastelaria, sobremesas e pequenas por\u00e7\u00f5es de comida. Especificamente concebidos para restaurantes, hot\u00e9is, caf\u00e9s e servi\u00e7os de catering, combinam uma durabilidade excecional com uma est\u00e9tica de inspira\u00e7\u00e3o vintage, tornando-os perfeitamente adequados para uma utiliza\u00e7\u00e3o comercial de elevada frequ\u00eancia.<\/p>\n<p>Como fabricante de utens\u00edlios de cozinha e de jantar, oferecemos servi\u00e7os abrangentes de personaliza\u00e7\u00e3o OEM\/ODM, permitindo que os compradores B2B em todo o mundo criem com confian\u00e7a as suas pr\u00f3prias colec\u00e7\u00f5es de marcas distintas.<\/p>\n<h2>Placas de a\u00e7o inoxid\u00e1vel de estilo retro Carater\u00edsticas<\/h2>\n<p><strong>Material de a\u00e7o inoxid\u00e1vel de qualidade superior:<\/strong> Os nossos pratos de sobremesa por atacado s\u00e3o fabricados em a\u00e7o inoxid\u00e1vel 304 de alta qualidade, garantindo uma durabilidade excecional, resist\u00eancia \u00e0 corros\u00e3o e desempenho duradouro - tornando-os ideais para ambientes de restaura\u00e7\u00e3o comercial movimentados, como restaurantes, hot\u00e9is e caf\u00e9s.<\/p>\n<p><strong>Estilo de design industrial retro:<\/strong> Combinando uma est\u00e9tica vintage e industrial, estes pratos criam um aspeto distinto que melhora a apresenta\u00e7\u00e3o da mesa e acrescenta uma identidade visual de qualidade ao seu servi\u00e7o de sobremesas.<\/p>\n<p><strong>Optimizado para o servi\u00e7o de sobremesas:<\/strong> Especificamente concebidos para servir sobremesas, estes pratos s\u00e3o perfeitos para apresentar elegantemente bolos, pastelaria, doces e pequenas por\u00e7\u00f5es, elevando assim a apresenta\u00e7\u00e3o dos alimentos e melhorando a experi\u00eancia gastron\u00f3mica geral do cliente.<\/p>\n<p><strong>Suporte \u00e0 personaliza\u00e7\u00e3o OEM\/ODM:<\/strong> Como fabricante de lou\u00e7a met\u00e1lica, oferecemos op\u00e7\u00f5es flex\u00edveis de personaliza\u00e7\u00e3o - incluindo a marca do log\u00f3tipo, acabamentos de superf\u00edcie e embalagem - fornecendo uma solu\u00e7\u00e3o abrangente e \u00fanica, adaptada \u00e0s suas necessidades espec\u00edficas.<\/p>\n<p>\n<script src=\"chrome-extension:\/\/fpelahbljekknahkcaegamhcndkfpfnc\/iFrame.js\" type=\"text\/javascript\"><\/script><\/p>","protected":false},"featured_media":5778,"comment_status":"closed","ping_status":"closed","template":"","meta":{"_acf_changed":false},"product_brand":[],"product_cat":[51,55],"product_tag":[],"class_list":{"0":"post-5777","1":"product","2":"type-product","3":"status-publish","4":"has-post-thumbnail","6":"product_cat-dinnerware","7":"product_cat-dish-and-plate","9":"first","10":"instock","11":"shipping-taxable","12":"product-type-simple"},"acf":[],"_links":{"self":[{"href":"https:\/\/www.purecook.com\/pt\/wp-json\/wp\/v2\/product\/5777","targetHints":{"allow":["GET"]}}],"collection":[{"href":"https:\/\/www.purecook.com\/pt\/wp-json\/wp\/v2\/product"}],"about":[{"href":"https:\/\/www.purecook.com\/pt\/wp-json\/wp\/v2\/types\/product"}],"replies":[{"embeddable":true,"href":"https:\/\/www.purecook.com\/pt\/wp-json\/wp\/v2\/comments?post=5777"}],"wp:featuredmedia":[{"embeddable":true,"href":"https:\/\/www.purecook.com\/pt\/wp-json\/wp\/v2\/media\/5778"}],"wp:attachment":[{"href":"https:\/\/www.purecook.com\/pt\/wp-json\/wp\/v2\/media?parent=5777"}],"wp:term":[{"taxonomy":"product_brand","embeddable":true,"href":"https:\/\/www.purecook.com\/pt\/wp-json\/wp\/v2\/product_brand?post=5777"},{"taxonomy":"product_cat","embeddable":true,"href":"https:\/\/www.purecook.com\/pt\/wp-json\/wp\/v2\/product_cat?post=5777"},{"taxonomy":"product_tag","embeddable":true,"href":"https:\/\/www.purecook.com\/pt\/wp-json\/wp\/v2\/product_tag?post=5777"}],"curies":[{"name":"wp","href":"https:\/\/api.w.org\/{rel}","templated":true}]}}