{"id":5895,"date":"2026-05-12T14:07:11","date_gmt":"2026-05-12T06:07:11","guid":{"rendered":"https:\/\/www.purecook.com\/?post_type=product&#038;p=5895"},"modified":"2026-05-12T14:32:44","modified_gmt":"2026-05-12T06:32:44","slug":"wholesale-ceramic-non-stick-cookware-set","status":"publish","type":"product","link":"https:\/\/www.purecook.com\/pt\/product\/wholesale-ceramic-non-stick-cookware-set\/","title":{"rendered":"Conjunto de panelas antiaderentes de cer\u00e2mica por atacado com pegas com aspeto de madeira, substrato: Alum\u00ednio"},"content":{"rendered":"<div class=\"wp-block-columns is-layout-flex wp-container-core-columns-is-layout-9d6595d7 wp-block-columns-is-layout-flex\">\n<div class=\"wp-block-column is-layout-flow wp-block-column-is-layout-flow\">\n<h3 class=\"wp-block-heading\">Par\u00e2metros do conjunto de panelas antiaderentes de cer\u00e2mica <\/h3>\n\n\n\n<p><strong>Material:<\/strong> Alum\u00ednio<br><strong>Inclui:<\/strong><\/p>\n\n\n\n<ul class=\"wp-block-list\">\n<li>Frasco de leite de 16 cm com tampa<\/li>\n\n\n\n<li>Frigideira e frigideira Wok de 28 cm com tampa<\/li>\n\n\n\n<li>Panela de 24 cm com tampa e suporte para vapor<\/li>\n\n\n\n<li>Frigideira de 24 cm<\/li>\n\n\n\n<li>Frigideira de 28 cm<\/li>\n\n\n\n<li>Pin\u00e7a para bifes: Cabe\u00e7a de silicone com cabo de madeira<\/li>\n\n\n\n<li>Esp\u00e1tula: Cabe\u00e7a de silicone com cabo de madeira<\/li>\n\n\n\n<li>Concha de sopa: Cabe\u00e7a de silicone com cabo de madeira<\/li>\n<\/ul>\n<\/div>\n\n\n\n<div class=\"wp-block-column is-layout-flow wp-block-column-is-layout-flow\">\n<h3 class=\"wp-block-heading\">Op\u00e7\u00f5es de utens\u00edlios de cozinha personalizados<\/h3>\n\n\n\n<p><strong>Log\u00f3tipo:<\/strong> Personaliz\u00e1vel com o log\u00f3tipo da sua marca<br><strong>Embalagem:<\/strong>\u00a0Caixa de cor \/ Cart\u00e3o, etc<br><strong>Pega: <\/strong>Pega para se adaptar ao seu estilo<\/p>\n<\/div>\n<\/div>\n\n\n\n<div class=\"wp-block-columns is-layout-flex wp-container-core-columns-is-layout-9d6595d7 wp-block-columns-is-layout-flex\">\n<div class=\"wp-block-column is-layout-flow wp-block-column-is-layout-flow\">\n<figure class=\"wp-block-image size-full\"><img decoding=\"async\" width=\"800\" height=\"800\" src=\"https:\/\/www.purecook.com\/wp-content\/uploads\/2026\/05\/wholesale-ceramic-non-stick-cookware-set-2.webp\" alt=\"conjunto de panelas antiaderentes de cer\u00e2mica por atacado\" class=\"wp-image-5897\" srcset=\"https:\/\/www.purecook.com\/wp-content\/uploads\/2026\/05\/wholesale-ceramic-non-stick-cookware-set-2.webp 800w, https:\/\/www.purecook.com\/wp-content\/uploads\/2026\/05\/wholesale-ceramic-non-stick-cookware-set-2-300x300.webp 300w, https:\/\/www.purecook.com\/wp-content\/uploads\/2026\/05\/wholesale-ceramic-non-stick-cookware-set-2-150x150.webp 150w, https:\/\/www.purecook.com\/wp-content\/uploads\/2026\/05\/wholesale-ceramic-non-stick-cookware-set-2-768x768.webp 768w, https:\/\/www.purecook.com\/wp-content\/uploads\/2026\/05\/wholesale-ceramic-non-stick-cookware-set-2-12x12.webp 12w, https:\/\/www.purecook.com\/wp-content\/uploads\/2026\/05\/wholesale-ceramic-non-stick-cookware-set-2-600x600.webp 600w, https:\/\/www.purecook.com\/wp-content\/uploads\/2026\/05\/wholesale-ceramic-non-stick-cookware-set-2-100x100.webp 100w\" sizes=\"(max-width: 800px) 100vw, 800px\" \/><\/figure>\n<\/div>\n\n\n\n<div class=\"wp-block-column is-layout-flow wp-block-column-is-layout-flow\">\n<figure class=\"wp-block-image size-full\"><img decoding=\"async\" width=\"800\" height=\"800\" src=\"https:\/\/www.purecook.com\/wp-content\/uploads\/2026\/05\/wholesale-ceramic-non-stick-cookware-set-5.webp\" alt=\"conjunto de panelas antiaderentes de cer\u00e2mica por atacado\" class=\"wp-image-5900\" srcset=\"https:\/\/www.purecook.com\/wp-content\/uploads\/2026\/05\/wholesale-ceramic-non-stick-cookware-set-5.webp 800w, https:\/\/www.purecook.com\/wp-content\/uploads\/2026\/05\/wholesale-ceramic-non-stick-cookware-set-5-300x300.webp 300w, https:\/\/www.purecook.com\/wp-content\/uploads\/2026\/05\/wholesale-ceramic-non-stick-cookware-set-5-150x150.webp 150w, https:\/\/www.purecook.com\/wp-content\/uploads\/2026\/05\/wholesale-ceramic-non-stick-cookware-set-5-768x768.webp 768w, https:\/\/www.purecook.com\/wp-content\/uploads\/2026\/05\/wholesale-ceramic-non-stick-cookware-set-5-12x12.webp 12w, https:\/\/www.purecook.com\/wp-content\/uploads\/2026\/05\/wholesale-ceramic-non-stick-cookware-set-5-600x600.webp 600w, https:\/\/www.purecook.com\/wp-content\/uploads\/2026\/05\/wholesale-ceramic-non-stick-cookware-set-5-100x100.webp 100w\" sizes=\"(max-width: 800px) 100vw, 800px\" \/><\/figure>\n<\/div>\n<\/div>","protected":false},"excerpt":{"rendered":"<p>Conjunto de panelas antiaderentes de cer\u00e2mica por atacado. Este conjunto de panelas antiaderentes de cer\u00e2mica por atacado foi concebido para cozinhas modernas que exigem desempenho e apelo est\u00e9tico. Constru\u00eddo com um substrato de alum\u00ednio dur\u00e1vel, o utens\u00edlio de cozinha garante uma distribui\u00e7\u00e3o de calor r\u00e1pida e uniforme, tornando a cozedura di\u00e1ria mais eficiente e consistente. O revestimento antiaderente em cer\u00e2mica ajuda a reduzir a utiliza\u00e7\u00e3o de \u00f3leo e apoia uma cozinha mais saud\u00e1vel, facilitando a limpeza para os utilizadores finais.<\/p>\n<h2>Conjunto de panelas antiaderentes de cer\u00e2mica Carater\u00edsticas<\/h2>\n<p><strong>Constru\u00e7\u00e3o em alum\u00ednio dur\u00e1vel:<\/strong> Os utens\u00edlios de cozinha s\u00e3o fabricados com uma base de alum\u00ednio, garantindo uma distribui\u00e7\u00e3o r\u00e1pida e uniforme do calor para um desempenho de cozedura eficiente em todos os tipos de panelas.<\/p>\n<p><strong>Revestimento antiaderente cer\u00e2mico avan\u00e7ado:<\/strong> Concebida para reduzir a ader\u00eancia dos alimentos e a utiliza\u00e7\u00e3o de \u00f3leo, a superf\u00edcie de cer\u00e2mica permite cozinhar de forma mais saud\u00e1vel e simplifica a limpeza ap\u00f3s a utiliza\u00e7\u00e3o di\u00e1ria.<\/p>\n<p><strong>Conjunto completo multiusos:<\/strong> Inclui v\u00e1rias panelas, frigideiras, um caldeir\u00e3o com um suporte para vapor e utens\u00edlios de cozinha essenciais para cobrir uma vasta gama de necessidades culin\u00e1rias.<\/p>\n<p><strong>Design de pega com aspeto de madeira:<\/strong> As pegas ergon\u00f3micas com aspeto de madeira proporcionam uma ader\u00eancia confort\u00e1vel ao mesmo tempo que melhoram o aspeto visual do conjunto de utens\u00edlios de cozinha.<\/p>\n<p><strong>Vantagem de fornecimento da f\u00e1brica B2B:<\/strong> Como fabricante e fornecedor profissional de utens\u00edlios de cozinha, apoiamos encomendas a granel est\u00e1veis com um controlo de qualidade consistente e uma capacidade de produ\u00e7\u00e3o eficiente.<\/p>\n<p>\n<script src=\"chrome-extension:\/\/fpelahbljekknahkcaegamhcndkfpfnc\/iFrame.js\" type=\"text\/javascript\"><\/script><\/p>","protected":false},"featured_media":5896,"comment_status":"closed","ping_status":"closed","template":"","meta":{"_acf_changed":false},"product_brand":[],"product_cat":[24,69],"product_tag":[],"class_list":{"0":"post-5895","1":"product","2":"type-product","3":"status-publish","4":"has-post-thumbnail","6":"product_cat-cookware","7":"product_cat-cookware-sets","9":"first","10":"instock","11":"shipping-taxable","12":"product-type-simple"},"acf":[],"_links":{"self":[{"href":"https:\/\/www.purecook.com\/pt\/wp-json\/wp\/v2\/product\/5895","targetHints":{"allow":["GET"]}}],"collection":[{"href":"https:\/\/www.purecook.com\/pt\/wp-json\/wp\/v2\/product"}],"about":[{"href":"https:\/\/www.purecook.com\/pt\/wp-json\/wp\/v2\/types\/product"}],"replies":[{"embeddable":true,"href":"https:\/\/www.purecook.com\/pt\/wp-json\/wp\/v2\/comments?post=5895"}],"wp:featuredmedia":[{"embeddable":true,"href":"https:\/\/www.purecook.com\/pt\/wp-json\/wp\/v2\/media\/5896"}],"wp:attachment":[{"href":"https:\/\/www.purecook.com\/pt\/wp-json\/wp\/v2\/media?parent=5895"}],"wp:term":[{"taxonomy":"product_brand","embeddable":true,"href":"https:\/\/www.purecook.com\/pt\/wp-json\/wp\/v2\/product_brand?post=5895"},{"taxonomy":"product_cat","embeddable":true,"href":"https:\/\/www.purecook.com\/pt\/wp-json\/wp\/v2\/product_cat?post=5895"},{"taxonomy":"product_tag","embeddable":true,"href":"https:\/\/www.purecook.com\/pt\/wp-json\/wp\/v2\/product_tag?post=5895"}],"curies":[{"name":"wp","href":"https:\/\/api.w.org\/{rel}","templated":true}]}}