{"id":5911,"date":"2026-05-12T14:57:01","date_gmt":"2026-05-12T06:57:01","guid":{"rendered":"https:\/\/www.purecook.com\/?post_type=product&#038;p=5911"},"modified":"2026-05-12T15:17:56","modified_gmt":"2026-05-12T07:17:56","slug":"wholesale-premium-stainless-steel-hanging-snack-trays","status":"publish","type":"product","link":"https:\/\/www.purecook.com\/pt\/product\/wholesale-premium-stainless-steel-hanging-snack-trays\/","title":{"rendered":"Tabuleiros para snacks suspensos em a\u00e7o inoxid\u00e1vel de qualidade superior por atacado, tabuleiros rectangulares para alimentos"},"content":{"rendered":"<div class=\"wp-block-columns is-layout-flex wp-container-core-columns-is-layout-9d6595d7 wp-block-columns-is-layout-flex\">\n<div class=\"wp-block-column is-layout-flow wp-block-column-is-layout-flow\">\n<h3 class=\"wp-block-heading\">Tabuleiro suspenso para snacks Par\u00e2metros<\/h3>\n\n\n\n<p><strong>Material:<\/strong> A\u00e7o inoxid\u00e1vel 304<br><strong>Tamanho: <\/strong>20,6 \u00d7 10,7 \u00d7 2,3 cm<br><strong>Peso bruto: <\/strong>185g<\/p>\n<\/div>\n\n\n\n<div class=\"wp-block-column is-layout-flow wp-block-column-is-layout-flow\">\n<h3 class=\"wp-block-heading\">Op\u00e7\u00f5es de utens\u00edlios de cozinha personalizados<\/h3>\n\n\n\n<p><strong>Log\u00f3tipo:<\/strong> Personaliz\u00e1vel com o log\u00f3tipo da sua marca<br><strong>Embalagem:<\/strong>\u00a0Caixa de cor \/ Cart\u00e3o, etc<\/p>\n<\/div>\n<\/div>\n\n\n\n<div class=\"wp-block-columns is-layout-flex wp-container-core-columns-is-layout-9d6595d7 wp-block-columns-is-layout-flex\">\n<div class=\"wp-block-column is-layout-flow wp-block-column-is-layout-flow\">\n<figure class=\"wp-block-image size-full\"><img decoding=\"async\" width=\"800\" height=\"800\" src=\"https:\/\/www.purecook.com\/wp-content\/uploads\/2026\/05\/wholesale-stainless-steel-hanging-snack-tray-1.webp\" alt=\"tabuleiro para snacks suspenso em a\u00e7o inoxid\u00e1vel por atacado (1)\" class=\"wp-image-5912\" srcset=\"https:\/\/www.purecook.com\/wp-content\/uploads\/2026\/05\/wholesale-stainless-steel-hanging-snack-tray-1.webp 800w, https:\/\/www.purecook.com\/wp-content\/uploads\/2026\/05\/wholesale-stainless-steel-hanging-snack-tray-1-300x300.webp 300w, https:\/\/www.purecook.com\/wp-content\/uploads\/2026\/05\/wholesale-stainless-steel-hanging-snack-tray-1-150x150.webp 150w, https:\/\/www.purecook.com\/wp-content\/uploads\/2026\/05\/wholesale-stainless-steel-hanging-snack-tray-1-768x768.webp 768w, https:\/\/www.purecook.com\/wp-content\/uploads\/2026\/05\/wholesale-stainless-steel-hanging-snack-tray-1-12x12.webp 12w, https:\/\/www.purecook.com\/wp-content\/uploads\/2026\/05\/wholesale-stainless-steel-hanging-snack-tray-1-600x600.webp 600w, https:\/\/www.purecook.com\/wp-content\/uploads\/2026\/05\/wholesale-stainless-steel-hanging-snack-tray-1-100x100.webp 100w\" sizes=\"(max-width: 800px) 100vw, 800px\" \/><\/figure>\n<\/div>\n\n\n\n<div class=\"wp-block-column is-layout-flow wp-block-column-is-layout-flow\">\n<figure class=\"wp-block-image size-full\"><img decoding=\"async\" width=\"800\" height=\"800\" src=\"https:\/\/www.purecook.com\/wp-content\/uploads\/2026\/05\/wholesale-stainless-steel-hanging-snack-tray-3.webp\" alt=\"tabuleiro para snacks suspenso em a\u00e7o inoxid\u00e1vel por atacado (3)\" class=\"wp-image-5914\" srcset=\"https:\/\/www.purecook.com\/wp-content\/uploads\/2026\/05\/wholesale-stainless-steel-hanging-snack-tray-3.webp 800w, https:\/\/www.purecook.com\/wp-content\/uploads\/2026\/05\/wholesale-stainless-steel-hanging-snack-tray-3-300x300.webp 300w, https:\/\/www.purecook.com\/wp-content\/uploads\/2026\/05\/wholesale-stainless-steel-hanging-snack-tray-3-150x150.webp 150w, https:\/\/www.purecook.com\/wp-content\/uploads\/2026\/05\/wholesale-stainless-steel-hanging-snack-tray-3-768x768.webp 768w, https:\/\/www.purecook.com\/wp-content\/uploads\/2026\/05\/wholesale-stainless-steel-hanging-snack-tray-3-12x12.webp 12w, https:\/\/www.purecook.com\/wp-content\/uploads\/2026\/05\/wholesale-stainless-steel-hanging-snack-tray-3-600x600.webp 600w, https:\/\/www.purecook.com\/wp-content\/uploads\/2026\/05\/wholesale-stainless-steel-hanging-snack-tray-3-100x100.webp 100w\" sizes=\"(max-width: 800px) 100vw, 800px\" \/><\/figure>\n<\/div>\n<\/div>","protected":false},"excerpt":{"rendered":"<p>Tabuleiros para snacks em a\u00e7o inoxid\u00e1vel por grosso. Com um perfil retangular elegante e um design conveniente para pendurar, estes tabuleiros combinam uma est\u00e9tica minimalista com a funcionalidade pr\u00e1tica do dia a dia, tornando-os a escolha ideal para retalhistas, distribuidores e importadores de utens\u00edlios de cozinha. S\u00e3o perfeitamente adequados para servir em cozinhas, caf\u00e9s, snack-bares e ambientes de refei\u00e7\u00f5es em casa.<\/p>\n<h2>Bandeja para snacks suspensa em a\u00e7o inoxid\u00e1vel Carater\u00edsticas<\/h2>\n<p><strong>Design inovador para pendurar:<\/strong> A estrutura de suspens\u00e3o integrada permite que os tabuleiros sejam convenientemente armazenados em barras ou prateleiras, ajudando a poupar espa\u00e7o na cozinha e acrescentando um toque decorativo moderno.<\/p>\n<p><strong>Acabamento de superf\u00edcie escovado liso:<\/strong> O acabamento em a\u00e7o inoxid\u00e1vel escovado melhora a est\u00e9tica do produto, ao mesmo tempo que ajuda a reduzir os riscos vis\u00edveis e as impress\u00f5es digitais, para um aspeto de qualidade superior.<\/p>\n<p><strong>Adequado para m\u00faltiplas aplica\u00e7\u00f5es alimentares:<\/strong> Ideal para servir snacks, frutas, sobremesas, aperitivos e acompanhamentos em casa, caf\u00e9s, restaurantes e ambientes de hospitalidade.<\/p>\n<p><strong>Suporte \u00e0 personaliza\u00e7\u00e3o OEM e ODM:<\/strong> A nossa f\u00e1brica de utens\u00edlios de cozinha oferece servi\u00e7os flex\u00edveis de personaliza\u00e7\u00e3o, incluindo impress\u00e3o de log\u00f3tipos, embalagem, tratamento de superf\u00edcies e solu\u00e7\u00f5es de marca pr\u00f3pria para compradores e distribuidores grossistas.<\/p>\n<p>\n<script src=\"chrome-extension:\/\/fpelahbljekknahkcaegamhcndkfpfnc\/iFrame.js\" type=\"text\/javascript\"><\/script><\/p>","protected":false},"featured_media":5913,"comment_status":"closed","ping_status":"closed","template":"","meta":{"_acf_changed":false},"product_brand":[],"product_cat":[51,55],"product_tag":[],"class_list":{"0":"post-5911","1":"product","2":"type-product","3":"status-publish","4":"has-post-thumbnail","6":"product_cat-dinnerware","7":"product_cat-dish-and-plate","9":"first","10":"instock","11":"shipping-taxable","12":"product-type-simple"},"acf":[],"_links":{"self":[{"href":"https:\/\/www.purecook.com\/pt\/wp-json\/wp\/v2\/product\/5911","targetHints":{"allow":["GET"]}}],"collection":[{"href":"https:\/\/www.purecook.com\/pt\/wp-json\/wp\/v2\/product"}],"about":[{"href":"https:\/\/www.purecook.com\/pt\/wp-json\/wp\/v2\/types\/product"}],"replies":[{"embeddable":true,"href":"https:\/\/www.purecook.com\/pt\/wp-json\/wp\/v2\/comments?post=5911"}],"wp:featuredmedia":[{"embeddable":true,"href":"https:\/\/www.purecook.com\/pt\/wp-json\/wp\/v2\/media\/5913"}],"wp:attachment":[{"href":"https:\/\/www.purecook.com\/pt\/wp-json\/wp\/v2\/media?parent=5911"}],"wp:term":[{"taxonomy":"product_brand","embeddable":true,"href":"https:\/\/www.purecook.com\/pt\/wp-json\/wp\/v2\/product_brand?post=5911"},{"taxonomy":"product_cat","embeddable":true,"href":"https:\/\/www.purecook.com\/pt\/wp-json\/wp\/v2\/product_cat?post=5911"},{"taxonomy":"product_tag","embeddable":true,"href":"https:\/\/www.purecook.com\/pt\/wp-json\/wp\/v2\/product_tag?post=5911"}],"curies":[{"name":"wp","href":"https:\/\/api.w.org\/{rel}","templated":true}]}}