{"id":5918,"date":"2026-05-12T15:32:02","date_gmt":"2026-05-12T07:32:02","guid":{"rendered":"https:\/\/www.purecook.com\/?post_type=product&#038;p=5918"},"modified":"2026-05-12T15:54:29","modified_gmt":"2026-05-12T07:54:29","slug":"wholesale-premium-stainless-steel-colander-set","status":"publish","type":"product","link":"https:\/\/www.purecook.com\/pt\/product\/wholesale-premium-stainless-steel-colander-set\/","title":{"rendered":"Conjunto de coadores de a\u00e7o inoxid\u00e1vel de qualidade superior por atacado"},"content":{"rendered":"<div class=\"wp-block-columns is-layout-flex wp-container-core-columns-is-layout-9d6595d7 wp-block-columns-is-layout-flex\">\n<div class=\"wp-block-column is-layout-flow wp-block-column-is-layout-flow\">\n<h3 class=\"wp-block-heading\">Par\u00e2metros do conjunto de coadores de a\u00e7o inoxid\u00e1vel de qualidade superior por atacado<\/h3>\n\n\n\n<p><strong>Material:<\/strong> A\u00e7o inoxid\u00e1vel<br><strong>Espessura normal:<\/strong> 0,35 mm<br><strong>Dia: <\/strong>40cm<\/p>\n<\/div>\n\n\n\n<div class=\"wp-block-column is-layout-flow wp-block-column-is-layout-flow\">\n<h3 class=\"wp-block-heading\">Op\u00e7\u00f5es de utens\u00edlios de cozinha personalizados<\/h3>\n\n\n\n<p><strong>Log\u00f3tipo:<\/strong> Personaliz\u00e1vel com o log\u00f3tipo da sua marca<br><strong>Embalagem:<\/strong>\u00a0Caixa de cor\/caixa de cart\u00e3o, etc<\/p>\n<\/div>\n<\/div>\n\n\n\n<div class=\"wp-block-columns is-layout-flex wp-container-core-columns-is-layout-9d6595d7 wp-block-columns-is-layout-flex\">\n<div class=\"wp-block-column is-layout-flow wp-block-column-is-layout-flow\">\n<figure class=\"wp-block-image size-full\"><img decoding=\"async\" width=\"800\" height=\"800\" src=\"https:\/\/www.purecook.com\/wp-content\/uploads\/2026\/05\/wholesale-premium-stainless-steel-colander-set3.webp\" alt=\"conjunto de coadores de a\u00e7o inoxid\u00e1vel de qualidade superior por atacado(3)\" class=\"wp-image-5921\" srcset=\"https:\/\/www.purecook.com\/wp-content\/uploads\/2026\/05\/wholesale-premium-stainless-steel-colander-set3.webp 800w, https:\/\/www.purecook.com\/wp-content\/uploads\/2026\/05\/wholesale-premium-stainless-steel-colander-set3-300x300.webp 300w, https:\/\/www.purecook.com\/wp-content\/uploads\/2026\/05\/wholesale-premium-stainless-steel-colander-set3-150x150.webp 150w, https:\/\/www.purecook.com\/wp-content\/uploads\/2026\/05\/wholesale-premium-stainless-steel-colander-set3-768x768.webp 768w, https:\/\/www.purecook.com\/wp-content\/uploads\/2026\/05\/wholesale-premium-stainless-steel-colander-set3-12x12.webp 12w, https:\/\/www.purecook.com\/wp-content\/uploads\/2026\/05\/wholesale-premium-stainless-steel-colander-set3-600x600.webp 600w, https:\/\/www.purecook.com\/wp-content\/uploads\/2026\/05\/wholesale-premium-stainless-steel-colander-set3-100x100.webp 100w\" sizes=\"(max-width: 800px) 100vw, 800px\" \/><\/figure>\n<\/div>\n\n\n\n<div class=\"wp-block-column is-layout-flow wp-block-column-is-layout-flow\">\n<figure class=\"wp-block-image size-full\"><img decoding=\"async\" width=\"800\" height=\"800\" src=\"https:\/\/www.purecook.com\/wp-content\/uploads\/2026\/05\/wholesale-premium-stainless-steel-colander-set5.webp\" alt=\"conjunto de coadores de a\u00e7o inoxid\u00e1vel de qualidade superior por atacado(5)\" class=\"wp-image-5923\" srcset=\"https:\/\/www.purecook.com\/wp-content\/uploads\/2026\/05\/wholesale-premium-stainless-steel-colander-set5.webp 800w, https:\/\/www.purecook.com\/wp-content\/uploads\/2026\/05\/wholesale-premium-stainless-steel-colander-set5-300x300.webp 300w, https:\/\/www.purecook.com\/wp-content\/uploads\/2026\/05\/wholesale-premium-stainless-steel-colander-set5-150x150.webp 150w, https:\/\/www.purecook.com\/wp-content\/uploads\/2026\/05\/wholesale-premium-stainless-steel-colander-set5-768x768.webp 768w, https:\/\/www.purecook.com\/wp-content\/uploads\/2026\/05\/wholesale-premium-stainless-steel-colander-set5-12x12.webp 12w, https:\/\/www.purecook.com\/wp-content\/uploads\/2026\/05\/wholesale-premium-stainless-steel-colander-set5-600x600.webp 600w, https:\/\/www.purecook.com\/wp-content\/uploads\/2026\/05\/wholesale-premium-stainless-steel-colander-set5-100x100.webp 100w\" sizes=\"(max-width: 800px) 100vw, 800px\" \/><\/figure>\n<\/div>\n<\/div>\n\n\n\n<div class=\"wp-block-columns is-layout-flex wp-container-core-columns-is-layout-9d6595d7 wp-block-columns-is-layout-flex\">\n<div class=\"wp-block-column is-layout-flow wp-block-column-is-layout-flow\"><\/div>\n\n\n\n<div class=\"wp-block-column is-layout-flow wp-block-column-is-layout-flow\"><\/div>\n<\/div>","protected":false},"excerpt":{"rendered":"<p data-pm-slice=\"0 0 []\">Conjunto de coador de a\u00e7o inoxid\u00e1vel por grosso. Com a sua combina\u00e7\u00e3o pr\u00e1tica de coador e ta\u00e7a a condizer, apoia as tarefas di\u00e1rias de lavagem, drenagem e mistura em ambientes de cozinha dom\u00e9sticos e comerciais.<\/p>\n<h2>Conjunto de coadores de a\u00e7o inoxid\u00e1vel Carater\u00edsticas<\/h2>\n<p><strong>Sistema de drenagem de precis\u00e3o eficiente:<\/strong> O escorredor foi concebido com perfura\u00e7\u00f5es uniformemente distribu\u00eddas para um escoamento r\u00e1pido e eficiente. Em conjunto com a ta\u00e7a a condizer, o design de encaixe permite fluxos de trabalho de lavagem, imers\u00e3o e drenagem pr\u00e1ticos.<\/p>\n<p><strong>Design de encaixe e poupan\u00e7a de espa\u00e7o:<\/strong> Concebido com a praticidade em mente, o coador encaixa perfeitamente no interior da ta\u00e7a de mistura para uma arruma\u00e7\u00e3o compacta e um transporte f\u00e1cil. A estrutura empilh\u00e1vel ajuda a poupar espa\u00e7o valioso na cozinha e no armaz\u00e9m.<\/p>\n<p><strong>Funcionalidade de cozinha multiusos:<\/strong> Adequado para lavar legumes, escorrer massas, misturar saladas, preparar frutas, demolhar ingredientes e servir alimentos. O design vers\u00e1til satisfaz as necessidades tanto das cozinhas dom\u00e9sticas como dos ambientes de restaura\u00e7\u00e3o.<\/p>\n<p data-pm-slice=\"0 0 []\"><strong>Vantagem competitiva direta da f\u00e1brica:<\/strong> Ao abastecer-se diretamente junto do fabricante, os compradores beneficiam de pre\u00e7os de f\u00e1brica competitivos, de uma qualidade de produto consistente e de apoio profissional \u00e0 exporta\u00e7\u00e3o.<\/p>\n<p>\n<script src=\"chrome-extension:\/\/fpelahbljekknahkcaegamhcndkfpfnc\/iFrame.js\" type=\"text\/javascript\"><\/script><\/p>","protected":false},"featured_media":5919,"comment_status":"closed","ping_status":"closed","template":"","meta":{"_acf_changed":false},"product_brand":[],"product_cat":[52,65],"product_tag":[],"class_list":{"0":"post-5918","1":"product","2":"type-product","3":"status-publish","4":"has-post-thumbnail","6":"product_cat-kitchen-utensils","7":"product_cat-kitchen-strainer-and-colander","9":"first","10":"instock","11":"shipping-taxable","12":"product-type-simple"},"acf":[],"_links":{"self":[{"href":"https:\/\/www.purecook.com\/pt\/wp-json\/wp\/v2\/product\/5918","targetHints":{"allow":["GET"]}}],"collection":[{"href":"https:\/\/www.purecook.com\/pt\/wp-json\/wp\/v2\/product"}],"about":[{"href":"https:\/\/www.purecook.com\/pt\/wp-json\/wp\/v2\/types\/product"}],"replies":[{"embeddable":true,"href":"https:\/\/www.purecook.com\/pt\/wp-json\/wp\/v2\/comments?post=5918"}],"wp:featuredmedia":[{"embeddable":true,"href":"https:\/\/www.purecook.com\/pt\/wp-json\/wp\/v2\/media\/5919"}],"wp:attachment":[{"href":"https:\/\/www.purecook.com\/pt\/wp-json\/wp\/v2\/media?parent=5918"}],"wp:term":[{"taxonomy":"product_brand","embeddable":true,"href":"https:\/\/www.purecook.com\/pt\/wp-json\/wp\/v2\/product_brand?post=5918"},{"taxonomy":"product_cat","embeddable":true,"href":"https:\/\/www.purecook.com\/pt\/wp-json\/wp\/v2\/product_cat?post=5918"},{"taxonomy":"product_tag","embeddable":true,"href":"https:\/\/www.purecook.com\/pt\/wp-json\/wp\/v2\/product_tag?post=5918"}],"curies":[{"name":"wp","href":"https:\/\/api.w.org\/{rel}","templated":true}]}}