{"id":5925,"date":"2026-05-12T16:08:08","date_gmt":"2026-05-12T08:08:08","guid":{"rendered":"https:\/\/www.purecook.com\/?post_type=product&#038;p=5925"},"modified":"2026-05-12T16:42:48","modified_gmt":"2026-05-12T08:42:48","slug":"wholesale-3-in-1-stainless-steel-vegetable-grater-colander-set","status":"publish","type":"product","link":"https:\/\/www.purecook.com\/pt\/product\/wholesale-3-in-1-stainless-steel-vegetable-grater-colander-set\/","title":{"rendered":"Conjunto de ralador de legumes e coador de a\u00e7o inoxid\u00e1vel 3 em 1"},"content":{"rendered":"<div class=\"wp-block-columns is-layout-flex wp-container-core-columns-is-layout-9d6595d7 wp-block-columns-is-layout-flex\">\n<div class=\"wp-block-column is-layout-flow wp-block-column-is-layout-flow\">\n<h3 class=\"wp-block-heading\">Par\u00e2metros do conjunto ralador de legumes e coador<\/h3>\n\n\n\n<p><strong>Material:<\/strong> A\u00e7o inoxid\u00e1vel 201<br><strong>Espessura normal:<\/strong> 0,5 mm<br><strong>Dia:<\/strong> 26 cm<\/p>\n<\/div>\n\n\n\n<div class=\"wp-block-column is-layout-flow wp-block-column-is-layout-flow\">\n<h3 class=\"wp-block-heading\">Op\u00e7\u00f5es de utens\u00edlios de cozinha personalizados<\/h3>\n\n\n\n<p><strong>Log\u00f3tipo:<\/strong> Personaliz\u00e1vel com o log\u00f3tipo da sua marca<br><strong>Embalagem:<\/strong>\u00a0Caixa de cor\/caixa de cart\u00e3o, etc<\/p>\n<\/div>\n<\/div>\n\n\n\n<div class=\"wp-block-columns is-layout-flex wp-container-core-columns-is-layout-9d6595d7 wp-block-columns-is-layout-flex\">\n<div class=\"wp-block-column is-layout-flow wp-block-column-is-layout-flow\">\n<figure class=\"wp-block-image size-full\"><img decoding=\"async\" width=\"800\" height=\"800\" src=\"https:\/\/www.purecook.com\/wp-content\/uploads\/2026\/05\/Wholesale-3-in-1-Stainless-Steel-Vegetable-Grater-and-Colander-Set-1.webp\" alt=\"Conjunto de ralador de legumes e coador de a\u00e7o inoxid\u00e1vel 3 em 1 por atacado (1)\" class=\"wp-image-5926\" srcset=\"https:\/\/www.purecook.com\/wp-content\/uploads\/2026\/05\/Wholesale-3-in-1-Stainless-Steel-Vegetable-Grater-and-Colander-Set-1.webp 800w, https:\/\/www.purecook.com\/wp-content\/uploads\/2026\/05\/Wholesale-3-in-1-Stainless-Steel-Vegetable-Grater-and-Colander-Set-1-300x300.webp 300w, https:\/\/www.purecook.com\/wp-content\/uploads\/2026\/05\/Wholesale-3-in-1-Stainless-Steel-Vegetable-Grater-and-Colander-Set-1-150x150.webp 150w, https:\/\/www.purecook.com\/wp-content\/uploads\/2026\/05\/Wholesale-3-in-1-Stainless-Steel-Vegetable-Grater-and-Colander-Set-1-768x768.webp 768w, https:\/\/www.purecook.com\/wp-content\/uploads\/2026\/05\/Wholesale-3-in-1-Stainless-Steel-Vegetable-Grater-and-Colander-Set-1-12x12.webp 12w, https:\/\/www.purecook.com\/wp-content\/uploads\/2026\/05\/Wholesale-3-in-1-Stainless-Steel-Vegetable-Grater-and-Colander-Set-1-600x600.webp 600w, https:\/\/www.purecook.com\/wp-content\/uploads\/2026\/05\/Wholesale-3-in-1-Stainless-Steel-Vegetable-Grater-and-Colander-Set-1-100x100.webp 100w\" sizes=\"(max-width: 800px) 100vw, 800px\" \/><\/figure>\n<\/div>\n\n\n\n<div class=\"wp-block-column is-layout-flow wp-block-column-is-layout-flow\">\n<figure class=\"wp-block-image size-full\"><img decoding=\"async\" width=\"800\" height=\"800\" src=\"https:\/\/www.purecook.com\/wp-content\/uploads\/2026\/05\/Wholesale-3-in-1-Stainless-Steel-Vegetable-Grater-and-Colander-Set-2.webp\" alt=\"Conjunto de ralador de legumes e coador de a\u00e7o inoxid\u00e1vel 3 em 1 (2)\" class=\"wp-image-5927\" srcset=\"https:\/\/www.purecook.com\/wp-content\/uploads\/2026\/05\/Wholesale-3-in-1-Stainless-Steel-Vegetable-Grater-and-Colander-Set-2.webp 800w, https:\/\/www.purecook.com\/wp-content\/uploads\/2026\/05\/Wholesale-3-in-1-Stainless-Steel-Vegetable-Grater-and-Colander-Set-2-300x300.webp 300w, https:\/\/www.purecook.com\/wp-content\/uploads\/2026\/05\/Wholesale-3-in-1-Stainless-Steel-Vegetable-Grater-and-Colander-Set-2-150x150.webp 150w, https:\/\/www.purecook.com\/wp-content\/uploads\/2026\/05\/Wholesale-3-in-1-Stainless-Steel-Vegetable-Grater-and-Colander-Set-2-768x768.webp 768w, https:\/\/www.purecook.com\/wp-content\/uploads\/2026\/05\/Wholesale-3-in-1-Stainless-Steel-Vegetable-Grater-and-Colander-Set-2-12x12.webp 12w, https:\/\/www.purecook.com\/wp-content\/uploads\/2026\/05\/Wholesale-3-in-1-Stainless-Steel-Vegetable-Grater-and-Colander-Set-2-600x600.webp 600w, https:\/\/www.purecook.com\/wp-content\/uploads\/2026\/05\/Wholesale-3-in-1-Stainless-Steel-Vegetable-Grater-and-Colander-Set-2-100x100.webp 100w\" sizes=\"(max-width: 800px) 100vw, 800px\" \/><\/figure>\n<\/div>\n<\/div>\n\n\n\n<div class=\"wp-block-columns is-layout-flex wp-container-core-columns-is-layout-9d6595d7 wp-block-columns-is-layout-flex\">\n<div class=\"wp-block-column is-layout-flow wp-block-column-is-layout-flow\"><\/div>\n\n\n\n<div class=\"wp-block-column is-layout-flow wp-block-column-is-layout-flow\"><\/div>\n<\/div>","protected":false},"excerpt":{"rendered":"<p>Conjunto de ralador e escorredor de legumes em a\u00e7o inoxid\u00e1vel. O conjunto de ralador e coador de legumes em a\u00e7o inoxid\u00e1vel 3 em 1 da Wholesale \u00e9 uma solu\u00e7\u00e3o de cozinha vers\u00e1til e pr\u00e1tica, concebida para as necessidades modernas de prepara\u00e7\u00e3o de alimentos. Combinando as fun\u00e7\u00f5es de ralar, lavar e escorrer num design integrado, este utens\u00edlio de cozinha multiusos ajuda a simplificar as tarefas di\u00e1rias de cozinha, tanto em cozinhas dom\u00e9sticas como comerciais.<\/p>\n<h2>Conjunto de ralador de legumes e coador em a\u00e7o inoxid\u00e1vel Carater\u00edsticas\u00a0<\/h2>\n<p data-pm-slice=\"0 0 []\"><strong>Constru\u00e7\u00e3o em a\u00e7o inoxid\u00e1vel de alta qualidade:<\/strong> Fabricado em a\u00e7o inoxid\u00e1vel duradouro, garantindo uma forte resist\u00eancia \u00e0 ferrugem, \u00e0 deforma\u00e7\u00e3o e ao desgaste di\u00e1rio, adequado para uma utiliza\u00e7\u00e3o prolongada na cozinha.<\/p>\n<p><strong>Design multifuncional 3 em 1:<\/strong> Integra as fun\u00e7\u00f5es de ralar, lavar e escorrer num s\u00f3 utens\u00edlio, melhorando a efici\u00eancia da cozinha e reduzindo a necessidade de v\u00e1rios utens\u00edlios.<\/p>\n<p><strong>Estrutura ergon\u00f3mica e pr\u00e1tica:<\/strong> Concebida para facilitar a utiliza\u00e7\u00e3o na prepara\u00e7\u00e3o di\u00e1ria de alimentos, tornando-a adequada tanto para cozinhas dom\u00e9sticas como para ambientes profissionais de servi\u00e7o alimentar.<\/p>\n<p><strong>Personaliza\u00e7\u00e3o OEM\/ODM dispon\u00edvel:<\/strong> Como fornecedor direto da f\u00e1brica, oferecemos op\u00e7\u00f5es de personaliza\u00e7\u00e3o completas, incluindo modifica\u00e7\u00f5es na marca, na embalagem e no design do produto.<\/p>\n<p>\n<script src=\"chrome-extension:\/\/fpelahbljekknahkcaegamhcndkfpfnc\/iFrame.js\" type=\"text\/javascript\"><\/script><\/p>","protected":false},"featured_media":5926,"comment_status":"closed","ping_status":"closed","template":"","meta":{"_acf_changed":false},"product_brand":[],"product_cat":[52,65],"product_tag":[],"class_list":{"0":"post-5925","1":"product","2":"type-product","3":"status-publish","4":"has-post-thumbnail","6":"product_cat-kitchen-utensils","7":"product_cat-kitchen-strainer-and-colander","9":"first","10":"instock","11":"shipping-taxable","12":"product-type-simple"},"acf":[],"_links":{"self":[{"href":"https:\/\/www.purecook.com\/pt\/wp-json\/wp\/v2\/product\/5925","targetHints":{"allow":["GET"]}}],"collection":[{"href":"https:\/\/www.purecook.com\/pt\/wp-json\/wp\/v2\/product"}],"about":[{"href":"https:\/\/www.purecook.com\/pt\/wp-json\/wp\/v2\/types\/product"}],"replies":[{"embeddable":true,"href":"https:\/\/www.purecook.com\/pt\/wp-json\/wp\/v2\/comments?post=5925"}],"wp:featuredmedia":[{"embeddable":true,"href":"https:\/\/www.purecook.com\/pt\/wp-json\/wp\/v2\/media\/5926"}],"wp:attachment":[{"href":"https:\/\/www.purecook.com\/pt\/wp-json\/wp\/v2\/media?parent=5925"}],"wp:term":[{"taxonomy":"product_brand","embeddable":true,"href":"https:\/\/www.purecook.com\/pt\/wp-json\/wp\/v2\/product_brand?post=5925"},{"taxonomy":"product_cat","embeddable":true,"href":"https:\/\/www.purecook.com\/pt\/wp-json\/wp\/v2\/product_cat?post=5925"},{"taxonomy":"product_tag","embeddable":true,"href":"https:\/\/www.purecook.com\/pt\/wp-json\/wp\/v2\/product_tag?post=5925"}],"curies":[{"name":"wp","href":"https:\/\/api.w.org\/{rel}","templated":true}]}}