{"id":820,"date":"2024-04-12T16:34:55","date_gmt":"2024-04-12T08:34:55","guid":{"rendered":"https:\/\/purecook.com\/?post_type=product&#038;p=820"},"modified":"2026-02-27T18:02:57","modified_gmt":"2026-02-27T10:02:57","slug":"ceramic-coated-cookware-set-wholesale","status":"publish","type":"product","link":"https:\/\/www.purecook.com\/pt\/product\/ceramic-coated-cookware-set-wholesale\/","title":{"rendered":"Conjunto de panelas com revestimento cer\u00e2mico ecol\u00f3gico por atacado"},"content":{"rendered":"<div class=\"wp-block-columns is-layout-flex wp-container-core-columns-is-layout-9d6595d7 wp-block-columns-is-layout-flex\">\n<div class=\"wp-block-column is-layout-flow wp-block-column-is-layout-flow\">\n<h3 class=\"wp-block-heading\">Par\u00e2metros do conjunto de panelas<\/h3>\n\n\n\n<p>-<strong>N\u00famero do modelo: Marina<\/strong><br>-Material: a\u00e7o inoxid\u00e1vel<br>-Espessura normal: 0,5 mm<br>-Tampa: Tampas de vidro<br>-Fundo: Fundo Sandu\u00edche de Indu\u00e7\u00e3o (SUS+1mm Alu+SUS)<br>-Logotipo: serigrafia\/grava\u00e7\u00e3o a laser\/estampagem em relevo<br>-Puxador e ma\u00e7aneta da tampa: madeira de faia<br>-Inclui: Panela de molho (1,5L), panela de sopa (5L), panela de sopa (2,5L), panela de sopa (2L), panela quente (2,5L)<br>-Tamanho da ca\u00e7arola (1,5L): 16*9cm<br>-Pote de sopa (5L) tamanho: 24*13cm<br>-Pote de sopa (2,5L) tamanho: 20*11cm<br>-Pote de sopa (2L) tamanho: 18*10cm<br>-Tamanho do pote quente (2,5L): 24*8cm<br>-MOQ: 1000 conjuntos<\/p>\n<\/div>\n\n\n\n<div class=\"wp-block-column is-layout-flow wp-block-column-is-layout-flow\">\n<h3 class=\"wp-block-heading\">Op\u00e7\u00f5es de personaliza\u00e7\u00e3o do conjunto de panelas<\/h3>\n\n\n\n<p>Eleve o seu neg\u00f3cio de catering com as nossas op\u00e7\u00f5es de personaliza\u00e7\u00e3o ilimitadas e designs inovadores.<\/p>\n\n\n\n<p>-Cor: Bege\/outra cor personalizada<br>-Material: SUS#201\/304\/410\/430<br>-Al\u00e7a para se adaptar ao seu estilo.<br>-Logotipo: personalizar o logotipo da sua marca.<br>-embalagem: caixa de cor\/caixa de cart\u00e3o, etc<br><strong><a href=\"https:\/\/www.purecook.com\/pt\/custom-solution\/\" target=\"_blank\" rel=\"noreferrer noopener\">-Solu\u00e7\u00f5es personalizadas OEM e ODM <\/a><\/strong><\/p>\n\n\n\n<div class=\"wp-block-columns is-layout-flex wp-container-core-columns-is-layout-9d6595d7 wp-block-columns-is-layout-flex\">\n<div class=\"wp-block-column is-layout-flow wp-block-column-is-layout-flow\">\n<div class=\"wp-block-columns is-layout-flex wp-container-core-columns-is-layout-9d6595d7 wp-block-columns-is-layout-flex\">\n<div class=\"wp-block-column is-layout-flow wp-block-column-is-layout-flow\"><\/div>\n<\/div>\n<\/div>\n<\/div>\n\n\n\n<p><\/p>\n\n\n\n<p><\/p>\n\n\n\n<p><\/p>\n<\/div>\n<\/div>\n\n\n\n<div class=\"wp-block-columns is-layout-flex wp-container-core-columns-is-layout-9d6595d7 wp-block-columns-is-layout-flex\">\n<div class=\"wp-block-column is-layout-flow wp-block-column-is-layout-flow\">\n<figure class=\"wp-block-image size-full is-resized\"><img decoding=\"async\" width=\"800\" height=\"800\" src=\"https:\/\/purecook.com\/wp-content\/uploads\/2024\/04\/bulk-cookware-set.webp\" alt=\"conjunto de utens\u00edlios de cozinha a granel\" class=\"wp-image-822\" style=\"width:416px;height:auto\" srcset=\"https:\/\/www.purecook.com\/wp-content\/uploads\/2024\/04\/bulk-cookware-set.webp 800w, https:\/\/www.purecook.com\/wp-content\/uploads\/2024\/04\/bulk-cookware-set-300x300.webp 300w, https:\/\/www.purecook.com\/wp-content\/uploads\/2024\/04\/bulk-cookware-set-150x150.webp 150w, https:\/\/www.purecook.com\/wp-content\/uploads\/2024\/04\/bulk-cookware-set-768x768.webp 768w, https:\/\/www.purecook.com\/wp-content\/uploads\/2024\/04\/bulk-cookware-set-600x600.webp 600w, https:\/\/www.purecook.com\/wp-content\/uploads\/2024\/04\/bulk-cookware-set-100x100.webp 100w\" sizes=\"(max-width: 800px) 100vw, 800px\" \/><\/figure>\n\n\n\n<figure class=\"wp-block-image size-full is-resized\"><img decoding=\"async\" width=\"800\" height=\"800\" src=\"https:\/\/purecook.com\/wp-content\/uploads\/2024\/04\/wholesale-custom-cookware.webp\" alt=\"utens\u00edlios de cozinha personalizados por atacado\" class=\"wp-image-823\" style=\"width:417px;height:auto\" srcset=\"https:\/\/www.purecook.com\/wp-content\/uploads\/2024\/04\/wholesale-custom-cookware.webp 800w, https:\/\/www.purecook.com\/wp-content\/uploads\/2024\/04\/wholesale-custom-cookware-300x300.webp 300w, https:\/\/www.purecook.com\/wp-content\/uploads\/2024\/04\/wholesale-custom-cookware-150x150.webp 150w, https:\/\/www.purecook.com\/wp-content\/uploads\/2024\/04\/wholesale-custom-cookware-768x768.webp 768w, https:\/\/www.purecook.com\/wp-content\/uploads\/2024\/04\/wholesale-custom-cookware-600x600.webp 600w, https:\/\/www.purecook.com\/wp-content\/uploads\/2024\/04\/wholesale-custom-cookware-100x100.webp 100w\" sizes=\"(max-width: 800px) 100vw, 800px\" \/><\/figure>\n<\/div>\n\n\n\n<div class=\"wp-block-column is-layout-flow wp-block-column-is-layout-flow\">\n<figure class=\"wp-block-image size-full\"><img decoding=\"async\" width=\"750\" height=\"1368\" src=\"https:\/\/purecook.com\/wp-content\/uploads\/2024\/04\/cookware-design-detail-1.webp\" alt=\"\" class=\"wp-image-825\" srcset=\"https:\/\/www.purecook.com\/wp-content\/uploads\/2024\/04\/cookware-design-detail-1.webp 750w, https:\/\/www.purecook.com\/wp-content\/uploads\/2024\/04\/cookware-design-detail-1-164x300.webp 164w, https:\/\/www.purecook.com\/wp-content\/uploads\/2024\/04\/cookware-design-detail-1-600x1094.webp 600w\" sizes=\"(max-width: 750px) 100vw, 750px\" \/><\/figure>\n<\/div>\n<\/div>","protected":false},"excerpt":{"rendered":"<p>O conjunto de utens\u00edlios de cozinha \u00e9 feito de a\u00e7o inoxid\u00e1vel de alta qualidade, com excelente resist\u00eancia \u00e0 corros\u00e3o e ao calor. Com revestimento cer\u00e2mico, \u00e9 bonito e n\u00e3o se cola facilmente aos alimentos.<\/p>\n<h3>Carater\u00edsticas e vantagens do conjunto de utens\u00edlios de cozinha<\/h3>\n<p>1) Material amigo do ambiente: A utiliza\u00e7\u00e3o de madeira de faia para os cabos n\u00e3o s\u00f3 \u00e9 sustent\u00e1vel e duradoura, como tamb\u00e9m proporciona uma ader\u00eancia confort\u00e1vel e reduz a condu\u00e7\u00e3o de calor para uma utiliza\u00e7\u00e3o mais segura.<\/p>\n<p>2) A\u00e7o inoxid\u00e1vel de alta qualidade: Os utens\u00edlios de cozinha s\u00e3o feitos de a\u00e7o inoxid\u00e1vel de alta qualidade, garantindo a seguran\u00e7a alimentar, excelente resist\u00eancia \u00e0 corros\u00e3o e resist\u00eancia ao calor.<\/p>\n<p>3) Design vers\u00e1til: O conjunto inclui v\u00e1rios tamanhos e formas de utens\u00edlios de cozinha para satisfazer diferentes necessidades culin\u00e1rias, como fritar, ferver e estufar.<\/p>\n<p>4)Efici\u00eancia energ\u00e9tica: Os materiais e o design superiores garantem uma distribui\u00e7\u00e3o uniforme do calor para uma cozedura mais eficiente em termos energ\u00e9ticos.<\/p>\n<p>5)Efici\u00eancia energ\u00e9tica: Os materiais e o design superiores garantem uma distribui\u00e7\u00e3o uniforme do calor para uma cozedura mais eficiente em termos energ\u00e9ticos.<\/p>\n<p>6) Cores\/material\/tamanhos personaliz\u00e1veis para se adaptarem ao seu estilo.<\/p>\n<p>7)Sem PFOA.<\/p>\n<p>\n<script src=\"chrome-extension:\/\/fpelahbljekknahkcaegamhcndkfpfnc\/iFrame.js\" type=\"text\/javascript\"><\/script><\/p>","protected":false},"featured_media":834,"comment_status":"open","ping_status":"closed","template":"","meta":{"_acf_changed":false},"product_brand":[],"product_cat":[24,69],"product_tag":[98],"class_list":{"0":"post-820","1":"product","2":"type-product","3":"status-publish","4":"has-post-thumbnail","6":"product_cat-cookware","7":"product_cat-cookware-sets","8":"product_tag-wholesale-home-cookware","10":"first","11":"instock","12":"shipping-taxable","13":"product-type-simple"},"acf":[],"_links":{"self":[{"href":"https:\/\/www.purecook.com\/pt\/wp-json\/wp\/v2\/product\/820","targetHints":{"allow":["GET"]}}],"collection":[{"href":"https:\/\/www.purecook.com\/pt\/wp-json\/wp\/v2\/product"}],"about":[{"href":"https:\/\/www.purecook.com\/pt\/wp-json\/wp\/v2\/types\/product"}],"replies":[{"embeddable":true,"href":"https:\/\/www.purecook.com\/pt\/wp-json\/wp\/v2\/comments?post=820"}],"wp:featuredmedia":[{"embeddable":true,"href":"https:\/\/www.purecook.com\/pt\/wp-json\/wp\/v2\/media\/834"}],"wp:attachment":[{"href":"https:\/\/www.purecook.com\/pt\/wp-json\/wp\/v2\/media?parent=820"}],"wp:term":[{"taxonomy":"product_brand","embeddable":true,"href":"https:\/\/www.purecook.com\/pt\/wp-json\/wp\/v2\/product_brand?post=820"},{"taxonomy":"product_cat","embeddable":true,"href":"https:\/\/www.purecook.com\/pt\/wp-json\/wp\/v2\/product_cat?post=820"},{"taxonomy":"product_tag","embeddable":true,"href":"https:\/\/www.purecook.com\/pt\/wp-json\/wp\/v2\/product_tag?post=820"}],"curies":[{"name":"wp","href":"https:\/\/api.w.org\/{rel}","templated":true}]}}