{"id":843,"date":"2025-07-26T17:11:17","date_gmt":"2024-04-12T09:11:06","guid":{"rendered":"https:\/\/purecook.com\/?post_type=product&#038;p=843"},"modified":"2025-11-24T15:03:56","modified_gmt":"2025-11-24T07:03:56","slug":"wholesale-custom-mini-alcohol-stove","status":"publish","type":"product","link":"https:\/\/www.purecook.com\/pt\/product\/wholesale-custom-mini-alcohol-stove\/","title":{"rendered":"Mini grelhadores para churrasco por atacado com uma superf\u00edcie f\u00edsica antiaderente, utilizando \u00e1lcool combust\u00edvel"},"content":{"rendered":"<div class=\"wp-block-columns is-layout-flex wp-container-core-columns-is-layout-9d6595d7 wp-block-columns-is-layout-flex\">\n<div class=\"wp-block-column is-layout-flow wp-block-column-is-layout-flow\">\n<h3 class=\"wp-block-heading\">Par\u00e2metros dos mini grelhadores para churrasco<\/h3>\n\n\n\n<p><strong>N\u00famero do modelo: Marina<\/strong><br><strong>Material:<\/strong> a\u00e7o inoxid\u00e1vel<br><strong>Assadeira:<\/strong> A\u00e7o inoxid\u00e1vel de camada tripla de 2 mm<br>(SS304+ALU+SS430) <br>Com WhitFord xylan e revestimento \u00e0 base de \u00e1gua<br><strong>Fog\u00e3o: <\/strong>0,5 mm SUS 201<br><strong>Base:<\/strong> Madeira de faia de 15 mm<br><strong>Tipo:<\/strong> 8\/9 cm de altura<\/p>\n\n\n\n<ul class=\"wp-block-list\">\n<li><strong>Tipo1<\/strong><br>Peso:<strong> <\/strong>600g<br>Forma para cozer: 19,6\u00d717,4\u00d72,4cm<br>Base do fog\u00e3o:<strong> <\/strong>13,2\u00d713,2\u00d78,2cm<br><strong>Base: <\/strong>13\u00d713\u00d71,5cm<\/li>\n\n\n\n<li><strong>Tipo2<\/strong><br>Peso:<strong> <\/strong>675g<br>Forma para cozer: 19,6\u00d717,4\u00d72,4cm<br>Base do fog\u00e3o: 13,2\u00d713,2\u00d79,5cm<br>Base: 13\u00d713\u00d71,5cm<\/li>\n<\/ul>\n<\/div>\n\n\n\n<div class=\"wp-block-column is-layout-flow wp-block-column-is-layout-flow\">\n<h3 class=\"wp-block-heading\">Mini grelhadores para churrasco personalizados<\/h3>\n\n\n\n<p>Eleve o seu neg\u00f3cio de catering com as nossas op\u00e7\u00f5es de personaliza\u00e7\u00e3o ilimitadas e inovadoras <br>Tipo: tipo1 \/ tipo2<br>Embalagem: caixa de cor\/caixa de cart\u00e3o, etc<br><strong><a href=\"https:\/\/www.purecook.com\/pt\/custom-solution\/\" target=\"_blank\" rel=\"noreferrer noopener\">Solu\u00e7\u00f5es para grelhadores para churrasco personalizados OEM e ODM <\/a><\/strong><\/p>\n<\/div>\n<\/div>\n\n\n\n<div class=\"wp-block-columns is-layout-flex wp-container-core-columns-is-layout-9d6595d7 wp-block-columns-is-layout-flex\">\n<div class=\"wp-block-column is-layout-flow wp-block-column-is-layout-flow\">\n<figure class=\"wp-block-image size-full\"><img decoding=\"async\" width=\"800\" height=\"800\" src=\"https:\/\/www.purecook.com\/wp-content\/uploads\/2024\/04\/wholesale-mini-bbq-grills-1.webp\" alt=\"mini grelhadores para churrasco por atacado (1)\" class=\"wp-image-4201\" srcset=\"https:\/\/www.purecook.com\/wp-content\/uploads\/2024\/04\/wholesale-mini-bbq-grills-1.webp 800w, https:\/\/www.purecook.com\/wp-content\/uploads\/2024\/04\/wholesale-mini-bbq-grills-1-300x300.webp 300w, https:\/\/www.purecook.com\/wp-content\/uploads\/2024\/04\/wholesale-mini-bbq-grills-1-150x150.webp 150w, https:\/\/www.purecook.com\/wp-content\/uploads\/2024\/04\/wholesale-mini-bbq-grills-1-768x768.webp 768w, https:\/\/www.purecook.com\/wp-content\/uploads\/2024\/04\/wholesale-mini-bbq-grills-1-12x12.webp 12w, https:\/\/www.purecook.com\/wp-content\/uploads\/2024\/04\/wholesale-mini-bbq-grills-1-600x600.webp 600w, https:\/\/www.purecook.com\/wp-content\/uploads\/2024\/04\/wholesale-mini-bbq-grills-1-100x100.webp 100w\" sizes=\"(max-width: 800px) 100vw, 800px\" \/><\/figure>\n<\/div>\n\n\n\n<div class=\"wp-block-column is-layout-flow wp-block-column-is-layout-flow\">\n<figure class=\"wp-block-image size-full\"><img decoding=\"async\" width=\"800\" height=\"800\" src=\"https:\/\/www.purecook.com\/wp-content\/uploads\/2024\/04\/wholesale-mini-bbq-grills-3.webp\" alt=\"mini grelhadores para churrasco por atacado (3)\" class=\"wp-image-4203\" srcset=\"https:\/\/www.purecook.com\/wp-content\/uploads\/2024\/04\/wholesale-mini-bbq-grills-3.webp 800w, https:\/\/www.purecook.com\/wp-content\/uploads\/2024\/04\/wholesale-mini-bbq-grills-3-300x300.webp 300w, https:\/\/www.purecook.com\/wp-content\/uploads\/2024\/04\/wholesale-mini-bbq-grills-3-150x150.webp 150w, https:\/\/www.purecook.com\/wp-content\/uploads\/2024\/04\/wholesale-mini-bbq-grills-3-768x768.webp 768w, https:\/\/www.purecook.com\/wp-content\/uploads\/2024\/04\/wholesale-mini-bbq-grills-3-12x12.webp 12w, https:\/\/www.purecook.com\/wp-content\/uploads\/2024\/04\/wholesale-mini-bbq-grills-3-600x600.webp 600w, https:\/\/www.purecook.com\/wp-content\/uploads\/2024\/04\/wholesale-mini-bbq-grills-3-100x100.webp 100w\" sizes=\"(max-width: 800px) 100vw, 800px\" \/><\/figure>\n<\/div>\n<\/div>","protected":false},"excerpt":{"rendered":"<p>Mini grelhadores para churrasco por grosso. O mini grelhador para churrasco utiliza uma base em a\u00e7o inoxid\u00e1vel, um tabuleiro em madeira de faia e uma superf\u00edcie f\u00edsica antiaderente. \u00c9 adequado para refei\u00e7\u00f5es individuais, reuni\u00f5es sociais e actividades ao ar livre. Proporciona aos utilizadores uma experi\u00eancia de cozinha de alta qualidade com o m\u00ednimo de \u00f3leo e pouco fumo. Vendas diretas da f\u00e1brica, fornecimento de pre\u00e7os por atacado, bem-vindo a contactar-nos.<\/p>\n<h3>Carater\u00edsticas e vantagens do Mini BBQ Grill<\/h3>\n<p><strong>\u00c1lcool combust\u00edvel em latas:<\/strong> Os mini grelhadores para churrasco utilizam \u00e1lcool combust\u00edvel, que proporciona um calor concentrado e est\u00e1vel e liberta muito pouco fumo, o que \u00e9 perfeito para grelhar carne.<\/p>\n<p><strong>Antiaderente f\u00edsico:<\/strong> Os mini grelhadores para churrasco t\u00eam uma superf\u00edcie antiaderente \u00fanica com textura de escama de peixe, que requer apenas uma pequena quantidade de \u00f3leo para cozinhar, permitindo-lhe desfrutar de uma experi\u00eancia de grelhar profissional sem se preocupar com a ader\u00eancia dos alimentos \u00e0 superf\u00edcie do grelhador.<\/p>\n<p><strong>Port\u00e1til e vers\u00e1til:<\/strong> Este mini grelhador para churrasco \u00e9 pequeno e port\u00e1til e \u00e9 a melhor escolha para cozinhar para uma s\u00f3 pessoa, adequado para uso dom\u00e9stico e comercial.<\/p>\n<p><strong>F\u00e1cil de limpar:<\/strong> Este mini grelhador para churrasco adopta um design dividido com uma placa de grelhar amov\u00edvel, dep\u00f3sito de combust\u00edvel e base, o que \u00e9 extremamente conveniente para limpar e guardar ap\u00f3s a utiliza\u00e7\u00e3o.<\/p>\n<p><strong>Pegas de dupla face:<\/strong> Este mini grelhador para churrasco est\u00e1 equipado com pegas de dupla face para facilitar o transporte e a utiliza\u00e7\u00e3o, evitando o contacto direto com \u00e1reas de alta temperatura e proporcionando um m\u00e9todo de funcionamento mais seguro durante a utiliza\u00e7\u00e3o.<\/p>\n<p><strong>Fornecimento de grelhadores para churrasco a granel:<\/strong> A Purecook fornece grelhadores de churrasco produzidos em massa com cota\u00e7\u00f5es de f\u00e1brica competitivas para satisfazer as necessidades de eventos de grande escala, distribui\u00e7\u00e3o a retalho e mercados grossistas.<\/p>","protected":false},"featured_media":4209,"comment_status":"open","ping_status":"closed","template":"","meta":{"_acf_changed":false},"product_brand":[],"product_cat":[27,109],"product_tag":[97,98,96],"class_list":{"0":"post-843","1":"product","2":"type-product","3":"status-publish","4":"has-post-thumbnail","6":"product_cat-bakeware","7":"product_cat-mini-bbq-grill","8":"product_tag-wholesale-commercial-cookware","9":"product_tag-wholesale-home-cookware","10":"product_tag-wholesale-outdoor-cookware","12":"first","13":"instock","14":"shipping-taxable","15":"product-type-simple"},"acf":[],"_links":{"self":[{"href":"https:\/\/www.purecook.com\/pt\/wp-json\/wp\/v2\/product\/843","targetHints":{"allow":["GET"]}}],"collection":[{"href":"https:\/\/www.purecook.com\/pt\/wp-json\/wp\/v2\/product"}],"about":[{"href":"https:\/\/www.purecook.com\/pt\/wp-json\/wp\/v2\/types\/product"}],"replies":[{"embeddable":true,"href":"https:\/\/www.purecook.com\/pt\/wp-json\/wp\/v2\/comments?post=843"}],"wp:featuredmedia":[{"embeddable":true,"href":"https:\/\/www.purecook.com\/pt\/wp-json\/wp\/v2\/media\/4209"}],"wp:attachment":[{"href":"https:\/\/www.purecook.com\/pt\/wp-json\/wp\/v2\/media?parent=843"}],"wp:term":[{"taxonomy":"product_brand","embeddable":true,"href":"https:\/\/www.purecook.com\/pt\/wp-json\/wp\/v2\/product_brand?post=843"},{"taxonomy":"product_cat","embeddable":true,"href":"https:\/\/www.purecook.com\/pt\/wp-json\/wp\/v2\/product_cat?post=843"},{"taxonomy":"product_tag","embeddable":true,"href":"https:\/\/www.purecook.com\/pt\/wp-json\/wp\/v2\/product_tag?post=843"}],"curies":[{"name":"wp","href":"https:\/\/api.w.org\/{rel}","templated":true}]}}