{"id":856,"date":"2024-04-12T17:09:20","date_gmt":"2024-04-12T09:09:20","guid":{"rendered":"https:\/\/purecook.com\/?post_type=product&#038;p=856"},"modified":"2025-04-27T17:42:32","modified_gmt":"2025-04-27T09:42:32","slug":"custom-stainless-steel-cookware-set","status":"publish","type":"product","link":"https:\/\/www.purecook.com\/pt\/product\/custom-stainless-steel-cookware-set\/","title":{"rendered":"Conjunto de panelas de a\u00e7o inoxid\u00e1vel vers\u00e1til personalizado por atacado"},"content":{"rendered":"<div class=\"wp-block-columns is-layout-flex wp-container-core-columns-is-layout-9d6595d7 wp-block-columns-is-layout-flex\">\n<div class=\"wp-block-column is-layout-flow wp-block-column-is-layout-flow\">\n<h3 class=\"wp-block-heading\">Par\u00e2metros do conjunto de panelas de a\u00e7o inoxid\u00e1vel<\/h3>\n\n\n\n<p>-N\u00famero do modelo: Puro<br>-Material: A\u00e7o inoxid\u00e1vel magn\u00e9tico <br>-Polimento do espelho exterior <br>-Espessura: 0,5 mm<br>-Base encapsulada: SS201\/304 + 1mm Alu + SS 430 <br>-Tampa: Tampa de vidro temperado<br>-tamanho: 20\/24cm<br>-Capacidade: 2L\/5L<\/p>\n<\/div>\n\n\n\n<div class=\"wp-block-column is-layout-flow wp-block-column-is-layout-flow\">\n<h3 class=\"wp-block-heading\">Conjunto de utens\u00edlios de cozinha personalizados<\/h3>\n\n\n\n<p>\u00b7Material:SUS#201\/304\/410\/430\/<br>-Embalagem: caixa de cor\/caixa de cart\u00e3o, etc.<br><strong><strong><a href=\"https:\/\/www.purecook.com\/pt\/custom-solution\/\" target=\"_blank\" rel=\"noreferrer noopener\">-Solu\u00e7\u00f5es personalizadas OEM e ODM<\/a><\/strong><\/strong><\/p>\n<\/div>\n<\/div>\n\n\n\n<div class=\"wp-block-columns is-layout-flex wp-container-core-columns-is-layout-9d6595d7 wp-block-columns-is-layout-flex\">\n<div class=\"wp-block-column is-layout-flow wp-block-column-is-layout-flow\">\n<figure class=\"wp-block-image size-full\"><img decoding=\"async\" width=\"591\" height=\"571\" src=\"https:\/\/purecook.com\/wp-content\/uploads\/2024\/04\/stainless-steel-cookware.webp\" alt=\"utens\u00edlios de cozinha em a\u00e7o inoxid\u00e1vel\" class=\"wp-image-965\" srcset=\"https:\/\/www.purecook.com\/wp-content\/uploads\/2024\/04\/stainless-steel-cookware.webp 591w, https:\/\/www.purecook.com\/wp-content\/uploads\/2024\/04\/stainless-steel-cookware-300x290.webp 300w\" sizes=\"(max-width: 591px) 100vw, 591px\" \/><\/figure>\n<\/div>\n\n\n\n<div class=\"wp-block-column is-layout-flow wp-block-column-is-layout-flow\">\n<figure class=\"wp-block-image size-full\"><img decoding=\"async\" width=\"586\" height=\"591\" src=\"https:\/\/purecook.com\/wp-content\/uploads\/2024\/04\/kitchenware-manufacturer-wholesale-custom-stainless-steel-cookware-.webp\" alt=\"fabricante de utens\u00edlios de cozinha por atacado utens\u00edlios de cozinha em a\u00e7o inoxid\u00e1vel personalizados\" class=\"wp-image-963\" srcset=\"https:\/\/www.purecook.com\/wp-content\/uploads\/2024\/04\/kitchenware-manufacturer-wholesale-custom-stainless-steel-cookware-.webp 586w, https:\/\/www.purecook.com\/wp-content\/uploads\/2024\/04\/kitchenware-manufacturer-wholesale-custom-stainless-steel-cookware--297x300.webp 297w, https:\/\/www.purecook.com\/wp-content\/uploads\/2024\/04\/kitchenware-manufacturer-wholesale-custom-stainless-steel-cookware--150x150.webp 150w, https:\/\/www.purecook.com\/wp-content\/uploads\/2024\/04\/kitchenware-manufacturer-wholesale-custom-stainless-steel-cookware--100x100.webp 100w\" sizes=\"(max-width: 586px) 100vw, 586px\" \/><\/figure>\n<\/div>\n<\/div>","protected":false},"excerpt":{"rendered":"<p>Conjunto de utens\u00edlios de cozinha vers\u00e1teis em a\u00e7o inoxid\u00e1vel da Purecook. Os utens\u00edlios de cozinha s\u00e3o duradouros e vers\u00e1teis. \u00c9 f\u00e1cil de limpar e distribui o calor uniformemente para obter resultados \u00f3ptimos. Mais importante ainda, \u00e9 compat\u00edvel com todos os estilos de fog\u00e3o, tem um design cl\u00e1ssico e intemporal e uma pega confort\u00e1vel e segura. O material utilizado n\u00e3o s\u00f3 n\u00e3o \u00e9 t\u00f3xico, como tamb\u00e9m consegue conservar na perfei\u00e7\u00e3o o sabor dos alimentos. \u00c9, sem d\u00favida, um bom auxiliar de cozinha para a bancada da sua cozinha.<\/p>\n<h3>Carater\u00edsticas do conjunto de panelas de a\u00e7o inoxid\u00e1vel<\/h3>\n<p>1)Longa durabilidade.<\/p>\n<p>2)Versatilidade de cozedura m\u00faltipla.<\/p>\n<p>3)Superf\u00edcie f\u00e1cil de limpar.<\/p>\n<p>4)Distribui\u00e7\u00e3o uniforme do calor.<\/p>\n<p>5)Compatibilidade com o tipo de fog\u00e3o.<\/p>\n<p>6)Design intemporal.<\/p>\n<p>7)Pegas confort\u00e1veis e seguras.<\/p>\n<p>8) Material n\u00e3o t\u00f3xico e que preserva o sabor.<\/p>","protected":false},"featured_media":961,"comment_status":"open","ping_status":"closed","template":"","meta":{"_acf_changed":false},"product_brand":[],"product_cat":[24,69],"product_tag":[98],"class_list":{"0":"post-856","1":"product","2":"type-product","3":"status-publish","4":"has-post-thumbnail","6":"product_cat-cookware","7":"product_cat-cookware-sets","8":"product_tag-wholesale-home-cookware","10":"first","11":"instock","12":"shipping-taxable","13":"product-type-simple"},"acf":[],"_links":{"self":[{"href":"https:\/\/www.purecook.com\/pt\/wp-json\/wp\/v2\/product\/856","targetHints":{"allow":["GET"]}}],"collection":[{"href":"https:\/\/www.purecook.com\/pt\/wp-json\/wp\/v2\/product"}],"about":[{"href":"https:\/\/www.purecook.com\/pt\/wp-json\/wp\/v2\/types\/product"}],"replies":[{"embeddable":true,"href":"https:\/\/www.purecook.com\/pt\/wp-json\/wp\/v2\/comments?post=856"}],"wp:featuredmedia":[{"embeddable":true,"href":"https:\/\/www.purecook.com\/pt\/wp-json\/wp\/v2\/media\/961"}],"wp:attachment":[{"href":"https:\/\/www.purecook.com\/pt\/wp-json\/wp\/v2\/media?parent=856"}],"wp:term":[{"taxonomy":"product_brand","embeddable":true,"href":"https:\/\/www.purecook.com\/pt\/wp-json\/wp\/v2\/product_brand?post=856"},{"taxonomy":"product_cat","embeddable":true,"href":"https:\/\/www.purecook.com\/pt\/wp-json\/wp\/v2\/product_cat?post=856"},{"taxonomy":"product_tag","embeddable":true,"href":"https:\/\/www.purecook.com\/pt\/wp-json\/wp\/v2\/product_tag?post=856"}],"curies":[{"name":"wp","href":"https:\/\/api.w.org\/{rel}","templated":true}]}}