{"id":857,"date":"2024-04-12T07:18:24","date_gmt":"2024-04-11T23:18:24","guid":{"rendered":"https:\/\/purecook.com\/?post_type=product&#038;p=857"},"modified":"2025-04-27T17:43:47","modified_gmt":"2025-04-27T09:43:47","slug":"wholesale-micro-pressure-cooker","status":"publish","type":"product","link":"https:\/\/www.purecook.com\/pt\/product\/wholesale-micro-pressure-cooker\/","title":{"rendered":"Micro Panela de Press\u00e3o Eficiente por Atacado - Cozimento R\u00e1pido com Preserva\u00e7\u00e3o de Nutrientes"},"content":{"rendered":"<div class=\"wp-block-columns is-layout-flex wp-container-core-columns-is-layout-9d6595d7 wp-block-columns-is-layout-flex\">\n<div class=\"wp-block-column is-layout-flow wp-block-column-is-layout-flow\">\n<h3 class=\"wp-block-heading\">Par\u00e2metros da micro panela de press\u00e3o<\/h3>\n\n\n\n<p>-N\u00famero do modelo:Micro<br>-Polimento do espelho exterior <br>-Espessura: 0,5 mm <br>-Base encapsulada: SS201\/304+1mm Alu.+SS 430 <br>-Material:A\u00e7o inoxid\u00e1vel magn\u00e9tico <br>-Tampa: Tampa de vidro temperado<br>-Tamanho:20\/24cm<br>-Capacidade:2L\/5L<\/p>\n<\/div>\n\n\n\n<div class=\"wp-block-column is-layout-flow wp-block-column-is-layout-flow\">\n<h3 class=\"wp-block-heading\">Micro panela de press\u00e3o personalizada<\/h3>\n\n\n\n<p>Eleve o seu neg\u00f3cio de catering com as nossas op\u00e7\u00f5es de personaliza\u00e7\u00e3o ilimitadas e designs inovadores.<\/p>\n\n\n\n<p>\u00b7Material:SUS#201\/304\/410\/430\/<br>-Embalagem: caixa de cor\/caixa de cart\u00e3o<br>-Tamanho:20\/24cm<br>-Capacidade:2L\/5L<br><strong><a href=\"https:\/\/www.purecook.com\/pt\/custom-solution\/\" target=\"_blank\" rel=\"noreferrer noopener\">-Solu\u00e7\u00f5es personalizadas OEM e ODM<\/a><\/strong><\/p>\n<\/div>\n<\/div>\n\n\n\n<div class=\"wp-block-columns is-layout-flex wp-container-core-columns-is-layout-9d6595d7 wp-block-columns-is-layout-flex\">\n<div class=\"wp-block-column is-layout-flow wp-block-column-is-layout-flow\">\n<figure class=\"wp-block-image size-full\"><img decoding=\"async\" width=\"800\" height=\"800\" src=\"https:\/\/purecook.com\/wp-content\/uploads\/2024\/04\/wholesale-micro-pressure-cooker.webp\" alt=\"micro panela de press\u00e3o por atacado\" class=\"wp-image-865\" srcset=\"https:\/\/www.purecook.com\/wp-content\/uploads\/2024\/04\/wholesale-micro-pressure-cooker.webp 800w, https:\/\/www.purecook.com\/wp-content\/uploads\/2024\/04\/wholesale-micro-pressure-cooker-300x300.webp 300w, https:\/\/www.purecook.com\/wp-content\/uploads\/2024\/04\/wholesale-micro-pressure-cooker-150x150.webp 150w, https:\/\/www.purecook.com\/wp-content\/uploads\/2024\/04\/wholesale-micro-pressure-cooker-768x768.webp 768w, https:\/\/www.purecook.com\/wp-content\/uploads\/2024\/04\/wholesale-micro-pressure-cooker-600x600.webp 600w, https:\/\/www.purecook.com\/wp-content\/uploads\/2024\/04\/wholesale-micro-pressure-cooker-100x100.webp 100w\" sizes=\"(max-width: 800px) 100vw, 800px\" \/><\/figure>\n\n\n\n<figure class=\"wp-block-image size-full\"><img decoding=\"async\" width=\"800\" height=\"800\" src=\"https:\/\/purecook.com\/wp-content\/uploads\/2024\/04\/custom-micro-pressure-cooker.webp\" alt=\"micro panela de press\u00e3o personalizada\" class=\"wp-image-860\" srcset=\"https:\/\/www.purecook.com\/wp-content\/uploads\/2024\/04\/custom-micro-pressure-cooker.webp 800w, https:\/\/www.purecook.com\/wp-content\/uploads\/2024\/04\/custom-micro-pressure-cooker-300x300.webp 300w, https:\/\/www.purecook.com\/wp-content\/uploads\/2024\/04\/custom-micro-pressure-cooker-150x150.webp 150w, https:\/\/www.purecook.com\/wp-content\/uploads\/2024\/04\/custom-micro-pressure-cooker-768x768.webp 768w, https:\/\/www.purecook.com\/wp-content\/uploads\/2024\/04\/custom-micro-pressure-cooker-600x600.webp 600w, https:\/\/www.purecook.com\/wp-content\/uploads\/2024\/04\/custom-micro-pressure-cooker-100x100.webp 100w\" sizes=\"(max-width: 800px) 100vw, 800px\" \/><\/figure>\n<\/div>\n\n\n\n<div class=\"wp-block-column is-layout-flow wp-block-column-is-layout-flow\">\n<figure class=\"wp-block-image size-full\"><img decoding=\"async\" width=\"800\" height=\"800\" src=\"https:\/\/purecook.com\/wp-content\/uploads\/2024\/04\/stainless-steel-cookware-manufacturer-wholesale-micro-pressure-cooker-supplies.webp\" alt=\"fabricante de utens\u00edlios de cozinha em a\u00e7o inoxid\u00e1vel fornecimentos para micro panelas de press\u00e3o\" class=\"wp-image-864\" srcset=\"https:\/\/www.purecook.com\/wp-content\/uploads\/2024\/04\/stainless-steel-cookware-manufacturer-wholesale-micro-pressure-cooker-supplies.webp 800w, https:\/\/www.purecook.com\/wp-content\/uploads\/2024\/04\/stainless-steel-cookware-manufacturer-wholesale-micro-pressure-cooker-supplies-300x300.webp 300w, https:\/\/www.purecook.com\/wp-content\/uploads\/2024\/04\/stainless-steel-cookware-manufacturer-wholesale-micro-pressure-cooker-supplies-150x150.webp 150w, https:\/\/www.purecook.com\/wp-content\/uploads\/2024\/04\/stainless-steel-cookware-manufacturer-wholesale-micro-pressure-cooker-supplies-768x768.webp 768w, https:\/\/www.purecook.com\/wp-content\/uploads\/2024\/04\/stainless-steel-cookware-manufacturer-wholesale-micro-pressure-cooker-supplies-600x600.webp 600w, https:\/\/www.purecook.com\/wp-content\/uploads\/2024\/04\/stainless-steel-cookware-manufacturer-wholesale-micro-pressure-cooker-supplies-100x100.webp 100w\" sizes=\"(max-width: 800px) 100vw, 800px\" \/><\/figure>\n\n\n\n<figure class=\"wp-block-image size-full\"><img decoding=\"async\" width=\"800\" height=\"800\" src=\"https:\/\/purecook.com\/wp-content\/uploads\/2024\/04\/stainless-steel-cooker-manufacturer-custom-micro-pressure-cooker-supplies.webp\" alt=\"fabricante de panelas de a\u00e7o inoxid\u00e1vel para micro-ondas de press\u00e3o personalizadas\" class=\"wp-image-862\" srcset=\"https:\/\/www.purecook.com\/wp-content\/uploads\/2024\/04\/stainless-steel-cooker-manufacturer-custom-micro-pressure-cooker-supplies.webp 800w, https:\/\/www.purecook.com\/wp-content\/uploads\/2024\/04\/stainless-steel-cooker-manufacturer-custom-micro-pressure-cooker-supplies-300x300.webp 300w, https:\/\/www.purecook.com\/wp-content\/uploads\/2024\/04\/stainless-steel-cooker-manufacturer-custom-micro-pressure-cooker-supplies-150x150.webp 150w, https:\/\/www.purecook.com\/wp-content\/uploads\/2024\/04\/stainless-steel-cooker-manufacturer-custom-micro-pressure-cooker-supplies-768x768.webp 768w, https:\/\/www.purecook.com\/wp-content\/uploads\/2024\/04\/stainless-steel-cooker-manufacturer-custom-micro-pressure-cooker-supplies-600x600.webp 600w, https:\/\/www.purecook.com\/wp-content\/uploads\/2024\/04\/stainless-steel-cooker-manufacturer-custom-micro-pressure-cooker-supplies-100x100.webp 100w\" sizes=\"(max-width: 800px) 100vw, 800px\" \/><\/figure>\n<\/div>\n<\/div>","protected":false},"excerpt":{"rendered":"<p>As panelas de micro press\u00e3o Purecook podem cozinhar com seguran\u00e7a e economia de energia v\u00e1rios ingredientes, como carne e legumes, e s\u00e3o muito adequadas para uso dom\u00e9stico.<\/p>\n<h2>Carater\u00edsticas e vantagens da Micro Panela de Press\u00e3o<\/h2>\n<p>1) Cozedura r\u00e1pida: Utiliza a tecnologia de baixa press\u00e3o para uma prepara\u00e7\u00e3o r\u00e1pida das refei\u00e7\u00f5es, poupando tempo.<\/p>\n<p>2)Preserva\u00e7\u00e3o de nutrientes: As defini\u00e7\u00f5es de press\u00e3o mais baixas ajudam a reter os nutrientes e sabores naturais dos alimentos.<\/p>\n<p>3)Versatilidade: Adequado para cozinhar uma vasta gama de ingredientes, incluindo carnes, legumes e cereais.<\/p>\n<p>4) Carater\u00edsticas de seguran\u00e7a: Concebida com v\u00e1rias medidas de seguran\u00e7a para maior tranquilidade durante a utiliza\u00e7\u00e3o.<\/p>\n<p>5) F\u00e1cil de limpar: Tipicamente, possui uma panela interior amov\u00edvel para uma limpeza e manuten\u00e7\u00e3o convenientes.<\/p>\n<p>6)Efici\u00eancia energ\u00e9tica: Mais eficiente em termos energ\u00e9ticos do que os m\u00e9todos de cozedura tradicionais, reduzindo o consumo de energia.<\/p>\n<p>7)Design moderno: O aspeto elegante combina bem com decora\u00e7\u00f5es de cozinha contempor\u00e2neas.<\/p>\n<p>8) F\u00e1cil de utilizar: Interface de controlo simples, adequada para utilizadores de todos os n\u00edveis de conhecimentos culin\u00e1rios.<\/p>","protected":false},"featured_media":861,"comment_status":"open","ping_status":"closed","template":"","meta":{"_acf_changed":false},"product_brand":[],"product_cat":[24,73],"product_tag":[98],"class_list":{"0":"post-857","1":"product","2":"type-product","3":"status-publish","4":"has-post-thumbnail","6":"product_cat-cookware","7":"product_cat-pressure-cooker","8":"product_tag-wholesale-home-cookware","10":"first","11":"instock","12":"shipping-taxable","13":"product-type-simple"},"acf":[],"_links":{"self":[{"href":"https:\/\/www.purecook.com\/pt\/wp-json\/wp\/v2\/product\/857","targetHints":{"allow":["GET"]}}],"collection":[{"href":"https:\/\/www.purecook.com\/pt\/wp-json\/wp\/v2\/product"}],"about":[{"href":"https:\/\/www.purecook.com\/pt\/wp-json\/wp\/v2\/types\/product"}],"replies":[{"embeddable":true,"href":"https:\/\/www.purecook.com\/pt\/wp-json\/wp\/v2\/comments?post=857"}],"wp:featuredmedia":[{"embeddable":true,"href":"https:\/\/www.purecook.com\/pt\/wp-json\/wp\/v2\/media\/861"}],"wp:attachment":[{"href":"https:\/\/www.purecook.com\/pt\/wp-json\/wp\/v2\/media?parent=857"}],"wp:term":[{"taxonomy":"product_brand","embeddable":true,"href":"https:\/\/www.purecook.com\/pt\/wp-json\/wp\/v2\/product_brand?post=857"},{"taxonomy":"product_cat","embeddable":true,"href":"https:\/\/www.purecook.com\/pt\/wp-json\/wp\/v2\/product_cat?post=857"},{"taxonomy":"product_tag","embeddable":true,"href":"https:\/\/www.purecook.com\/pt\/wp-json\/wp\/v2\/product_tag?post=857"}],"curies":[{"name":"wp","href":"https:\/\/api.w.org\/{rel}","templated":true}]}}