{"id":874,"date":"2024-04-12T10:13:32","date_gmt":"2024-04-12T02:13:32","guid":{"rendered":"https:\/\/purecook.com\/?post_type=product&#038;p=874"},"modified":"2024-06-03T18:19:58","modified_gmt":"2024-06-03T10:19:58","slug":"versatile-filter-kettle-wholesale","status":"publish","type":"product","link":"https:\/\/www.purecook.com\/pt\/product\/versatile-filter-kettle-wholesale\/","title":{"rendered":"Chaleira com filtro de a\u00e7o inoxid\u00e1vel vers\u00e1til personalizada por atacado"},"content":{"rendered":"<div class=\"wp-block-columns is-layout-flex wp-container-core-columns-is-layout-9d6595d7 wp-block-columns-is-layout-flex\">\n<div class=\"wp-block-column is-layout-flow wp-block-column-is-layout-flow\">\n<h2 class=\"wp-block-heading\">Par\u00e2metros da caldeira de filtragem<\/h2>\n\n\n\n<p>-Cor: Corpo prateado <br>-Material: 0.9mm ss304<br>-Peso corporal: 0,77 kg<br>-Grama alimentar: 0,08 kg <br>-Di\u00e2metro da tampa: 2,8 cm <br>-Di\u00e2metro do fundo: 12cm <br>-Altura do corpo: 16,2 cm <br>-Altura do corpo e da tampa: 18 cm <br>-N.W. : 0.85kg <br>-Peso: 0,95 kg<\/p>\n<\/div>\n\n\n\n<div class=\"wp-block-column is-layout-flow wp-block-column-is-layout-flow\">\n<h2 class=\"wp-block-heading\">Chaleira com filtro personalizada<\/h2>\n\n\n\n<p>Eleve o seu neg\u00f3cio de catering com as nossas op\u00e7\u00f5es de personaliza\u00e7\u00e3o ilimitadas e designs inovadores.<\/p>\n\n\n\n<p>-Personalizar as pegas.<br>-Logotipo a laser dispon\u00edvel.<br>-Personalizar cores.<br><strong><a href=\"https:\/\/www.purecook.com\/pt\/custom-solution\/\" target=\"_blank\" rel=\"noreferrer noopener\">-Solu\u00e7\u00f5es personalizadas OEM e ODM<\/a><\/strong><br><\/p>\n<\/div>\n<\/div>\n\n\n\n<div class=\"wp-block-columns is-layout-flex wp-container-core-columns-is-layout-9d6595d7 wp-block-columns-is-layout-flex\">\n<div class=\"wp-block-column is-layout-flow wp-block-column-is-layout-flow\">\n<figure class=\"wp-block-image size-full\"><img decoding=\"async\" width=\"800\" height=\"800\" src=\"https:\/\/purecook.com\/wp-content\/uploads\/2024\/04\/Kettle-Manufacturer-wholesale-custom-Strainer-kettle-supplies-2.webp\" alt=\"Chaleira Fabricante de chaleira por atacado personalizado Coador (2)\" class=\"wp-image-881\" srcset=\"https:\/\/www.purecook.com\/wp-content\/uploads\/2024\/04\/Kettle-Manufacturer-wholesale-custom-Strainer-kettle-supplies-2.webp 800w, https:\/\/www.purecook.com\/wp-content\/uploads\/2024\/04\/Kettle-Manufacturer-wholesale-custom-Strainer-kettle-supplies-2-300x300.webp 300w, https:\/\/www.purecook.com\/wp-content\/uploads\/2024\/04\/Kettle-Manufacturer-wholesale-custom-Strainer-kettle-supplies-2-150x150.webp 150w, https:\/\/www.purecook.com\/wp-content\/uploads\/2024\/04\/Kettle-Manufacturer-wholesale-custom-Strainer-kettle-supplies-2-768x768.webp 768w, https:\/\/www.purecook.com\/wp-content\/uploads\/2024\/04\/Kettle-Manufacturer-wholesale-custom-Strainer-kettle-supplies-2-600x600.webp 600w, https:\/\/www.purecook.com\/wp-content\/uploads\/2024\/04\/Kettle-Manufacturer-wholesale-custom-Strainer-kettle-supplies-2-100x100.webp 100w\" sizes=\"(max-width: 800px) 100vw, 800px\" \/><\/figure>\n\n\n\n<figure class=\"wp-block-image size-full\"><img decoding=\"async\" width=\"800\" height=\"800\" src=\"https:\/\/purecook.com\/wp-content\/uploads\/2024\/04\/Kettle-wholesaler-bulk-custom-Strainer-kettle-supplies-1-1.webp\" alt=\"\" class=\"wp-image-884\" srcset=\"https:\/\/www.purecook.com\/wp-content\/uploads\/2024\/04\/Kettle-wholesaler-bulk-custom-Strainer-kettle-supplies-1-1.webp 800w, https:\/\/www.purecook.com\/wp-content\/uploads\/2024\/04\/Kettle-wholesaler-bulk-custom-Strainer-kettle-supplies-1-1-300x300.webp 300w, https:\/\/www.purecook.com\/wp-content\/uploads\/2024\/04\/Kettle-wholesaler-bulk-custom-Strainer-kettle-supplies-1-1-150x150.webp 150w, https:\/\/www.purecook.com\/wp-content\/uploads\/2024\/04\/Kettle-wholesaler-bulk-custom-Strainer-kettle-supplies-1-1-768x768.webp 768w, https:\/\/www.purecook.com\/wp-content\/uploads\/2024\/04\/Kettle-wholesaler-bulk-custom-Strainer-kettle-supplies-1-1-600x600.webp 600w, https:\/\/www.purecook.com\/wp-content\/uploads\/2024\/04\/Kettle-wholesaler-bulk-custom-Strainer-kettle-supplies-1-1-100x100.webp 100w\" sizes=\"(max-width: 800px) 100vw, 800px\" \/><\/figure>\n<\/div>\n\n\n\n<div class=\"wp-block-column is-layout-flow wp-block-column-is-layout-flow\">\n<figure class=\"wp-block-image size-full\"><img decoding=\"async\" width=\"750\" height=\"1361\" src=\"https:\/\/purecook.com\/wp-content\/uploads\/2024\/04\/Kettle-Factory-bulk-custom-Strainer-kettle-supplies-.webp\" alt=\"F\u00e1brica de chaleiras Fornecimentos de chaleiras de coador personalizadas a granel\" class=\"wp-image-879\" srcset=\"https:\/\/www.purecook.com\/wp-content\/uploads\/2024\/04\/Kettle-Factory-bulk-custom-Strainer-kettle-supplies-.webp 750w, https:\/\/www.purecook.com\/wp-content\/uploads\/2024\/04\/Kettle-Factory-bulk-custom-Strainer-kettle-supplies--165x300.webp 165w, https:\/\/www.purecook.com\/wp-content\/uploads\/2024\/04\/Kettle-Factory-bulk-custom-Strainer-kettle-supplies--600x1089.webp 600w\" sizes=\"(max-width: 750px) 100vw, 750px\" \/><\/figure>\n<\/div>\n<\/div>","protected":false},"excerpt":{"rendered":"<p>Venda por grosso da popular chaleira fliter. A chaleira fliter \u00e9 feita de a\u00e7o inoxid\u00e1vel de qualidade culin\u00e1ria, com um filtro e cesto amov\u00edveis, dur\u00e1vel, f\u00e1cil de limpar e adequado para ambientes de cozinha profissional e uso dom\u00e9stico.<\/p>\n<h3>Carater\u00edsticas e vantagens da chaleira com filtro<\/h3>\n<p>1) Design multifuncional: Esta panela coadora serve como filtro de \u00f3leo, chaleira para ferver \u00e1gua ou ch\u00e1 e panela para cozinhar uma variedade de alimentos, tornando-a numa cozinha polivalente.<\/p>\n<p>2) Filtro e cesto amov\u00edveis: Inclui um coador de malha fina para filtragem de \u00f3leo e um cesto para fritar, ambos amov\u00edveis para facilitar a utiliza\u00e7\u00e3o e a limpeza.<\/p>\n<p>3) A\u00e7o inoxid\u00e1vel de qualidade superior: Fabricado com a\u00e7o inoxid\u00e1vel de qualidade culin\u00e1ria, \u00e9 dur\u00e1vel, f\u00e1cil de limpar e adequado para um ambiente de cozinha profissional.<\/p>\n<p>4) Bico de despejo pr\u00e1tico: Concebida com um bico para verter facilmente, reduzindo os derrames e tornando-a perfeita para transferir l\u00edquidos quentes ou \u00f3leo.<\/p>\n<p>5) Pega ergon\u00f3mica: A pega resistente ao calor proporciona uma ader\u00eancia segura e confort\u00e1vel, garantindo um manuseamento seguro enquanto cozinha, verte ou transfere a panela.<\/p>\n<p>6)Compat\u00edvel com indu\u00e7\u00e3o: Compat\u00edvel com todos os fog\u00f5es, incluindo os de indu\u00e7\u00e3o, proporcionando versatilidade e comodidade para todos os m\u00e9todos de cozedura.<\/p>\n<p>7)Grande capacidade: Com um espa\u00e7o amplo, esta panela \u00e9 ideal para preparar refei\u00e7\u00f5es para a fam\u00edlia ou para receber convidados, garantindo que pode cozinhar em grande quantidade com facilidade.<\/p>","protected":false},"featured_media":883,"comment_status":"open","ping_status":"closed","template":"","meta":{"_acf_changed":false},"product_brand":[],"product_cat":[26,52,64],"product_tag":[],"class_list":{"0":"post-874","1":"product","2":"type-product","3":"status-publish","4":"has-post-thumbnail","6":"product_cat-kettle","7":"product_cat-kitchen-utensils","8":"product_cat-oil-pot","10":"first","11":"instock","12":"shipping-taxable","13":"product-type-simple"},"acf":[],"_links":{"self":[{"href":"https:\/\/www.purecook.com\/pt\/wp-json\/wp\/v2\/product\/874","targetHints":{"allow":["GET"]}}],"collection":[{"href":"https:\/\/www.purecook.com\/pt\/wp-json\/wp\/v2\/product"}],"about":[{"href":"https:\/\/www.purecook.com\/pt\/wp-json\/wp\/v2\/types\/product"}],"replies":[{"embeddable":true,"href":"https:\/\/www.purecook.com\/pt\/wp-json\/wp\/v2\/comments?post=874"}],"wp:featuredmedia":[{"embeddable":true,"href":"https:\/\/www.purecook.com\/pt\/wp-json\/wp\/v2\/media\/883"}],"wp:attachment":[{"href":"https:\/\/www.purecook.com\/pt\/wp-json\/wp\/v2\/media?parent=874"}],"wp:term":[{"taxonomy":"product_brand","embeddable":true,"href":"https:\/\/www.purecook.com\/pt\/wp-json\/wp\/v2\/product_brand?post=874"},{"taxonomy":"product_cat","embeddable":true,"href":"https:\/\/www.purecook.com\/pt\/wp-json\/wp\/v2\/product_cat?post=874"},{"taxonomy":"product_tag","embeddable":true,"href":"https:\/\/www.purecook.com\/pt\/wp-json\/wp\/v2\/product_tag?post=874"}],"curies":[{"name":"wp","href":"https:\/\/api.w.org\/{rel}","templated":true}]}}