{"id":887,"date":"2024-04-12T11:11:50","date_gmt":"2024-04-12T03:11:50","guid":{"rendered":"https:\/\/purecook.com\/?post_type=product&#038;p=887"},"modified":"2025-12-04T15:16:16","modified_gmt":"2025-12-04T07:16:16","slug":"stainless-steel-food-storage-container-wholesale","status":"publish","type":"product","link":"https:\/\/www.purecook.com\/pt\/product\/stainless-steel-food-storage-container-wholesale\/","title":{"rendered":"Recipiente de armazenamento de alimentos requintado com seguran\u00e7a para micro-ondas por atacado"},"content":{"rendered":"<div class=\"wp-block-columns is-layout-flex wp-container-core-columns-is-layout-9d6595d7 wp-block-columns-is-layout-flex\">\n<div class=\"wp-block-column is-layout-flow wp-block-column-is-layout-flow\">\n<h2 class=\"wp-block-heading\">Par\u00e2metros do recipiente de armazenagem de alimentos<\/h2>\n\n\n\n<p>Materiais:ss304\/ss201 <br>Espessura:06mm\uff1b<br>com tampa de vidro de silicone\uff1b<br>Artesanato exterior: eletr\u00f3lise interior e exterior<br>SKU:700\/1200\/1900\/1000\/1800\/3000ml<br>700ML:15,9x<em>12<\/em>x4,6cm<br>1200ML:19,5x<em>14.8<\/em>x5,1cm<br>1900ML:23,6x<em>18.2<\/em>x5,5cm<br>1000ML:15,9x<em>12<\/em>x7cm<br>1800ML:19,5x<em>14.8<\/em>x8cm<br>3000ML:23.6<em>1\u00d78.4<\/em>x90cm<\/p>\n<\/div>\n\n\n\n<div class=\"wp-block-column is-layout-flow wp-block-column-is-layout-flow\">\n<h2 class=\"wp-block-heading\">Recipiente de armazenamento de alimentos personalizado<\/h2>\n\n\n\n<p>Eleve o seu neg\u00f3cio de catering com as nossas op\u00e7\u00f5es de personaliza\u00e7\u00e3o ilimitadas e designs inovadores.<\/p>\n\n\n\n<p>Materiais: ss304\/ss201 <br>Embalagem: cart\u00e3o\/caixa de cor<br><a href=\"https:\/\/www.purecook.com\/pt\/custom-solution\/\" data-type=\"link\" data-id=\"https:\/\/purecook.com\/custom-solution\/\" target=\"_blank\" rel=\"noopener\"><\/a><strong><strong><a href=\"https:\/\/www.purecook.com\/pt\/custom-solution\/\" target=\"_blank\" rel=\"noreferrer noopener\">Solu\u00e7\u00f5es de recipientes para alimentos personalizados OEM e ODM <\/a><\/strong><\/strong><\/p>\n<\/div>\n<\/div>\n\n\n\n<div class=\"wp-block-columns is-layout-flex wp-container-core-columns-is-layout-9d6595d7 wp-block-columns-is-layout-flex\">\n<div class=\"wp-block-column is-layout-flow wp-block-column-is-layout-flow\">\n<figure class=\"wp-block-image size-full\"><img decoding=\"async\" width=\"800\" height=\"800\" src=\"https:\/\/purecook.com\/wp-content\/uploads\/2024\/04\/kitchenware-manufacturer-wholesale-food-storage-container.webp\" alt=\"fabricante de utens\u00edlios de cozinha recipiente de armazenamento de alimentos por atacado\" class=\"wp-image-894\" srcset=\"https:\/\/www.purecook.com\/wp-content\/uploads\/2024\/04\/kitchenware-manufacturer-wholesale-food-storage-container.webp 800w, https:\/\/www.purecook.com\/wp-content\/uploads\/2024\/04\/kitchenware-manufacturer-wholesale-food-storage-container-300x300.webp 300w, https:\/\/www.purecook.com\/wp-content\/uploads\/2024\/04\/kitchenware-manufacturer-wholesale-food-storage-container-150x150.webp 150w, https:\/\/www.purecook.com\/wp-content\/uploads\/2024\/04\/kitchenware-manufacturer-wholesale-food-storage-container-768x768.webp 768w, https:\/\/www.purecook.com\/wp-content\/uploads\/2024\/04\/kitchenware-manufacturer-wholesale-food-storage-container-600x600.webp 600w, https:\/\/www.purecook.com\/wp-content\/uploads\/2024\/04\/kitchenware-manufacturer-wholesale-food-storage-container-100x100.webp 100w\" sizes=\"(max-width: 800px) 100vw, 800px\" \/><\/figure>\n\n\n\n<figure class=\"wp-block-image size-full\"><img decoding=\"async\" width=\"800\" height=\"800\" src=\"https:\/\/purecook.com\/wp-content\/uploads\/2024\/04\/kitchenware-manufacturer-wholesale-food-storage-container-supplies.webp\" alt=\"fabricante de utens\u00edlios de cozinha grossista de recipientes de armazenamento de alimentos\" class=\"wp-image-893\" srcset=\"https:\/\/www.purecook.com\/wp-content\/uploads\/2024\/04\/kitchenware-manufacturer-wholesale-food-storage-container-supplies.webp 800w, https:\/\/www.purecook.com\/wp-content\/uploads\/2024\/04\/kitchenware-manufacturer-wholesale-food-storage-container-supplies-300x300.webp 300w, https:\/\/www.purecook.com\/wp-content\/uploads\/2024\/04\/kitchenware-manufacturer-wholesale-food-storage-container-supplies-150x150.webp 150w, https:\/\/www.purecook.com\/wp-content\/uploads\/2024\/04\/kitchenware-manufacturer-wholesale-food-storage-container-supplies-768x768.webp 768w, https:\/\/www.purecook.com\/wp-content\/uploads\/2024\/04\/kitchenware-manufacturer-wholesale-food-storage-container-supplies-600x600.webp 600w, https:\/\/www.purecook.com\/wp-content\/uploads\/2024\/04\/kitchenware-manufacturer-wholesale-food-storage-container-supplies-100x100.webp 100w\" sizes=\"(max-width: 800px) 100vw, 800px\" \/><\/figure>\n<\/div>\n\n\n\n<div class=\"wp-block-column is-layout-flow wp-block-column-is-layout-flow\">\n<figure class=\"wp-block-image size-full\"><img decoding=\"async\" width=\"800\" height=\"800\" src=\"https:\/\/purecook.com\/wp-content\/uploads\/2024\/04\/kitchenware-factory-custom-food-storage-container-supplies.webp\" alt=\"f\u00e1brica de utens\u00edlios de cozinha recipientes de armazenamento de alimentos personalizados\" class=\"wp-image-890\" srcset=\"https:\/\/www.purecook.com\/wp-content\/uploads\/2024\/04\/kitchenware-factory-custom-food-storage-container-supplies.webp 800w, https:\/\/www.purecook.com\/wp-content\/uploads\/2024\/04\/kitchenware-factory-custom-food-storage-container-supplies-300x300.webp 300w, https:\/\/www.purecook.com\/wp-content\/uploads\/2024\/04\/kitchenware-factory-custom-food-storage-container-supplies-150x150.webp 150w, https:\/\/www.purecook.com\/wp-content\/uploads\/2024\/04\/kitchenware-factory-custom-food-storage-container-supplies-768x768.webp 768w, https:\/\/www.purecook.com\/wp-content\/uploads\/2024\/04\/kitchenware-factory-custom-food-storage-container-supplies-600x600.webp 600w, https:\/\/www.purecook.com\/wp-content\/uploads\/2024\/04\/kitchenware-factory-custom-food-storage-container-supplies-100x100.webp 100w\" sizes=\"(max-width: 800px) 100vw, 800px\" \/><\/figure>\n\n\n\n<figure class=\"wp-block-image size-full\"><img decoding=\"async\" width=\"800\" height=\"800\" src=\"https:\/\/purecook.com\/wp-content\/uploads\/2024\/04\/kitchenware-manufacturer-wholesale-food-storage-container-3.webp\" alt=\"fabricante de utens\u00edlios de cozinha recipiente de armazenamento de alimentos por atacado (3)\" class=\"wp-image-892\" srcset=\"https:\/\/www.purecook.com\/wp-content\/uploads\/2024\/04\/kitchenware-manufacturer-wholesale-food-storage-container-3.webp 800w, https:\/\/www.purecook.com\/wp-content\/uploads\/2024\/04\/kitchenware-manufacturer-wholesale-food-storage-container-3-300x300.webp 300w, https:\/\/www.purecook.com\/wp-content\/uploads\/2024\/04\/kitchenware-manufacturer-wholesale-food-storage-container-3-150x150.webp 150w, https:\/\/www.purecook.com\/wp-content\/uploads\/2024\/04\/kitchenware-manufacturer-wholesale-food-storage-container-3-768x768.webp 768w, https:\/\/www.purecook.com\/wp-content\/uploads\/2024\/04\/kitchenware-manufacturer-wholesale-food-storage-container-3-600x600.webp 600w, https:\/\/www.purecook.com\/wp-content\/uploads\/2024\/04\/kitchenware-manufacturer-wholesale-food-storage-container-3-100x100.webp 100w\" sizes=\"(max-width: 800px) 100vw, 800px\" \/><\/figure>\n<\/div>\n<\/div>","protected":false},"excerpt":{"rendered":"<p>Recipiente de armazenamento de alimentos em a\u00e7o inoxid\u00e1vel por atacado Purecook. O recipiente de armazenamento de alimentos \u00e9 amplamente utilizado, adequado para armazenar refei\u00e7\u00f5es, sobras e outros alimentos. Com tecnologia de selagem avan\u00e7ada, pode manter a frescura dos alimentos durante muito tempo e pode ser utilizado em micro-ondas para um aquecimento conveniente dos alimentos.<\/p>\n<h2>Carater\u00edsticas do recipiente de armazenagem de alimentos<\/h2>\n<p>1) Tecnologia de veda\u00e7\u00e3o avan\u00e7ada: Com um anel de veda\u00e7\u00e3o de silicone personaliz\u00e1vel, este recipiente proporciona uma veda\u00e7\u00e3o herm\u00e9tica para manter a frescura, o sabor e o valor nutricional dos seus alimentos.<\/p>\n<p>2) Pr\u00f3pria para micro-ondas: Concebida para ser segura para o micro-ondas (sem a tampa), esta caixa permite um reaquecimento conveniente, acrescentando versatilidade \u00e0s suas rotinas de armazenamento e prepara\u00e7\u00e3o de alimentos.<\/p>\n<p>3) Utiliza\u00e7\u00e3o vers\u00e1til: Este recipiente \u00e9 perfeito para uma variedade de necessidades de armazenamento, desde refrigerar restos de comida a marinar alimentos ou embalar refei\u00e7\u00f5es em viagem.<\/p>\n<p>4) Resili\u00eancia \u00e0 temperatura: Suporta uma vasta gama de temperaturas, podendo ser utilizado em frigor\u00edficos, congeladores e at\u00e9 em fornos (sem a tampa), oferecendo uma comodidade sem igual.<\/p>\n<p>5)F\u00e1cil de limpar: Os componentes lav\u00e1veis na m\u00e1quina de lavar loi\u00e7a garantem uma limpeza sem problemas e mant\u00eam a higiene, sendo o recipiente de a\u00e7o inoxid\u00e1vel e a tampa de vidro f\u00e1ceis de lavar.<\/p>\n<p>6) Elegante e funcional: O design moderno e a tampa transparente n\u00e3o s\u00f3 real\u00e7am a est\u00e9tica da sua cozinha, como tamb\u00e9m permitem identificar rapidamente o conte\u00fado sem abrir a caixa.<\/p>","protected":false},"featured_media":894,"comment_status":"open","ping_status":"closed","template":"","meta":{"_acf_changed":false},"product_brand":[],"product_cat":[25,51],"product_tag":[],"class_list":{"0":"post-887","1":"product","2":"type-product","3":"status-publish","4":"has-post-thumbnail","6":"product_cat-food-storage","7":"product_cat-dinnerware","9":"first","10":"instock","11":"shipping-taxable","12":"product-type-simple"},"acf":[],"_links":{"self":[{"href":"https:\/\/www.purecook.com\/pt\/wp-json\/wp\/v2\/product\/887","targetHints":{"allow":["GET"]}}],"collection":[{"href":"https:\/\/www.purecook.com\/pt\/wp-json\/wp\/v2\/product"}],"about":[{"href":"https:\/\/www.purecook.com\/pt\/wp-json\/wp\/v2\/types\/product"}],"replies":[{"embeddable":true,"href":"https:\/\/www.purecook.com\/pt\/wp-json\/wp\/v2\/comments?post=887"}],"wp:featuredmedia":[{"embeddable":true,"href":"https:\/\/www.purecook.com\/pt\/wp-json\/wp\/v2\/media\/894"}],"wp:attachment":[{"href":"https:\/\/www.purecook.com\/pt\/wp-json\/wp\/v2\/media?parent=887"}],"wp:term":[{"taxonomy":"product_brand","embeddable":true,"href":"https:\/\/www.purecook.com\/pt\/wp-json\/wp\/v2\/product_brand?post=887"},{"taxonomy":"product_cat","embeddable":true,"href":"https:\/\/www.purecook.com\/pt\/wp-json\/wp\/v2\/product_cat?post=887"},{"taxonomy":"product_tag","embeddable":true,"href":"https:\/\/www.purecook.com\/pt\/wp-json\/wp\/v2\/product_tag?post=887"}],"curies":[{"name":"wp","href":"https:\/\/api.w.org\/{rel}","templated":true}]}}