{"id":5785,"date":"2026-04-14T17:18:47","date_gmt":"2026-04-14T09:18:47","guid":{"rendered":"https:\/\/www.purecook.com\/?post_type=product&#038;p=5785"},"modified":"2026-04-14T18:10:41","modified_gmt":"2026-04-14T10:10:41","slug":"wholesale-high-quality-retro-stainless-steel-serving-plate","status":"publish","type":"product","link":"https:\/\/www.purecook.com\/ru\/product\/wholesale-high-quality-retro-stainless-steel-serving-plate\/","title":{"rendered":"Wholesale High-quality Retro-style Stainless Steel Serving Plate"},"content":{"rendered":"<div class=\"wp-block-columns is-layout-flex wp-container-core-columns-is-layout-9d6595d7 wp-block-columns-is-layout-flex\">\n<div class=\"wp-block-column is-layout-flow wp-block-column-is-layout-flow\">\n<h3 class=\"wp-block-heading\">\u041f\u0430\u0440\u0430\u043c\u0435\u0442\u0440\u044b \u043f\u043b\u0438\u0442\u044b \u0438\u0437 \u043d\u0435\u0440\u0436\u0430\u0432\u0435\u044e\u0449\u0435\u0439 \u0441\u0442\u0430\u043b\u0438 \u0432 \u0440\u0435\u0442\u0440\u043e-\u0441\u0442\u0438\u043b\u0435<\/h3>\n\n\n\n<p><strong>\u041c\u0430\u0442\u0435\u0440\u0438\u0430\u043b:<\/strong> \u041d\u0435\u0440\u0436\u0430\u0432\u0435\u044e\u0449\u0430\u044f \u0441\u0442\u0430\u043b\u044c 304<br><strong>\u041d\u043e\u0440\u043c\u0430\u043b\u044c\u043d\u0430\u044f \u0442\u043e\u043b\u0449\u0438\u043d\u0430<\/strong>: 0.8 \/ 1 \/ 1.1mm<br><strong>\u041b\u043e\u0433\u043e\u0442\u0438\u043f: <\/strong>\u0422\u0440\u0430\u0444\u0430\u0440\u0435\u0442\u043d\u0430\u044f \u043f\u0435\u0447\u0430\u0442\u044c \/ \u041b\u0430\u0437\u0435\u0440\u043d\u0430\u044f \u0433\u0440\u0430\u0432\u0438\u0440\u043e\u0432\u043a\u0430 \/ \u0422\u0438\u0441\u043d\u0435\u043d\u044b\u0439 \u0448\u0442\u0430\u043c\u043f<br><strong>\u0420\u0430\u0437\u043c\u0435\u0440: <\/strong><br>23 \u00d7 13.5 \u00d7 1.5 cm<br>27 \u00d7 15 \u00d7 1.5 cm<br>33 \u00d7 16.5 \u00d7 1.5 cm<br>37 \u00d7 20 \u00d7 1.5 cm<br>41 \u00d7 23 \u00d7 1.5 cm<br>45 \u00d7 25.5 \u00d7 1.7 cm<br>49 \u00d7 28.5 \u00d7 1.9 cm<br><strong>\u0412\u0435\u0441 \u0431\u0440\u0443\u0442\u0442\u043e: <\/strong>\u041c\u0435\u043d\u0435\u0435 1,2 \u043a\u0433<\/p>\n<\/div>\n\n\n\n<div class=\"wp-block-column is-layout-flow wp-block-column-is-layout-flow\">\n<h3 class=\"wp-block-heading\">\u0412\u0430\u0440\u0438\u0430\u043d\u0442\u044b \u043a\u0443\u0445\u043e\u043d\u043d\u044b\u0445 \u043f\u0440\u0438\u043d\u0430\u0434\u043b\u0435\u0436\u043d\u043e\u0441\u0442\u0435\u0439 \u043d\u0430 \u0437\u0430\u043a\u0430\u0437<\/h3>\n\n\n\n<p><strong>\u041b\u043e\u0433\u043e\u0442\u0438\u043f:<\/strong> \u0412\u043e\u0437\u043c\u043e\u0436\u043d\u043e\u0441\u0442\u044c \u043d\u0430\u043d\u0435\u0441\u0435\u043d\u0438\u044f \u043b\u043e\u0433\u043e\u0442\u0438\u043f\u0430 \u0432\u0430\u0448\u0435\u0433\u043e \u0431\u0440\u0435\u043d\u0434\u0430<br><strong>\u0423\u043f\u0430\u043a\u043e\u0432\u043a\u0430:<\/strong>&nbsp;\u0426\u0432\u0435\u0442\u043d\u0430\u044f \u043a\u043e\u0440\u043e\u0431\u043a\u0430\/\u043a\u0430\u0440\u0442\u043e\u043d \u0438 \u0442.\u0434.<\/p>\n<\/div>\n<\/div>\n\n\n\n<div class=\"wp-block-columns is-layout-flex wp-container-core-columns-is-layout-9d6595d7 wp-block-columns-is-layout-flex\">\n<div class=\"wp-block-column is-layout-flow wp-block-column-is-layout-flow\"><\/div>\n\n\n\n<div class=\"wp-block-column is-layout-flow wp-block-column-is-layout-flow\"><\/div>\n<\/div>","protected":false},"excerpt":{"rendered":"<p>These wholesale stainless steel serving plates feature an aged finish with a matte, non-reflective surface that hides fingerprints and scratches better than traditional mirror-polished steel. Their unique look and durability make them ideal for high-traffic environments such as cafes, bars, and pubs, as well as rugged outdoor settings like campsites or campground resorts.<\/p>\n<h2>\u041e\u0441\u043e\u0431\u0435\u043d\u043d\u043e\u0441\u0442\u0438 \u0442\u0430\u0440\u0435\u043b\u043e\u043a \u0438\u0437 \u043d\u0435\u0440\u0436\u0430\u0432\u0435\u044e\u0449\u0435\u0439 \u0441\u0442\u0430\u043b\u0438 \u0432 \u0441\u0442\u0438\u043b\u0435 \u0440\u0435\u0442\u0440\u043e<\/h2>\n<p><strong>Unique Aesthetic Finish:<\/strong> The matte, distressed finish gives these serving plates a sophisticated industrial look, perfectly complementing modern interior design and outdoor aesthetics.<\/p>\n<p><strong>Optimized Space-Saving Design:<\/strong> These trays feature a tapered, stackable geometry designed for maximum efficiency in storage and transport.<\/p>\n<p><strong>Versatile Applications:<\/strong> These stackable serving plates are ideal for restaurant settings, serving appetizers, fries, chicken nuggets, and more. Their robust design also makes them perfect for the outdoor and camping markets.<\/p>\n<p><strong>Two Classic Colors:<\/strong> Available in matte silver and elegant gold, this collection is designed for modern dining tables, combining minimalist aesthetics with practicality to enhance the overall dining experience and visual appeal.<\/p>\n<p>&nbsp;<\/p>\n<p>\n<script src=\"chrome-extension:\/\/fpelahbljekknahkcaegamhcndkfpfnc\/iFrame.js\" type=\"text\/javascript\"><\/script><\/p>","protected":false},"featured_media":5786,"comment_status":"closed","ping_status":"closed","template":"","meta":{"_acf_changed":false},"product_brand":[],"product_cat":[51,55],"product_tag":[],"class_list":{"0":"post-5785","1":"product","2":"type-product","3":"status-publish","4":"has-post-thumbnail","6":"product_cat-dinnerware","7":"product_cat-dish-and-plate","9":"first","10":"instock","11":"shipping-taxable","12":"product-type-simple"},"acf":[],"_links":{"self":[{"href":"https:\/\/www.purecook.com\/ru\/wp-json\/wp\/v2\/product\/5785","targetHints":{"allow":["GET"]}}],"collection":[{"href":"https:\/\/www.purecook.com\/ru\/wp-json\/wp\/v2\/product"}],"about":[{"href":"https:\/\/www.purecook.com\/ru\/wp-json\/wp\/v2\/types\/product"}],"replies":[{"embeddable":true,"href":"https:\/\/www.purecook.com\/ru\/wp-json\/wp\/v2\/comments?post=5785"}],"wp:featuredmedia":[{"embeddable":true,"href":"https:\/\/www.purecook.com\/ru\/wp-json\/wp\/v2\/media\/5786"}],"wp:attachment":[{"href":"https:\/\/www.purecook.com\/ru\/wp-json\/wp\/v2\/media?parent=5785"}],"wp:term":[{"taxonomy":"product_brand","embeddable":true,"href":"https:\/\/www.purecook.com\/ru\/wp-json\/wp\/v2\/product_brand?post=5785"},{"taxonomy":"product_cat","embeddable":true,"href":"https:\/\/www.purecook.com\/ru\/wp-json\/wp\/v2\/product_cat?post=5785"},{"taxonomy":"product_tag","embeddable":true,"href":"https:\/\/www.purecook.com\/ru\/wp-json\/wp\/v2\/product_tag?post=5785"}],"curies":[{"name":"wp","href":"https:\/\/api.w.org\/{rel}","templated":true}]}}