{"id":2040,"date":"2024-05-16T17:38:14","date_gmt":"2024-05-16T09:38:14","guid":{"rendered":"https:\/\/purecook.com\/?post_type=product&#038;p=2040"},"modified":"2025-11-24T15:39:18","modified_gmt":"2025-11-24T07:39:18","slug":"wholesale-hot-dog-pan","status":"publish","type":"product","link":"https:\/\/www.purecook.com\/zh\/product\/wholesale-hot-dog-pan\/","title":{"rendered":"\u6279\u53d1\u9002\u5408 DIY \u98df\u54c1\u5236\u4f5c\u7684\u98df\u54c1\u7ea7\u4e0d\u9508\u94a2\u70ed\u72d7\u76d8"},"content":{"rendered":"<div class=\"wp-block-columns is-layout-flex wp-container-core-columns-is-layout-9d6595d7 wp-block-columns-is-layout-flex\">\n<div class=\"wp-block-column is-layout-flow wp-block-column-is-layout-flow\">\n<h3 class=\"wp-block-heading\">Parameters of Hot Dog Pan<\/h3>\n\n\n\n<p>Model: Hot Dog pan<br>Material: stainless steel (SUS#304)<br>Product size: 19\u00d711 cm <br>Package size: 19.5\u00d711.5\u00d73.5 cm<br>Finish: Matte<br>Weight: 154g\/pcs<br>\u5305\u88c5\uff1a\u5f69\u76d2<br>MOQ: 120 pcs<\/p>\n<\/div>\n\n\n\n<div class=\"wp-block-column is-layout-flow wp-block-column-is-layout-flow\">\n<h3 class=\"wp-block-heading\">Custom Hot Dog Pan<\/h3>\n\n\n\n<p>\u5fbd\u6807\uff1a\u5b9a\u5236\u60a8\u7684\u54c1\u724c\u5fbd\u6807\u3002.<br><strong><a href=\"https:\/\/www.purecook.com\/zh\/custom-solution\/\" target=\"_blank\" rel=\"noreferrer noopener\">OEM \u548c ODM \u5b9a\u5236\u89e3\u51b3\u65b9\u6848<\/a><\/strong><\/p>\n<\/div>\n<\/div>\n\n\n\n<div class=\"wp-block-columns is-layout-flex wp-container-core-columns-is-layout-9d6595d7 wp-block-columns-is-layout-flex\">\n<div class=\"wp-block-column is-layout-flow wp-block-column-is-layout-flow\">\n<figure class=\"wp-block-image size-full\"><img decoding=\"async\" width=\"800\" height=\"800\" src=\"https:\/\/purecook.com\/wp-content\/uploads\/2024\/05\/wholesale-hot-dog-pan-5.webp\" alt=\"\u70ed\u72d7\u76d8\u6279\u53d1\" class=\"wp-image-2045\" srcset=\"https:\/\/www.purecook.com\/wp-content\/uploads\/2024\/05\/wholesale-hot-dog-pan-5.webp 800w, https:\/\/www.purecook.com\/wp-content\/uploads\/2024\/05\/wholesale-hot-dog-pan-5-300x300.webp 300w, https:\/\/www.purecook.com\/wp-content\/uploads\/2024\/05\/wholesale-hot-dog-pan-5-150x150.webp 150w, https:\/\/www.purecook.com\/wp-content\/uploads\/2024\/05\/wholesale-hot-dog-pan-5-768x768.webp 768w, https:\/\/www.purecook.com\/wp-content\/uploads\/2024\/05\/wholesale-hot-dog-pan-5-600x600.webp 600w, https:\/\/www.purecook.com\/wp-content\/uploads\/2024\/05\/wholesale-hot-dog-pan-5-100x100.webp 100w\" sizes=\"(max-width: 800px) 100vw, 800px\" \/><\/figure>\n<\/div>\n\n\n\n<div class=\"wp-block-column is-layout-flow wp-block-column-is-layout-flow\">\n<figure class=\"wp-block-image size-full\"><img decoding=\"async\" width=\"800\" height=\"800\" src=\"https:\/\/purecook.com\/wp-content\/uploads\/2024\/05\/wholesale-hot-dog-pan-2.webp\" alt=\"\u70ed\u72d7\u76d8\u6279\u53d1\" class=\"wp-image-2042\" srcset=\"https:\/\/www.purecook.com\/wp-content\/uploads\/2024\/05\/wholesale-hot-dog-pan-2.webp 800w, https:\/\/www.purecook.com\/wp-content\/uploads\/2024\/05\/wholesale-hot-dog-pan-2-300x300.webp 300w, https:\/\/www.purecook.com\/wp-content\/uploads\/2024\/05\/wholesale-hot-dog-pan-2-150x150.webp 150w, https:\/\/www.purecook.com\/wp-content\/uploads\/2024\/05\/wholesale-hot-dog-pan-2-768x768.webp 768w, https:\/\/www.purecook.com\/wp-content\/uploads\/2024\/05\/wholesale-hot-dog-pan-2-600x600.webp 600w, https:\/\/www.purecook.com\/wp-content\/uploads\/2024\/05\/wholesale-hot-dog-pan-2-100x100.webp 100w\" sizes=\"(max-width: 800px) 100vw, 800px\" \/><\/figure>\n<\/div>\n<\/div>","protected":false},"excerpt":{"rendered":"<p>\u6279\u53d1\u70ed\u72d7\u9505\u3002\u8fd9\u6b3e\u5bb6\u7528\u70ed\u72d7\u9505\u7531\u98df\u54c1\u7ea7\u4e0d\u9508\u94a2\u5236\u6210\uff0c\u9002\u5408\u5236\u4f5c\u84b8\u86cb\u7cd5\u548c\u70ed\u72d7\u3002\u53cc\u5c42\u8bbe\u8ba1\u4f7f\u9505\u76d6\u548c\u9505\u5e95\u66f4\u5bb9\u6613\u8d34\u5408\uff0c\u4fbf\u4e8e\u98df\u7269\u6210\u578b\u3002.<\/p>\n<h2>\u70ed\u72d7\u76d8\u7684\u7279\u70b9\u548c\u4f18\u70b9<\/h2>\n<p>\u4f18\u8d28\u6750\u6599\uff1a\u7531\u4f18\u8d28\u4e0d\u9508\u94a2\u5236\u6210\uff0c\u7ecf\u4e45\u8010\u7528\uff0c\u8010\u8150\u8680\u3002.<\/p>\n<p>\u53cc\u5c42\u8bbe\u8ba1\uff1a\u70e4\u76d8\u91c7\u7528\u53cc\u5c42\u8bbe\u8ba1\uff0c\u4e0a\u4e0b\u4e24\u90e8\u5206\u66f4\u5bb9\u6613\u8d34\u5408\uff0c\u6709\u5229\u4e8e\u98df\u7269\u6210\u578b\uff0c\u63d0\u9ad8\u751f\u4ea7\u6548\u7387\u3002.<\/p>\n<p>\u591a\u529f\u80fd\u7528\u9014\uff1a\u9002\u5408\u70d8\u7119\u86cb\u7cd5\u3001\u70ed\u72d7\u548c\u5176\u4ed6\u98df\u54c1\u3002.<\/p>\n<p>\u4f7f\u7528\u65b9\u4fbf\uff1a\u5185\u58c1\u7ecf\u8fc7\u629b\u5149\u5904\u7406\uff0c\u98df\u7269\u51fa\u6a21\u65f6\u4e0d\u4f1a\u7834\u88c2\uff0c\u4f7f\u7528\u65b9\u4fbf\u3002.<\/p>","protected":false},"featured_media":2044,"comment_status":"closed","ping_status":"closed","template":"","meta":{"_acf_changed":false},"product_brand":[],"product_cat":[27,107],"product_tag":[],"class_list":{"0":"post-2040","1":"product","2":"type-product","3":"status-publish","4":"has-post-thumbnail","6":"product_cat-bakeware","7":"product_cat-baking-sheet","9":"first","10":"instock","11":"shipping-taxable","12":"product-type-simple"},"acf":[],"_links":{"self":[{"href":"https:\/\/www.purecook.com\/zh\/wp-json\/wp\/v2\/product\/2040","targetHints":{"allow":["GET"]}}],"collection":[{"href":"https:\/\/www.purecook.com\/zh\/wp-json\/wp\/v2\/product"}],"about":[{"href":"https:\/\/www.purecook.com\/zh\/wp-json\/wp\/v2\/types\/product"}],"replies":[{"embeddable":true,"href":"https:\/\/www.purecook.com\/zh\/wp-json\/wp\/v2\/comments?post=2040"}],"wp:featuredmedia":[{"embeddable":true,"href":"https:\/\/www.purecook.com\/zh\/wp-json\/wp\/v2\/media\/2044"}],"wp:attachment":[{"href":"https:\/\/www.purecook.com\/zh\/wp-json\/wp\/v2\/media?parent=2040"}],"wp:term":[{"taxonomy":"product_brand","embeddable":true,"href":"https:\/\/www.purecook.com\/zh\/wp-json\/wp\/v2\/product_brand?post=2040"},{"taxonomy":"product_cat","embeddable":true,"href":"https:\/\/www.purecook.com\/zh\/wp-json\/wp\/v2\/product_cat?post=2040"},{"taxonomy":"product_tag","embeddable":true,"href":"https:\/\/www.purecook.com\/zh\/wp-json\/wp\/v2\/product_tag?post=2040"}],"curies":[{"name":"wp","href":"https:\/\/api.w.org\/{rel}","templated":true}]}}