{"id":2080,"date":"2024-05-17T11:21:45","date_gmt":"2024-05-17T03:21:45","guid":{"rendered":"https:\/\/purecook.com\/?post_type=product&#038;p=2080"},"modified":"2025-04-27T17:39:33","modified_gmt":"2025-04-27T09:39:33","slug":"wholesale-cooking-pot-set","status":"publish","type":"product","link":"https:\/\/www.purecook.com\/zh\/product\/wholesale-cooking-pot-set\/","title":{"rendered":"\u6279\u53d1\u70f9\u996a\u9505\u5957\u88c5 3 \u4ef6\u5957 \u4e0d\u9508\u94a2\u65e0\u6d82\u5c42\u70f9\u996a 1.8L+2.4L+3.8L"},"content":{"rendered":"<div class=\"wp-block-columns is-layout-flex wp-container-core-columns-is-layout-9d6595d7 wp-block-columns-is-layout-flex\">\n<div class=\"wp-block-column is-layout-flow wp-block-column-is-layout-flow\">\n<h3 class=\"wp-block-heading\">\u70f9\u996a\u9505\u5957\u88c5\u53c2\u6570<\/h3>\n\n\n\n<p><strong>Model Number: MLTG003P<\/strong><br>\u6750\u6599\uff1a\u4e0d\u9508\u94a2<br>Cover: glass cover<br>Handle and lid knob: painted stainless steel<br>size\uff1a1.8L+2.4L+3.8L<br>Specifications: 16\u00d79 cm crock pot + 18\u00d710 cm milk pot + 24\u00d78 cm casserole dish<br>Weight: 1.52-1.84 kg\/pc.<br>Base Inductive composite base (SUS + 2 mm aluminum + SUS)<br>weight: 2kg\/pcs     6kg\/set<br>\u5fbd\u6807\u5b9a\u5236\u5fbd\u6807<br>Packaging: color box<br>MOQ: 500 \u4ef6<\/p>\n<\/div>\n\n\n\n<div class=\"wp-block-column is-layout-flow wp-block-column-is-layout-flow\">\n<h3 class=\"wp-block-heading\">Custom  Cooking Pots Set<\/h3>\n\n\n\n<p>Logo: customized logo<br>\u5305\u88c5\uff1a\u5f69\u76d2\/\u7eb8\u7bb1\u7b49<br>Color: customizable<br>Material: customizable<br>MOQ: 1000 pcs<br><strong><a href=\"https:\/\/www.purecook.com\/zh\/custom-solution\/\" target=\"_blank\" rel=\"noreferrer noopener\">OEM \u548c ODM \u5b9a\u5236\u89e3\u51b3\u65b9\u6848<\/a><\/strong><\/p>\n<\/div>\n<\/div>\n\n\n\n<div class=\"wp-block-columns is-layout-flex wp-container-core-columns-is-layout-9d6595d7 wp-block-columns-is-layout-flex\">\n<div class=\"wp-block-column is-layout-flow wp-block-column-is-layout-flow\">\n<figure class=\"wp-block-image size-full\"><img decoding=\"async\" width=\"1000\" height=\"1000\" src=\"https:\/\/purecook.com\/wp-content\/uploads\/2024\/05\/wholesale-cooking-pots-set-3.webp\" alt=\"\u6279\u53d1\u9505\u5177\" class=\"wp-image-2083\" srcset=\"https:\/\/www.purecook.com\/wp-content\/uploads\/2024\/05\/wholesale-cooking-pots-set-3.webp 1000w, https:\/\/www.purecook.com\/wp-content\/uploads\/2024\/05\/wholesale-cooking-pots-set-3-300x300.webp 300w, https:\/\/www.purecook.com\/wp-content\/uploads\/2024\/05\/wholesale-cooking-pots-set-3-150x150.webp 150w, https:\/\/www.purecook.com\/wp-content\/uploads\/2024\/05\/wholesale-cooking-pots-set-3-768x768.webp 768w, https:\/\/www.purecook.com\/wp-content\/uploads\/2024\/05\/wholesale-cooking-pots-set-3-600x600.webp 600w, https:\/\/www.purecook.com\/wp-content\/uploads\/2024\/05\/wholesale-cooking-pots-set-3-100x100.webp 100w\" sizes=\"(max-width: 1000px) 100vw, 1000px\" \/><\/figure>\n<\/div>\n\n\n\n<div class=\"wp-block-column is-layout-flow wp-block-column-is-layout-flow\">\n<figure class=\"wp-block-image size-full\"><img decoding=\"async\" width=\"1000\" height=\"1000\" src=\"https:\/\/purecook.com\/wp-content\/uploads\/2024\/05\/wholesale-cooking-pots-set-4.webp\" alt=\"\u6279\u53d1\u9505\u5177\" class=\"wp-image-2084\" srcset=\"https:\/\/www.purecook.com\/wp-content\/uploads\/2024\/05\/wholesale-cooking-pots-set-4.webp 1000w, https:\/\/www.purecook.com\/wp-content\/uploads\/2024\/05\/wholesale-cooking-pots-set-4-300x300.webp 300w, https:\/\/www.purecook.com\/wp-content\/uploads\/2024\/05\/wholesale-cooking-pots-set-4-150x150.webp 150w, https:\/\/www.purecook.com\/wp-content\/uploads\/2024\/05\/wholesale-cooking-pots-set-4-768x768.webp 768w, https:\/\/www.purecook.com\/wp-content\/uploads\/2024\/05\/wholesale-cooking-pots-set-4-600x600.webp 600w, https:\/\/www.purecook.com\/wp-content\/uploads\/2024\/05\/wholesale-cooking-pots-set-4-100x100.webp 100w\" sizes=\"(max-width: 1000px) 100vw, 1000px\" \/><\/figure>\n<\/div>\n<\/div>","protected":false},"excerpt":{"rendered":"<p>wholesale\u00a0 cooking pots set.It has excellent performance, the uniquely designed triple impact bonded bottom ensures uniformity and efficiency of cooking, and the ergonomic cookware handle makes it more comfortable to hold. Suitable for all types of stoves.<\/p>\n<h2>Feature and Benefits of Cooking Pots Set<\/h2>\n<p>PURECOOK kitchenware manufacturer&#8217;s cookware is available in a variety of speckled colors to add a little warmth to your kitchen.<\/p>\n<p><strong>Easy to handle<\/strong>:Comfortable, sturdy color-coordinated handles and glass lids make it easy to move these cookware around your kitchen.<\/p>\n<p><strong>Durable Stainless Steel<\/strong>:Stainless steel cooking pots and pans have a mirror-polished cooking surface with a star-shaped finish that is non-stick and easy to maintain and won&#8217;t react with food.<\/p>\n<p><strong>Triple impact bonded bottom<\/strong>:Stainless steel cookware is infused with ultra-strong aluminum between two layers of stainless steel to ensure even cooking.Ensures even and fast cooking or heat dissipation.<\/p>\n<p><strong>Ergonomic Cookware Handles<\/strong>:Ergonomically designed handles feature a non-slip satin finish with stainless steel rivets and an anti-scald feature for a comfortable grip and tight lid.<\/p>\n<p><strong>Compatible with all heat sources<\/strong>:Suitable for all heat sources, including induction, gas, electric, glass, and ceramic; dishwasher safe.<\/p>","protected":false},"featured_media":2082,"comment_status":"closed","ping_status":"closed","template":"","meta":{"_acf_changed":false},"product_brand":[],"product_cat":[24,69],"product_tag":[98],"class_list":{"0":"post-2080","1":"product","2":"type-product","3":"status-publish","4":"has-post-thumbnail","6":"product_cat-cookware","7":"product_cat-cookware-sets","8":"product_tag-wholesale-home-cookware","10":"first","11":"instock","12":"shipping-taxable","13":"product-type-simple"},"acf":[],"_links":{"self":[{"href":"https:\/\/www.purecook.com\/zh\/wp-json\/wp\/v2\/product\/2080","targetHints":{"allow":["GET"]}}],"collection":[{"href":"https:\/\/www.purecook.com\/zh\/wp-json\/wp\/v2\/product"}],"about":[{"href":"https:\/\/www.purecook.com\/zh\/wp-json\/wp\/v2\/types\/product"}],"replies":[{"embeddable":true,"href":"https:\/\/www.purecook.com\/zh\/wp-json\/wp\/v2\/comments?post=2080"}],"wp:featuredmedia":[{"embeddable":true,"href":"https:\/\/www.purecook.com\/zh\/wp-json\/wp\/v2\/media\/2082"}],"wp:attachment":[{"href":"https:\/\/www.purecook.com\/zh\/wp-json\/wp\/v2\/media?parent=2080"}],"wp:term":[{"taxonomy":"product_brand","embeddable":true,"href":"https:\/\/www.purecook.com\/zh\/wp-json\/wp\/v2\/product_brand?post=2080"},{"taxonomy":"product_cat","embeddable":true,"href":"https:\/\/www.purecook.com\/zh\/wp-json\/wp\/v2\/product_cat?post=2080"},{"taxonomy":"product_tag","embeddable":true,"href":"https:\/\/www.purecook.com\/zh\/wp-json\/wp\/v2\/product_tag?post=2080"}],"curies":[{"name":"wp","href":"https:\/\/api.w.org\/{rel}","templated":true}]}}