{"id":2092,"date":"2024-05-17T12:34:32","date_gmt":"2024-05-17T04:34:32","guid":{"rendered":"https:\/\/purecook.com\/?post_type=product&#038;p=2092"},"modified":"2025-04-27T17:38:47","modified_gmt":"2025-04-27T09:38:47","slug":"wholesale-cookware-set-stainless-stee","status":"publish","type":"product","link":"https:\/\/www.purecook.com\/zh\/product\/wholesale-cookware-set-stainless-stee\/","title":{"rendered":"\u5b9a\u5236\u53a8\u5177\u5957\u88c5\u6279\u53d1 \u7531\u4f18\u8d28\u4e0d\u9508\u94a2\u5236\u6210 \u73af\u4fdd\u65e0\u6d82\u5c42"},"content":{"rendered":"<div class=\"wp-block-columns is-layout-flex wp-container-core-columns-is-layout-9d6595d7 wp-block-columns-is-layout-flex\">\n<div class=\"wp-block-column is-layout-flow wp-block-column-is-layout-flow\">\n<h3 class=\"wp-block-heading\">\u708a\u5177\u5957\u88c5\u53c2\u6570<\/h3>\n\n\n\n<p><strong>Model Number:HH-191126<\/strong><br><strong>Name:fry and soup pot<\/strong><br>Type: Soup Stock Pots<br>Place of Origin: Guangdong,China<br>Applicable Stove:General Use for Gas and Induction Cooker<br>Lid:Stainless Steel Lid<br>Weight: 3kg\/pcs<br>MOQ: 500Pcs<br>Handle Material: Steinless Steel<br>Usage: Cooking Food<br>Bottom: Sandwich induction Bottom<br>Stainless Steel: 201\/304<br>Logo: Customize Logo<\/p>\n<\/div>\n\n\n\n<div class=\"wp-block-column is-layout-flow wp-block-column-is-layout-flow\">\n<h3 class=\"wp-block-heading\">Size of Cookware Set<\/h3>\n\n\n\n<div class=\"wp-block-columns is-layout-flex wp-container-core-columns-is-layout-9d6595d7 wp-block-columns-is-layout-flex\">\n<div class=\"wp-block-column is-layout-flow wp-block-column-is-layout-flow\">\n<p><strong>diameter\u00d7height<\/strong>            <br>16\u00d79cm   Saucepan   <br>18\u00d710cm Casserole<br>20\u00d711cm Casserole<br>24\u00d78cm   Low casserole<br>24\u00d713cm Casserole<br>28\u00d715cm Casserole<br>22\u00d712cm Casserole<br>26\u00d714cm Casserole<br>26\u00d78cm   Low casserole<\/p>\n<\/div>\n\n\n\n<div class=\"wp-block-column is-layout-flow wp-block-column-is-layout-flow\">\n<p><strong>outer size<\/strong><br>18\u00d79cm<br>20\u00d710cm<br>22\u00d711cm<br>26\u00d78cm<br>26\u00d713cm<br>30\u00d715cm<br>24\u00d712cm<br>28\u00d714cm<br>28\u00d78cm<\/p>\n<\/div>\n<\/div>\n<\/div>\n<\/div>\n\n\n\n<h3 class=\"wp-block-heading\">\u5b9a\u5236\u708a\u5177\u5957\u88c5<\/h3>\n\n\n\n<p>Material:201\/304 stainless steel<br>\u5fbd\u6807\uff1a\u5b9a\u5236\u60a8\u7684\u54c1\u724c\u5fbd\u6807<br>\u5305\u88c5\uff1a\u5f69\u76d2\/\u7eb8\u7bb1\u7b49<br>\u56fe\u6848\u81ea\u5b9a\u4e49\u56fe\u6848<br>MOQ: 2000 \u4ef6<br><strong><a href=\"https:\/\/www.purecook.com\/zh\/custom-solution\/\" target=\"_blank\" rel=\"noreferrer noopener\">OEM \u548c ODM \u5b9a\u5236\u89e3\u51b3\u65b9\u6848<\/a><\/strong><\/p>\n\n\n\n<div class=\"wp-block-columns is-layout-flex wp-container-core-columns-is-layout-9d6595d7 wp-block-columns-is-layout-flex\">\n<div class=\"wp-block-column is-layout-flow wp-block-column-is-layout-flow\">\n<figure class=\"wp-block-image size-full\"><img decoding=\"async\" width=\"1000\" height=\"1000\" src=\"https:\/\/purecook.com\/wp-content\/uploads\/2024\/05\/custom-cookware-sets-2.webp\" alt=\"\u5b9a\u5236\u9505\u5177\u6279\u53d1\" class=\"wp-image-2094\" srcset=\"https:\/\/www.purecook.com\/wp-content\/uploads\/2024\/05\/custom-cookware-sets-2.webp 1000w, https:\/\/www.purecook.com\/wp-content\/uploads\/2024\/05\/custom-cookware-sets-2-300x300.webp 300w, https:\/\/www.purecook.com\/wp-content\/uploads\/2024\/05\/custom-cookware-sets-2-150x150.webp 150w, https:\/\/www.purecook.com\/wp-content\/uploads\/2024\/05\/custom-cookware-sets-2-768x768.webp 768w, https:\/\/www.purecook.com\/wp-content\/uploads\/2024\/05\/custom-cookware-sets-2-600x600.webp 600w, https:\/\/www.purecook.com\/wp-content\/uploads\/2024\/05\/custom-cookware-sets-2-100x100.webp 100w\" sizes=\"(max-width: 1000px) 100vw, 1000px\" \/><\/figure>\n<\/div>\n\n\n\n<div class=\"wp-block-column is-layout-flow wp-block-column-is-layout-flow\">\n<figure class=\"wp-block-image size-full\"><img decoding=\"async\" width=\"1000\" height=\"1000\" src=\"https:\/\/purecook.com\/wp-content\/uploads\/2024\/05\/custom-cookware-sets-5.webp\" alt=\"\u5b9a\u5236\u9505\u5177\u6279\u53d1\" class=\"wp-image-2097\" srcset=\"https:\/\/www.purecook.com\/wp-content\/uploads\/2024\/05\/custom-cookware-sets-5.webp 1000w, https:\/\/www.purecook.com\/wp-content\/uploads\/2024\/05\/custom-cookware-sets-5-300x300.webp 300w, https:\/\/www.purecook.com\/wp-content\/uploads\/2024\/05\/custom-cookware-sets-5-150x150.webp 150w, https:\/\/www.purecook.com\/wp-content\/uploads\/2024\/05\/custom-cookware-sets-5-768x768.webp 768w, https:\/\/www.purecook.com\/wp-content\/uploads\/2024\/05\/custom-cookware-sets-5-600x600.webp 600w, https:\/\/www.purecook.com\/wp-content\/uploads\/2024\/05\/custom-cookware-sets-5-100x100.webp 100w\" sizes=\"(max-width: 1000px) 100vw, 1000px\" \/><\/figure>\n<\/div>\n<\/div>","protected":false},"excerpt":{"rendered":"<p>Custom cookware set wholesale.Made of high-quality stainless steel, durable and easy to clean, with ergonomic designs in multiple areas, making the cooking process more convenient. With a three-layer steel adhesive bottom, it is efficient and evenly heated when cooking food, making it suitable for both home kitchens and commercial restaurants.<\/p>\n<h2>Feature and Benefits of Cookware Set<\/h2>\n<p>PURECOOK cookware is available in a variety of speckled colors to add a little warmth to your kitchen.<\/p>\n<p><strong>Easy to handle<\/strong>:Comfortable, sturdy color-coordinated handles and glass lids make it easy to move these cookware around your kitchen.<\/p>\n<p><strong>Durable stainless steel<\/strong>:Stainless steel cooking pots and pans with mirror-polished cooking surfaces with a star finish are non-stick and easy to maintain, and won&#8217;t react with food.<\/p>\n<p><strong>Triple-layer impact-resistant bonded bottom: <\/strong>Stainless steel cookware is infused with ultra-strong aluminum between two layers of stainless steel to ensure even cooking.<\/p>","protected":false},"featured_media":2097,"comment_status":"closed","ping_status":"closed","template":"","meta":{"_acf_changed":false},"product_brand":[],"product_cat":[24,69],"product_tag":[98],"class_list":{"0":"post-2092","1":"product","2":"type-product","3":"status-publish","4":"has-post-thumbnail","6":"product_cat-cookware","7":"product_cat-cookware-sets","8":"product_tag-wholesale-home-cookware","10":"first","11":"instock","12":"shipping-taxable","13":"product-type-simple"},"acf":[],"_links":{"self":[{"href":"https:\/\/www.purecook.com\/zh\/wp-json\/wp\/v2\/product\/2092","targetHints":{"allow":["GET"]}}],"collection":[{"href":"https:\/\/www.purecook.com\/zh\/wp-json\/wp\/v2\/product"}],"about":[{"href":"https:\/\/www.purecook.com\/zh\/wp-json\/wp\/v2\/types\/product"}],"replies":[{"embeddable":true,"href":"https:\/\/www.purecook.com\/zh\/wp-json\/wp\/v2\/comments?post=2092"}],"wp:featuredmedia":[{"embeddable":true,"href":"https:\/\/www.purecook.com\/zh\/wp-json\/wp\/v2\/media\/2097"}],"wp:attachment":[{"href":"https:\/\/www.purecook.com\/zh\/wp-json\/wp\/v2\/media?parent=2092"}],"wp:term":[{"taxonomy":"product_brand","embeddable":true,"href":"https:\/\/www.purecook.com\/zh\/wp-json\/wp\/v2\/product_brand?post=2092"},{"taxonomy":"product_cat","embeddable":true,"href":"https:\/\/www.purecook.com\/zh\/wp-json\/wp\/v2\/product_cat?post=2092"},{"taxonomy":"product_tag","embeddable":true,"href":"https:\/\/www.purecook.com\/zh\/wp-json\/wp\/v2\/product_tag?post=2092"}],"curies":[{"name":"wp","href":"https:\/\/api.w.org\/{rel}","templated":true}]}}