{"id":2664,"date":"2024-06-24T07:03:20","date_gmt":"2024-06-23T23:03:20","guid":{"rendered":"https:\/\/www.purecook.com\/?post_type=product&#038;p=2664"},"modified":"2024-06-24T07:20:43","modified_gmt":"2024-06-23T23:20:43","slug":"portable-custom-food-storage-containers-with-bag-wholesale","status":"publish","type":"product","link":"https:\/\/www.purecook.com\/zh\/product\/portable-custom-food-storage-containers-with-bag-wholesale\/","title":{"rendered":"\u4fbf\u643a\u5f0f\u5b9a\u5236\u98df\u54c1\u50a8\u5b58\u5bb9\u5668\uff08\u5e26\u5305\u88c5\u888b\uff09\u6279\u53d1"},"content":{"rendered":"<div class=\"wp-block-columns is-layout-flex wp-container-core-columns-is-layout-9d6595d7 wp-block-columns-is-layout-flex\">\n<div class=\"wp-block-column is-layout-flow wp-block-column-is-layout-flow\">\n<h3 class=\"wp-block-heading\">Parameters of Food Storage Containers<\/h3>\n\n\n\n<p>Name: Portable lunch box Portable lunch box<br>Material: 304 stainless steel+PP<br>Usage: Food storage<br>Color: Blue, Beige, Brown<br>Lid: Plastic lid<br>Logo: Customizable logo<br>Capacity 420ml\/620ml; 14\/21 oz.<br>Features: Portable<br>420ml: 10.5\u00d76cm 620ml: 10.5\u00d78.5cm<br>Square insulation bag: 24.5\u00d714.5\u00d714cm<br>Cylindrical insulation bag: 14\u00d714.5cm<\/p>\n\n\n\n<p><br>MOQ: 1000 pcs<\/p>\n<\/div>\n\n\n\n<div class=\"wp-block-column is-layout-flow wp-block-column-is-layout-flow\">\n<h3 class=\"wp-block-heading\">Customized Food Storage Container Options<\/h3>\n\n\n\n<p>\u5fbd\u6807\uff1a\u5b9a\u5236\u60a8\u7684\u54c1\u724c\u5fbd\u6807<br>\u5305\u88c5\uff1a\u5f69\u76d2\/\u7eb8\u7bb1\u7b49<br>MOQ: 1000 \u4ef6<br><strong><a href=\"https:\/\/www.purecook.com\/zh\/custom-solution\/\" target=\"_blank\" rel=\"noreferrer noopener\">OEM \u548c ODM \u5b9a\u5236\u6405\u62cc\u7897\u89e3\u51b3\u65b9\u6848<\/a><\/strong><\/p>\n<\/div>\n<\/div>\n\n\n\n<div class=\"wp-block-columns is-layout-flex wp-container-core-columns-is-layout-9d6595d7 wp-block-columns-is-layout-flex\">\n<div class=\"wp-block-column is-layout-flow wp-block-column-is-layout-flow\">\n<figure class=\"wp-block-image size-full\"><img decoding=\"async\" width=\"800\" height=\"800\" src=\"https:\/\/www.purecook.com\/wp-content\/uploads\/2024\/06\/custom-food-storage-containers-wholesale-1.webp\" alt=\"\u5b9a\u5236\u98df\u54c1\u50a8\u5b58\u5bb9\u5668\u6279\u53d1\" class=\"wp-image-2665\" srcset=\"https:\/\/www.purecook.com\/wp-content\/uploads\/2024\/06\/custom-food-storage-containers-wholesale-1.webp 800w, https:\/\/www.purecook.com\/wp-content\/uploads\/2024\/06\/custom-food-storage-containers-wholesale-1-300x300.webp 300w, https:\/\/www.purecook.com\/wp-content\/uploads\/2024\/06\/custom-food-storage-containers-wholesale-1-150x150.webp 150w, https:\/\/www.purecook.com\/wp-content\/uploads\/2024\/06\/custom-food-storage-containers-wholesale-1-768x768.webp 768w, https:\/\/www.purecook.com\/wp-content\/uploads\/2024\/06\/custom-food-storage-containers-wholesale-1-600x600.webp 600w, https:\/\/www.purecook.com\/wp-content\/uploads\/2024\/06\/custom-food-storage-containers-wholesale-1-100x100.webp 100w\" sizes=\"(max-width: 800px) 100vw, 800px\" \/><\/figure>\n<\/div>\n\n\n\n<div class=\"wp-block-column is-layout-flow wp-block-column-is-layout-flow\">\n<figure class=\"wp-block-image size-full\"><img decoding=\"async\" width=\"800\" height=\"800\" src=\"https:\/\/www.purecook.com\/wp-content\/uploads\/2024\/06\/custom-food-storage-containers-wholesale-2.webp\" alt=\"\u5b9a\u5236\u98df\u54c1\u50a8\u5b58\u5bb9\u5668\u6279\u53d1\" class=\"wp-image-2666\" srcset=\"https:\/\/www.purecook.com\/wp-content\/uploads\/2024\/06\/custom-food-storage-containers-wholesale-2.webp 800w, https:\/\/www.purecook.com\/wp-content\/uploads\/2024\/06\/custom-food-storage-containers-wholesale-2-300x300.webp 300w, https:\/\/www.purecook.com\/wp-content\/uploads\/2024\/06\/custom-food-storage-containers-wholesale-2-150x150.webp 150w, https:\/\/www.purecook.com\/wp-content\/uploads\/2024\/06\/custom-food-storage-containers-wholesale-2-768x768.webp 768w, https:\/\/www.purecook.com\/wp-content\/uploads\/2024\/06\/custom-food-storage-containers-wholesale-2-600x600.webp 600w, https:\/\/www.purecook.com\/wp-content\/uploads\/2024\/06\/custom-food-storage-containers-wholesale-2-100x100.webp 100w\" sizes=\"(max-width: 800px) 100vw, 800px\" \/><\/figure>\n<\/div>\n<\/div>","protected":false},"excerpt":{"rendered":"<p>Purecook is a food storage container manufacturer, our food storage container is made of high-quality stainless steel, easy to clean and durable, lightweight design, with a stylish small backpack, more convenient to carry, the lid is very good sealing, will not leak, we provide wholesale food storage container services, and provide customized food storage container solutions, welcome to purchase, please feel free to contact us.<\/p>\n<h2>Feature and Benefits of\u00a0 Food Storage Container<\/h2>\n<p><strong>High-quality material<\/strong>: Made of sus304 stainless steel, sturdy and corrosion-resistant, ensuring food safety and pollution-free, long-lasting.<\/p>\n<p><strong>Multi-capacity options<\/strong>: Provide 14 oz and 21 oz capacity options to meet different food storage needs and adapt to various outdoor activity scenarios.<\/p>\n<p><strong>\u4fbf\u643a\u5f0f\u8bbe\u8ba1<\/strong>: Lightweight and easy to carry, designed for outdoor parties, camping and take-outs, comes with a portable bag for easy carrying, making it easy to take food with you wherever you go.<\/p>\n<p><strong>Good sealing performance:<\/strong> Each food storage box is equipped with a sealing lid to ensure freshness and no leakage of food, preventing odors from mixing and maintaining the original flavor of food.<\/p>\n<p><strong>Japanese style<\/strong>: Simple and stylish japanese design with elegant appearance is both practical and aesthetically pleasing, which enhances the dining experience and is the highlight of outdoor activities.<\/p>\n<p><strong>\u591a\u529f\u80fd\u7528\u9014<\/strong>: Not only suitable for outdoor activities, but also for daily use, such as office lunch, school lunchbox, home storage, etc., a wide range of uses.<\/p>\n<p><strong>\u6613\u4e8e\u6e05\u6d01<\/strong>: Stainless steel material makes cleaning more convenient, stain-resistant, not easy to leave food residue, hand washing or dishwasher cleaning can be, save time and labor.<\/p>\n<p><strong>Environmentally friendly and healthy<\/strong>: Free of harmful substances, ensuring that food remains healthy and safe during storage, ideal for environmental protection and healthy living.<\/p>\n<p><strong><a href=\"https:\/\/www.purecook.com\/zh\/custom-solution\/\" target=\"_blank\" rel=\"noopener\">Offering OEM &amp; ODM customized food storage containers.<\/a><\/strong><\/p>\n<p>&nbsp;<\/p>","protected":false},"featured_media":2667,"comment_status":"closed","ping_status":"closed","template":"","meta":{"_acf_changed":false},"product_brand":[],"product_cat":[51,25],"product_tag":[],"class_list":{"0":"post-2664","1":"product","2":"type-product","3":"status-publish","4":"has-post-thumbnail","6":"product_cat-dinnerware","7":"product_cat-food-storage","9":"first","10":"instock","11":"shipping-taxable","12":"product-type-simple"},"acf":[],"_links":{"self":[{"href":"https:\/\/www.purecook.com\/zh\/wp-json\/wp\/v2\/product\/2664","targetHints":{"allow":["GET"]}}],"collection":[{"href":"https:\/\/www.purecook.com\/zh\/wp-json\/wp\/v2\/product"}],"about":[{"href":"https:\/\/www.purecook.com\/zh\/wp-json\/wp\/v2\/types\/product"}],"replies":[{"embeddable":true,"href":"https:\/\/www.purecook.com\/zh\/wp-json\/wp\/v2\/comments?post=2664"}],"wp:featuredmedia":[{"embeddable":true,"href":"https:\/\/www.purecook.com\/zh\/wp-json\/wp\/v2\/media\/2667"}],"wp:attachment":[{"href":"https:\/\/www.purecook.com\/zh\/wp-json\/wp\/v2\/media?parent=2664"}],"wp:term":[{"taxonomy":"product_brand","embeddable":true,"href":"https:\/\/www.purecook.com\/zh\/wp-json\/wp\/v2\/product_brand?post=2664"},{"taxonomy":"product_cat","embeddable":true,"href":"https:\/\/www.purecook.com\/zh\/wp-json\/wp\/v2\/product_cat?post=2664"},{"taxonomy":"product_tag","embeddable":true,"href":"https:\/\/www.purecook.com\/zh\/wp-json\/wp\/v2\/product_tag?post=2664"}],"curies":[{"name":"wp","href":"https:\/\/api.w.org\/{rel}","templated":true}]}}