{"id":843,"date":"2025-07-26T17:11:17","date_gmt":"2024-04-12T09:11:06","guid":{"rendered":"https:\/\/purecook.com\/?post_type=product&#038;p=843"},"modified":"2025-11-24T15:03:56","modified_gmt":"2025-11-24T07:03:56","slug":"wholesale-custom-mini-alcohol-stove","status":"publish","type":"product","link":"https:\/\/www.purecook.com\/zh\/product\/wholesale-custom-mini-alcohol-stove\/","title":{"rendered":"\u6279\u53d1\u4f7f\u7528\u9152\u7cbe\u71c3\u6599\u3001\u5177\u6709\u7269\u7406\u4e0d\u7c98\u8868\u9762\u7684\u8ff7\u4f60\u70e7\u70e4\u7089"},"content":{"rendered":"<div class=\"wp-block-columns is-layout-flex wp-container-core-columns-is-layout-9d6595d7 wp-block-columns-is-layout-flex\">\n<div class=\"wp-block-column is-layout-flow wp-block-column-is-layout-flow\">\n<h3 class=\"wp-block-heading\">Parameters of Mini BBQ Grills<\/h3>\n\n\n\n<p><strong>\u578b\u53f7\u739b\u4e3d\u5a1c<\/strong><br><strong>\u6750\u6599<\/strong> \u4e0d\u9508\u94a2<br><strong>Baking Pan:<\/strong> 2mm tri-ply stainless steel<br>(SS304+ALU+SS430) <br>With WhitFord xylan plus waterborne coating<br><strong>Stove: <\/strong>0.5mm SUS 201<br><strong>Base:<\/strong> 15mm beech wood<br><strong>Type:<\/strong> 8\/9cm High<\/p>\n\n\n\n<ul class=\"wp-block-list\">\n<li><strong>Type1<\/strong><br>\u91cd\u91cf<strong> <\/strong>600g<br>Baking Pan: 19.6\u00d717.4\u00d72.4cm<br>Stove Base:<strong> <\/strong>13.2\u00d713.2\u00d78.2cm<br><strong>Base: <\/strong>13\u00d713\u00d71.5cm<\/li>\n\n\n\n<li><strong>Type2<\/strong><br>\u91cd\u91cf<strong> <\/strong>675g<br>Baking Pan: 19.6\u00d717.4\u00d72.4cm<br>Stove Base: 13.2\u00d713.2\u00d79.5cm<br>Base: 13\u00d713\u00d71.5cm<\/li>\n<\/ul>\n<\/div>\n\n\n\n<div class=\"wp-block-column is-layout-flow wp-block-column-is-layout-flow\">\n<h3 class=\"wp-block-heading\">Custom Mini BBQ Grills<\/h3>\n\n\n\n<p>Elevate your catering business with our unlimited customization options and innovative <br>Type: type1 \/ type2<br>Package: color box\/carton, etc<br><strong><a href=\"https:\/\/www.purecook.com\/zh\/custom-solution\/\" target=\"_blank\" rel=\"noreferrer noopener\">OEM &amp; ODM Custom BBQ Grill Solutions <\/a><\/strong><\/p>\n<\/div>\n<\/div>\n\n\n\n<div class=\"wp-block-columns is-layout-flex wp-container-core-columns-is-layout-9d6595d7 wp-block-columns-is-layout-flex\">\n<div class=\"wp-block-column is-layout-flow wp-block-column-is-layout-flow\">\n<figure class=\"wp-block-image size-full\"><img decoding=\"async\" width=\"800\" height=\"800\" src=\"https:\/\/www.purecook.com\/wp-content\/uploads\/2024\/04\/wholesale-mini-bbq-grills-1.webp\" alt=\"wholesale mini bbq grills (1)\" class=\"wp-image-4201\" srcset=\"https:\/\/www.purecook.com\/wp-content\/uploads\/2024\/04\/wholesale-mini-bbq-grills-1.webp 800w, https:\/\/www.purecook.com\/wp-content\/uploads\/2024\/04\/wholesale-mini-bbq-grills-1-300x300.webp 300w, https:\/\/www.purecook.com\/wp-content\/uploads\/2024\/04\/wholesale-mini-bbq-grills-1-150x150.webp 150w, https:\/\/www.purecook.com\/wp-content\/uploads\/2024\/04\/wholesale-mini-bbq-grills-1-768x768.webp 768w, https:\/\/www.purecook.com\/wp-content\/uploads\/2024\/04\/wholesale-mini-bbq-grills-1-12x12.webp 12w, https:\/\/www.purecook.com\/wp-content\/uploads\/2024\/04\/wholesale-mini-bbq-grills-1-600x600.webp 600w, https:\/\/www.purecook.com\/wp-content\/uploads\/2024\/04\/wholesale-mini-bbq-grills-1-100x100.webp 100w\" sizes=\"(max-width: 800px) 100vw, 800px\" \/><\/figure>\n<\/div>\n\n\n\n<div class=\"wp-block-column is-layout-flow wp-block-column-is-layout-flow\">\n<figure class=\"wp-block-image size-full\"><img decoding=\"async\" width=\"800\" height=\"800\" src=\"https:\/\/www.purecook.com\/wp-content\/uploads\/2024\/04\/wholesale-mini-bbq-grills-3.webp\" alt=\"wholesale mini bbq grills (3)\" class=\"wp-image-4203\" srcset=\"https:\/\/www.purecook.com\/wp-content\/uploads\/2024\/04\/wholesale-mini-bbq-grills-3.webp 800w, https:\/\/www.purecook.com\/wp-content\/uploads\/2024\/04\/wholesale-mini-bbq-grills-3-300x300.webp 300w, https:\/\/www.purecook.com\/wp-content\/uploads\/2024\/04\/wholesale-mini-bbq-grills-3-150x150.webp 150w, https:\/\/www.purecook.com\/wp-content\/uploads\/2024\/04\/wholesale-mini-bbq-grills-3-768x768.webp 768w, https:\/\/www.purecook.com\/wp-content\/uploads\/2024\/04\/wholesale-mini-bbq-grills-3-12x12.webp 12w, https:\/\/www.purecook.com\/wp-content\/uploads\/2024\/04\/wholesale-mini-bbq-grills-3-600x600.webp 600w, https:\/\/www.purecook.com\/wp-content\/uploads\/2024\/04\/wholesale-mini-bbq-grills-3-100x100.webp 100w\" sizes=\"(max-width: 800px) 100vw, 800px\" \/><\/figure>\n<\/div>\n<\/div>","protected":false},"excerpt":{"rendered":"<p>\u6279\u53d1\u8ff7\u4f60\u70e7\u70e4\u67b6\u3002\u8ff7\u4f60\u70e7\u70e4\u67b6\u91c7\u7528\u4e0d\u9508\u94a2\u5e95\u5ea7\u3001\u6989\u6728\u6258\u76d8\u548c\u7269\u7406\u4e0d\u7c98\u8868\u9762\u3002\u5b83\u9002\u7528\u4e8e\u5355\u4eba\u7528\u9910\u3001\u793e\u4ea4\u805a\u4f1a\u548c\u6237\u5916\u6d3b\u52a8\u3002\u5b83\u80fd\u4e3a\u7528\u6237\u63d0\u4f9b\u5c11\u6cb9\u4f4e\u70df\u7684\u9ad8\u54c1\u8d28\u70f9\u996a\u4f53\u9a8c\u3002\u5de5\u5382\u76f4\u9500\uff0c\u6279\u53d1\u4ef7\u4f9b\u8d27\uff0c\u6b22\u8fce\u8054\u7cfb\u6211\u4eec\u3002.<\/p>\n<h3>\u8ff7\u4f60\u70e7\u70e4\u67b6\u7684\u529f\u80fd\u548c\u4f18\u70b9<\/h3>\n<p><strong>\u7f50\u88c5\u9152\u7cbe\u71c3\u6599<\/strong> \u8ff7\u4f60\u70e7\u70e4\u7089\u4f7f\u7528\u9152\u7cbe\u71c3\u6599\uff0c\u70ed\u91cf\u96c6\u4e2d\u7a33\u5b9a\uff0c\u70df\u96fe\u6781\u5c11\uff0c\u975e\u5e38\u9002\u5408\u70e4\u8089\u3002.<\/p>\n<p><strong>\u7269\u7406\u4e0d\u7c98<\/strong> \u8ff7\u4f60\u70e7\u70e4\u67b6\u6709\u72ec\u7279\u7684\u9c7c\u9cde\u7eb9\u7406\u4e0d\u7c98\u8868\u9762\uff0c\u70f9\u996a\u65f6\u53ea\u9700\u5c11\u91cf\u6cb9\uff0c\u8ba9\u60a8\u4eab\u53d7\u4e13\u4e1a\u7684\u70e7\u70e4\u4f53\u9a8c\uff0c\u800c\u4e0d\u7528\u62c5\u5fc3\u98df\u7269\u7c98\u5728\u70e4\u67b6\u4e0a\u3002.<\/p>\n<p><strong>\u643a\u5e26\u65b9\u4fbf\uff0c\u7528\u9014\u5e7f\u6cdb\uff1a<\/strong> \u8fd9\u6b3e\u8ff7\u4f60\u70e7\u70e4\u67b6\u5c0f\u5de7\u4fbf\u643a\uff0c\u662f\u5355\u4eba\u70f9\u996a\u7684\u6700\u4f73\u9009\u62e9\uff0c\u9002\u5408\u5bb6\u5ead\u548c\u5546\u4e1a\u4f7f\u7528\u3002.<\/p>\n<p><strong>\u6613\u4e8e\u6e05\u6d01\uff1a<\/strong> \u8fd9\u6b3e\u8ff7\u4f60\u70e7\u70e4\u67b6\u91c7\u7528\u5206\u4f53\u5f0f\u8bbe\u8ba1\uff0c\u70e4\u76d8\u3001\u71c3\u6599\u7bb1\u548c\u5e95\u5ea7\u5747\u53ef\u62c6\u5378\uff0c\u4f7f\u7528\u540e\u6e05\u6d01\u548c\u5b58\u653e\u90fd\u975e\u5e38\u65b9\u4fbf\u3002.<\/p>\n<p><strong>\u53cc\u9762\u628a\u624b\uff1a<\/strong> \u8fd9\u6b3e\u8ff7\u4f60\u70e7\u70e4\u67b6\u914d\u6709\u53cc\u9762\u628a\u624b\uff0c\u4fbf\u4e8e\u643a\u5e26\u548c\u64cd\u4f5c\uff0c\u907f\u514d\u76f4\u63a5\u63a5\u89e6\u9ad8\u6e29\u533a\u57df\uff0c\u5728\u4f7f\u7528\u8fc7\u7a0b\u4e2d\u63d0\u4f9b\u66f4\u5b89\u5168\u7684\u64cd\u4f5c\u65b9\u6cd5\u3002.<\/p>\n<p><strong>\u6563\u88c5\u70e7\u70e4\u7089\u4f9b\u5e94\uff1a<\/strong> Purecook \u63d0\u4f9b\u6279\u91cf\u751f\u4ea7\u7684\u70e7\u70e4\u7089\uff0c\u5de5\u5382\u62a5\u4ef7\u6781\u5177\u7ade\u4e89\u529b\uff0c\u53ef\u6ee1\u8db3\u5927\u578b\u6d3b\u52a8\u3001\u96f6\u552e\u5206\u9500\u548c\u6279\u53d1\u5e02\u573a\u7684\u9700\u6c42\u3002.<\/p>","protected":false},"featured_media":4209,"comment_status":"open","ping_status":"closed","template":"","meta":{"_acf_changed":false},"product_brand":[],"product_cat":[27,109],"product_tag":[97,98,96],"class_list":{"0":"post-843","1":"product","2":"type-product","3":"status-publish","4":"has-post-thumbnail","6":"product_cat-bakeware","7":"product_cat-mini-bbq-grill","8":"product_tag-wholesale-commercial-cookware","9":"product_tag-wholesale-home-cookware","10":"product_tag-wholesale-outdoor-cookware","12":"first","13":"instock","14":"shipping-taxable","15":"product-type-simple"},"acf":[],"_links":{"self":[{"href":"https:\/\/www.purecook.com\/zh\/wp-json\/wp\/v2\/product\/843","targetHints":{"allow":["GET"]}}],"collection":[{"href":"https:\/\/www.purecook.com\/zh\/wp-json\/wp\/v2\/product"}],"about":[{"href":"https:\/\/www.purecook.com\/zh\/wp-json\/wp\/v2\/types\/product"}],"replies":[{"embeddable":true,"href":"https:\/\/www.purecook.com\/zh\/wp-json\/wp\/v2\/comments?post=843"}],"wp:featuredmedia":[{"embeddable":true,"href":"https:\/\/www.purecook.com\/zh\/wp-json\/wp\/v2\/media\/4209"}],"wp:attachment":[{"href":"https:\/\/www.purecook.com\/zh\/wp-json\/wp\/v2\/media?parent=843"}],"wp:term":[{"taxonomy":"product_brand","embeddable":true,"href":"https:\/\/www.purecook.com\/zh\/wp-json\/wp\/v2\/product_brand?post=843"},{"taxonomy":"product_cat","embeddable":true,"href":"https:\/\/www.purecook.com\/zh\/wp-json\/wp\/v2\/product_cat?post=843"},{"taxonomy":"product_tag","embeddable":true,"href":"https:\/\/www.purecook.com\/zh\/wp-json\/wp\/v2\/product_tag?post=843"}],"curies":[{"name":"wp","href":"https:\/\/api.w.org\/{rel}","templated":true}]}}